{"id":63,"date":"2014-01-05T00:08:15","date_gmt":"2014-01-04T23:08:15","guid":{"rendered":"https:\/\/villaheidetuin.eu\/?page_id=63"},"modified":"2025-12-16T17:06:01","modified_gmt":"2025-12-16T15:06:01","slug":"bonne-nourriture-et-boisson-dans-un-bel-environnement","status":"publish","type":"page","link":"https:\/\/villaheidetuin.eu\/fr\/lekker-eten-en-drinken-in-mooie-omgeving\/","title":{"rendered":"Bon repas et bonnes boissons"},"content":{"rendered":"<section class=\"bde-section-63-100 bde-section\">\n  \n  \n\t\n\n\n\n<div class=\"section-container\"><img decoding=\"async\" class=\"bde-image2-63-103 bde-image2\" src=\"https:\/\/villaheidetuin.eu\/wp-content\/uploads\/2020\/10\/villaheidetuin_food-14.jpg\" loading=\"lazy\" srcset=\"https:\/\/villaheidetuin.eu\/wp-content\/uploads\/2020\/10\/villaheidetuin_food-14.jpg 1200w, https:\/\/villaheidetuin.eu\/wp-content\/uploads\/2020\/10\/villaheidetuin_food-14-400x266.jpg 400w, https:\/\/villaheidetuin.eu\/wp-content\/uploads\/2020\/10\/villaheidetuin_food-14-1024x681.jpg 1024w, https:\/\/villaheidetuin.eu\/wp-content\/uploads\/2020\/10\/villaheidetuin_food-14-768x511.jpg 768w, https:\/\/villaheidetuin.eu\/wp-content\/uploads\/2020\/10\/villaheidetuin_food-14-600x400.jpg 600w\" sizes=\"(max-width: 1200px) 100vw, 1200px\"><div class=\"bde-gallery-63-102 bde-gallery\">\n\n\n  \n\n\n\n\n\n\n\n\n\n\n<div class=\"ee-gallery ee-gallery--default ee-gallery--grid ee-gallery--single ee-gallery--lightbox ee-gallery-- ee-gallery--caption- ee-gallery--caption-none ee-gallery--ratio\">\n                  \n      <a class=\"ee-gallery-item ee-gallery-item--image ee-gallery-item--single\" href=\"https:\/\/villaheidetuin.eu\/wp-content\/uploads\/2024\/02\/20180607-_DSC6254.jpg\"  data-sub-html=\"<span><\/span>\" data-category=\"1\"                  data-lg-size=\"2362-1476\"\n\n      >\n        <figure class=\"ee-gallery-item-figure\">\n                        <img loading=\"lazy\" decoding=\"async\" class=\"breakdance-image-object\" src=\"https:\/\/villaheidetuin.eu\/wp-content\/uploads\/2024\/02\/20180607-_DSC6254-1024x640.jpg\" width=\"1024\" height=\"640\" srcset=\"https:\/\/villaheidetuin.eu\/wp-content\/uploads\/2024\/02\/20180607-_DSC6254.jpg 2362w, https:\/\/villaheidetuin.eu\/wp-content\/uploads\/2024\/02\/20180607-_DSC6254-400x250.jpg 400w, https:\/\/villaheidetuin.eu\/wp-content\/uploads\/2024\/02\/20180607-_DSC6254-1024x640.jpg 1024w, https:\/\/villaheidetuin.eu\/wp-content\/uploads\/2024\/02\/20180607-_DSC6254-768x480.jpg 768w, https:\/\/villaheidetuin.eu\/wp-content\/uploads\/2024\/02\/20180607-_DSC6254-1536x960.jpg 1536w, https:\/\/villaheidetuin.eu\/wp-content\/uploads\/2024\/02\/20180607-_DSC6254-2048x1280.jpg 2048w\" sizes=\"auto, (max-width: 2362px) 100vw, 2362px\">\n          \n                  <\/figure>\n      <\/a>\n\n                \n      <a class=\"ee-gallery-item ee-gallery-item--image ee-gallery-item--single\" href=\"https:\/\/villaheidetuin.eu\/wp-content\/uploads\/2015\/11\/20151123-.jpg\"  data-sub-html=\"<span><\/span>\" data-category=\"1\"                  data-lg-size=\"1200-791\"\n\n      >\n        <figure class=\"ee-gallery-item-figure\">\n                        <img loading=\"lazy\" decoding=\"async\" class=\"breakdance-image-object\" src=\"https:\/\/villaheidetuin.eu\/wp-content\/uploads\/2015\/11\/20151123--1024x675.jpg\" width=\"1024\" height=\"675\" srcset=\"https:\/\/villaheidetuin.eu\/wp-content\/uploads\/2015\/11\/20151123-.jpg 1200w, https:\/\/villaheidetuin.eu\/wp-content\/uploads\/2015\/11\/20151123--400x264.jpg 400w, https:\/\/villaheidetuin.eu\/wp-content\/uploads\/2015\/11\/20151123--1024x675.jpg 1024w, https:\/\/villaheidetuin.eu\/wp-content\/uploads\/2015\/11\/20151123--768x506.jpg 768w\" sizes=\"auto, (max-width: 1200px) 100vw, 1200px\">\n          \n                  <\/figure>\n      <\/a>\n\n                \n      <a class=\"ee-gallery-item ee-gallery-item--image ee-gallery-item--single\" href=\"https:\/\/villaheidetuin.eu\/wp-content\/uploads\/2020\/10\/villaheidetuin_food-27.jpg\"  data-sub-html=\"<span><\/span>\" data-category=\"1\"                  data-lg-size=\"1200-798\"\n\n      >\n        <figure class=\"ee-gallery-item-figure\">\n                        <img loading=\"lazy\" decoding=\"async\" class=\"breakdance-image-object\" src=\"https:\/\/villaheidetuin.eu\/wp-content\/uploads\/2020\/10\/villaheidetuin_food-27-1024x681.jpg\" width=\"1024\" height=\"681\" srcset=\"https:\/\/villaheidetuin.eu\/wp-content\/uploads\/2020\/10\/villaheidetuin_food-27.jpg 1200w, https:\/\/villaheidetuin.eu\/wp-content\/uploads\/2020\/10\/villaheidetuin_food-27-400x266.jpg 400w, https:\/\/villaheidetuin.eu\/wp-content\/uploads\/2020\/10\/villaheidetuin_food-27-1024x681.jpg 1024w, https:\/\/villaheidetuin.eu\/wp-content\/uploads\/2020\/10\/villaheidetuin_food-27-768x511.jpg 768w, https:\/\/villaheidetuin.eu\/wp-content\/uploads\/2020\/10\/villaheidetuin_food-27-600x400.jpg 600w\" sizes=\"auto, (max-width: 1200px) 100vw, 1200px\">\n          \n                  <\/figure>\n      <\/a>\n\n      \n  <\/div>\n\n\n\n<\/div><div class=\"bde-rich-text-63-101 bde-rich-text breakdance-rich-text-styles\">\n<p>Pur et honn\u00eate : c'est ce que repr\u00e9sente Villa Heidetuin.<\/p>\n<p>\u00a0<\/p>\n<p>Le matin d\u00e9licieusement <a href=\"https:\/\/villaheidetuin.eu\/fr\/petit-dejeuner-a-la-carte\/\">petit-d\u00e9jeuner<\/a>.<\/p>\n<p>Au cours de la journ\u00e9e, le meilleur caf\u00e9 de la r\u00e9gion avec nos d\u00e9licieuses p\u00e2tisseries.<\/p>\n<p>Une surprise <a href=\"https:\/\/villaheidetuin.eu\/fr\/daghoreca\/dejeuner\/\">carte du d\u00e9jeuner<\/a> avec autant de produits de la r\u00e9gion que possible.<\/p>\n<p>Toujours frais, de haute qualit\u00e9 et surtout : particuli\u00e8rement savoureux !<\/p>\n<p>Reconnus pour notre luxe <a href=\"https:\/\/villaheidetuin.eu\/fr\/daghoreca\/gouter\/\">go\u00fbter<\/a> fr <a href=\"https:\/\/villaheidetuin.eu\/fr\/apero-et-fetes\/fete-prenatale\/\">douches de b\u00e9b\u00e9<\/a>.<\/p>\n<p>Plus tard dans l'apr\u00e8s-midi, nous servons des plateaux de fromages, diverses sortes de charcuterie et de jambon de luxe, des olives et d'autres amuse-gueules avec un verre de vin ou une autre boisson.<\/p>\n<p>D\u00eener ? Nous proposons sur r\u00e9servation notre restaurant en d\u00eener priv\u00e9 exclusif (\u00e0 partir de 8 personnes, d\u00eener \u00e0 trois plats \u00e0 partir de 52,50 \u20ac par personne). Plus d'informations :<a href=\"https:\/\/villaheidetuin.eu\/fr\/diner-prive\/\">Salle \u00e0 manger priv\u00e9e<\/a><\/p>\n<p>Pour plus d'informations ou pour r\u00e9server, veuillez appeler le num\u00e9ro de t\u00e9l\u00e9phone : <a href=\"http:\/\/tel+31(0)619117004\" data-wplink-url-error=\"true\">+31(0)619117004<\/a> si vous pouvez\u00a0<a title=\"Contact\" href=\"https:\/\/villaheidetuin.eu\/fr\/bienvenue\/contact-2\/\">hier contact<\/a> contactez-nous.<\/p>\n<figure class=\"wp-block-gallery has-nested-images columns-default is-cropped wp-block-gallery-1 is-layout-flex wp-block-gallery-is-layout-flex\">\n<figure class=\"wp-block-image\"><\/figure>\n<figure class=\"wp-block-image\"><\/figure>\n<\/figure>\n<\/div><\/div>\n<\/section>","protected":false},"excerpt":{"rendered":"<p>Puur en eerlijk: dat is waar Villa Heidetuin voor staat. \u00a0 In de ochtend heerlijk ontbijten. Gedurende de dag de lekkerste koffie van de regio met ons overheerlijke taarten. Een verrassende lunchkaart met zoveel mogelijk producten uit de streek. Altijd vers, van hoogstaande kwaliteit en vooral: bijzonder lekker! Bekend om onze luxe high tea en [&hellip;]<\/p>\n","protected":false},"author":1,"featured_media":0,"parent":0,"menu_order":0,"comment_status":"open","ping_status":"closed","template":"","meta":{"_breakdance_hide_in_design_set":false,"_breakdance_tags":"","footnotes":""},"categories":[33],"tags":[],"class_list":["post-63","page","type-page","status-publish","hentry","category-eten-drinken"],"_links":{"self":[{"href":"https:\/\/villaheidetuin.eu\/fr\/wp-json\/wp\/v2\/pages\/63","targetHints":{"allow":["GET"]}}],"collection":[{"href":"https:\/\/villaheidetuin.eu\/fr\/wp-json\/wp\/v2\/pages"}],"about":[{"href":"https:\/\/villaheidetuin.eu\/fr\/wp-json\/wp\/v2\/types\/page"}],"author":[{"embeddable":true,"href":"https:\/\/villaheidetuin.eu\/fr\/wp-json\/wp\/v2\/users\/1"}],"replies":[{"embeddable":true,"href":"https:\/\/villaheidetuin.eu\/fr\/wp-json\/wp\/v2\/comments?post=63"}],"version-history":[{"count":9,"href":"https:\/\/villaheidetuin.eu\/fr\/wp-json\/wp\/v2\/pages\/63\/revisions"}],"predecessor-version":[{"id":183509,"href":"https:\/\/villaheidetuin.eu\/fr\/wp-json\/wp\/v2\/pages\/63\/revisions\/183509"}],"wp:attachment":[{"href":"https:\/\/villaheidetuin.eu\/fr\/wp-json\/wp\/v2\/media?parent=63"}],"wp:term":[{"taxonomy":"category","embeddable":true,"href":"https:\/\/villaheidetuin.eu\/fr\/wp-json\/wp\/v2\/categories?post=63"},{"taxonomy":"post_tag","embeddable":true,"href":"https:\/\/villaheidetuin.eu\/fr\/wp-json\/wp\/v2\/tags?post=63"}],"curies":[{"name":"wp","href":"https:\/\/api.w.org\/{rel}","templated":true}]}}