{"id":5138,"date":"2019-07-23T12:14:57","date_gmt":"2019-07-23T10:14:57","guid":{"rendered":"https:\/\/villaheidetuin.eu\/?page_id=5138"},"modified":"2024-06-19T16:37:56","modified_gmt":"2024-06-19T14:37:56","slug":"anniversaire","status":"publish","type":"page","link":"https:\/\/villaheidetuin.eu\/fr\/verjaardag\/","title":{"rendered":"Anniversaire, anniversaire de mariage ou baby shower ?"},"content":{"rendered":"<section class=\"bde-section-5138-100 bde-section\">\n  \n  \n\t\n\n\n\n<div class=\"section-container\"><div class=\"bde-text-5138-101 bde-text\">\nF\u00eatez sans souci ?<br><br>Cela est possible chez nous.<br><br>Au pr\u00e9alable, nous discuterons de toutes les possibilit\u00e9s avec vous et nous assurerons que vous et vos invit\u00e9s ayez une f\u00eate inoubliable. Ceci est toujours sur r\u00e9servation et peut donc avoir lieu apr\u00e8s notre heure de fermeture normale de 17h00.\n<\/div><\/div>\n<\/section>","protected":false},"excerpt":{"rendered":"<p>Je feest vieren zonder zorgen?Dat kan bij ons.Vooraf spreken we alle mogelijkheden met jullie door en zorgen ervoor dat zowel jullie als jullie gasten een onvergetelijk feestje hebben. Dit is altijd op reservering en kan dus ook na onze reguliere sluitingstijd van 17:00 uur.<\/p>","protected":false},"author":1,"featured_media":0,"parent":0,"menu_order":0,"comment_status":"closed","ping_status":"closed","template":"","meta":{"_breakdance_hide_in_design_set":false,"_breakdance_tags":"","footnotes":""},"categories":[],"tags":[],"class_list":["post-5138","page","type-page","status-publish","hentry"],"_links":{"self":[{"href":"https:\/\/villaheidetuin.eu\/fr\/wp-json\/wp\/v2\/pages\/5138","targetHints":{"allow":["GET"]}}],"collection":[{"href":"https:\/\/villaheidetuin.eu\/fr\/wp-json\/wp\/v2\/pages"}],"about":[{"href":"https:\/\/villaheidetuin.eu\/fr\/wp-json\/wp\/v2\/types\/page"}],"author":[{"embeddable":true,"href":"https:\/\/villaheidetuin.eu\/fr\/wp-json\/wp\/v2\/users\/1"}],"replies":[{"embeddable":true,"href":"https:\/\/villaheidetuin.eu\/fr\/wp-json\/wp\/v2\/comments?post=5138"}],"version-history":[{"count":2,"href":"https:\/\/villaheidetuin.eu\/fr\/wp-json\/wp\/v2\/pages\/5138\/revisions"}],"predecessor-version":[{"id":182538,"href":"https:\/\/villaheidetuin.eu\/fr\/wp-json\/wp\/v2\/pages\/5138\/revisions\/182538"}],"wp:attachment":[{"href":"https:\/\/villaheidetuin.eu\/fr\/wp-json\/wp\/v2\/media?parent=5138"}],"wp:term":[{"taxonomy":"category","embeddable":true,"href":"https:\/\/villaheidetuin.eu\/fr\/wp-json\/wp\/v2\/categories?post=5138"},{"taxonomy":"post_tag","embeddable":true,"href":"https:\/\/villaheidetuin.eu\/fr\/wp-json\/wp\/v2\/tags?post=5138"}],"curies":[{"name":"wp","href":"https:\/\/api.w.org\/{rel}","templated":true}]}}