{"id":5132,"date":"2019-07-23T10:45:17","date_gmt":"2019-07-23T08:45:17","guid":{"rendered":"https:\/\/villaheidetuin.eu\/?page_id=5132"},"modified":"2025-12-20T22:56:16","modified_gmt":"2025-12-20T20:56:16","slug":"epouser","status":"publish","type":"page","link":"https:\/\/villaheidetuin.eu\/fr\/trouwen\/","title":{"rendered":"Se marier"},"content":{"rendered":"<section class=\"bde-section-5132-100 bde-section\">\n  \n  \n\t\n\n\n\n<div class=\"section-container\"><div class=\"bde-rich-text-5132-101 bde-rich-text breakdance-rich-text-styles\">\n<figure class=\"wp-block-gallery has-nested-images columns-default is-cropped wp-block-gallery-1 is-layout-flex wp-block-gallery-is-layout-flex\">\n<figure class=\"wp-block-image size-large\"><img loading=\"lazy\" decoding=\"async\" class=\"wp-image-5574\" src=\"https:\/\/villaheidetuin.eu\/wp-content\/uploads\/2019\/08\/trouwlocatie-2-1024x681.jpg\" sizes=\"auto, (max-width: 1024px) 100vw, 1024px\" srcset=\"https:\/\/villaheidetuin.eu\/wp-content\/uploads\/2019\/08\/trouwlocatie-2-1024x681.jpg 1024w, https:\/\/villaheidetuin.eu\/wp-content\/uploads\/2019\/08\/trouwlocatie-2-300x200.jpg 300w, https:\/\/villaheidetuin.eu\/wp-content\/uploads\/2019\/08\/trouwlocatie-2-768x511.jpg 768w, https:\/\/villaheidetuin.eu\/wp-content\/uploads\/2019\/08\/trouwlocatie-2-600x400.jpg 600w, https:\/\/villaheidetuin.eu\/wp-content\/uploads\/2019\/08\/trouwlocatie-2-1320x878.jpg 1320w, https:\/\/villaheidetuin.eu\/wp-content\/uploads\/2019\/08\/trouwlocatie-2-770x512.jpg 770w, https:\/\/villaheidetuin.eu\/wp-content\/uploads\/2019\/08\/trouwlocatie-2-1540x1025.jpg 1540w, https:\/\/villaheidetuin.eu\/wp-content\/uploads\/2019\/08\/trouwlocatie-2-370x246.jpg 370w, https:\/\/villaheidetuin.eu\/wp-content\/uploads\/2019\/08\/trouwlocatie-2-740x492.jpg 740w, https:\/\/villaheidetuin.eu\/wp-content\/uploads\/2019\/08\/trouwlocatie-2.jpg 2000w\" alt=\"\" width=\"1024\" height=\"681\" data-id=\"5574\" \/><\/figure>\n<figure class=\"wp-block-image size-large\"><img loading=\"lazy\" decoding=\"async\" class=\"wp-image-5572\" src=\"https:\/\/villaheidetuin.eu\/wp-content\/uploads\/2019\/08\/trouwlocatie-3-1024x681.jpg\" sizes=\"auto, (max-width: 1024px) 100vw, 1024px\" srcset=\"https:\/\/villaheidetuin.eu\/wp-content\/uploads\/2019\/08\/trouwlocatie-3-1024x681.jpg 1024w, https:\/\/villaheidetuin.eu\/wp-content\/uploads\/2019\/08\/trouwlocatie-3-300x200.jpg 300w, https:\/\/villaheidetuin.eu\/wp-content\/uploads\/2019\/08\/trouwlocatie-3-768x511.jpg 768w, https:\/\/villaheidetuin.eu\/wp-content\/uploads\/2019\/08\/trouwlocatie-3-600x400.jpg 600w, https:\/\/villaheidetuin.eu\/wp-content\/uploads\/2019\/08\/trouwlocatie-3-1320x878.jpg 1320w, https:\/\/villaheidetuin.eu\/wp-content\/uploads\/2019\/08\/trouwlocatie-3-770x512.jpg 770w, https:\/\/villaheidetuin.eu\/wp-content\/uploads\/2019\/08\/trouwlocatie-3-1540x1025.jpg 1540w, https:\/\/villaheidetuin.eu\/wp-content\/uploads\/2019\/08\/trouwlocatie-3-370x246.jpg 370w, https:\/\/villaheidetuin.eu\/wp-content\/uploads\/2019\/08\/trouwlocatie-3-740x492.jpg 740w, https:\/\/villaheidetuin.eu\/wp-content\/uploads\/2019\/08\/trouwlocatie-3.jpg 2000w\" alt=\"\" width=\"1024\" height=\"681\" data-id=\"5572\" \/><\/figure>\n<figure class=\"wp-block-image size-large\"><img loading=\"lazy\" decoding=\"async\" class=\"wp-image-5570\" src=\"https:\/\/villaheidetuin.eu\/wp-content\/uploads\/2019\/08\/trouwlocatie-6-1024x681.jpg\" sizes=\"auto, (max-width: 1024px) 100vw, 1024px\" srcset=\"https:\/\/villaheidetuin.eu\/wp-content\/uploads\/2019\/08\/trouwlocatie-6-1024x681.jpg 1024w, https:\/\/villaheidetuin.eu\/wp-content\/uploads\/2019\/08\/trouwlocatie-6-300x200.jpg 300w, https:\/\/villaheidetuin.eu\/wp-content\/uploads\/2019\/08\/trouwlocatie-6-768x511.jpg 768w, https:\/\/villaheidetuin.eu\/wp-content\/uploads\/2019\/08\/trouwlocatie-6-600x400.jpg 600w, https:\/\/villaheidetuin.eu\/wp-content\/uploads\/2019\/08\/trouwlocatie-6-1320x878.jpg 1320w, https:\/\/villaheidetuin.eu\/wp-content\/uploads\/2019\/08\/trouwlocatie-6-770x512.jpg 770w, https:\/\/villaheidetuin.eu\/wp-content\/uploads\/2019\/08\/trouwlocatie-6-1540x1025.jpg 1540w, https:\/\/villaheidetuin.eu\/wp-content\/uploads\/2019\/08\/trouwlocatie-6-370x246.jpg 370w, https:\/\/villaheidetuin.eu\/wp-content\/uploads\/2019\/08\/trouwlocatie-6-740x492.jpg 740w, https:\/\/villaheidetuin.eu\/wp-content\/uploads\/2019\/08\/trouwlocatie-6.jpg 2000w\" alt=\"\" width=\"1024\" height=\"681\" data-id=\"5570\" \/><\/figure>\n<figure class=\"wp-block-image size-large\"><img loading=\"lazy\" decoding=\"async\" class=\"wp-image-5568\" src=\"https:\/\/villaheidetuin.eu\/wp-content\/uploads\/2019\/08\/trouwlocatie-8-1024x681.jpg\" sizes=\"auto, (max-width: 1024px) 100vw, 1024px\" srcset=\"https:\/\/villaheidetuin.eu\/wp-content\/uploads\/2019\/08\/trouwlocatie-8-1024x681.jpg 1024w, https:\/\/villaheidetuin.eu\/wp-content\/uploads\/2019\/08\/trouwlocatie-8-300x200.jpg 300w, https:\/\/villaheidetuin.eu\/wp-content\/uploads\/2019\/08\/trouwlocatie-8-768x511.jpg 768w, https:\/\/villaheidetuin.eu\/wp-content\/uploads\/2019\/08\/trouwlocatie-8-600x400.jpg 600w, https:\/\/villaheidetuin.eu\/wp-content\/uploads\/2019\/08\/trouwlocatie-8-1320x878.jpg 1320w, https:\/\/villaheidetuin.eu\/wp-content\/uploads\/2019\/08\/trouwlocatie-8-770x512.jpg 770w, https:\/\/villaheidetuin.eu\/wp-content\/uploads\/2019\/08\/trouwlocatie-8-1540x1025.jpg 1540w, https:\/\/villaheidetuin.eu\/wp-content\/uploads\/2019\/08\/trouwlocatie-8-370x246.jpg 370w, https:\/\/villaheidetuin.eu\/wp-content\/uploads\/2019\/08\/trouwlocatie-8-740x492.jpg 740w, https:\/\/villaheidetuin.eu\/wp-content\/uploads\/2019\/08\/trouwlocatie-8.jpg 2000w\" alt=\"\" width=\"1024\" height=\"681\" data-id=\"5568\" \/><\/figure>\n<figure class=\"wp-block-image size-large\"><img loading=\"lazy\" decoding=\"async\" class=\"wp-image-5567\" src=\"https:\/\/villaheidetuin.eu\/wp-content\/uploads\/2019\/08\/trouwlocatie-7-1024x681.jpg\" sizes=\"auto, (max-width: 1024px) 100vw, 1024px\" srcset=\"https:\/\/villaheidetuin.eu\/wp-content\/uploads\/2019\/08\/trouwlocatie-7-1024x681.jpg 1024w, https:\/\/villaheidetuin.eu\/wp-content\/uploads\/2019\/08\/trouwlocatie-7-300x200.jpg 300w, https:\/\/villaheidetuin.eu\/wp-content\/uploads\/2019\/08\/trouwlocatie-7-768x511.jpg 768w, https:\/\/villaheidetuin.eu\/wp-content\/uploads\/2019\/08\/trouwlocatie-7-600x400.jpg 600w, https:\/\/villaheidetuin.eu\/wp-content\/uploads\/2019\/08\/trouwlocatie-7-1320x878.jpg 1320w, https:\/\/villaheidetuin.eu\/wp-content\/uploads\/2019\/08\/trouwlocatie-7-770x512.jpg 770w, https:\/\/villaheidetuin.eu\/wp-content\/uploads\/2019\/08\/trouwlocatie-7-1540x1025.jpg 1540w, https:\/\/villaheidetuin.eu\/wp-content\/uploads\/2019\/08\/trouwlocatie-7-370x246.jpg 370w, https:\/\/villaheidetuin.eu\/wp-content\/uploads\/2019\/08\/trouwlocatie-7-740x492.jpg 740w, https:\/\/villaheidetuin.eu\/wp-content\/uploads\/2019\/08\/trouwlocatie-7.jpg 2000w\" alt=\"\" width=\"1024\" height=\"681\" data-id=\"5567\" \/><\/figure>\n<figure class=\"wp-block-image size-large\"><img loading=\"lazy\" decoding=\"async\" class=\"wp-image-5565\" src=\"https:\/\/villaheidetuin.eu\/wp-content\/uploads\/2019\/08\/trouwlocatie-10-1024x681.jpg\" sizes=\"auto, (max-width: 1024px) 100vw, 1024px\" srcset=\"https:\/\/villaheidetuin.eu\/wp-content\/uploads\/2019\/08\/trouwlocatie-10-1024x681.jpg 1024w, https:\/\/villaheidetuin.eu\/wp-content\/uploads\/2019\/08\/trouwlocatie-10-300x200.jpg 300w, https:\/\/villaheidetuin.eu\/wp-content\/uploads\/2019\/08\/trouwlocatie-10-768x511.jpg 768w, https:\/\/villaheidetuin.eu\/wp-content\/uploads\/2019\/08\/trouwlocatie-10-600x400.jpg 600w, https:\/\/villaheidetuin.eu\/wp-content\/uploads\/2019\/08\/trouwlocatie-10-1320x878.jpg 1320w, https:\/\/villaheidetuin.eu\/wp-content\/uploads\/2019\/08\/trouwlocatie-10-770x512.jpg 770w, https:\/\/villaheidetuin.eu\/wp-content\/uploads\/2019\/08\/trouwlocatie-10-1540x1025.jpg 1540w, https:\/\/villaheidetuin.eu\/wp-content\/uploads\/2019\/08\/trouwlocatie-10-370x246.jpg 370w, https:\/\/villaheidetuin.eu\/wp-content\/uploads\/2019\/08\/trouwlocatie-10-740x492.jpg 740w, https:\/\/villaheidetuin.eu\/wp-content\/uploads\/2019\/08\/trouwlocatie-10.jpg 2000w\" alt=\"\" width=\"1024\" height=\"681\" data-id=\"5565\" \/><\/figure>\n<figure class=\"wp-block-image size-large\"><img loading=\"lazy\" decoding=\"async\" class=\"wp-image-5557\" src=\"https:\/\/villaheidetuin.eu\/wp-content\/uploads\/2019\/08\/trouwlocatie-18-1024x681.jpg\" sizes=\"auto, (max-width: 1024px) 100vw, 1024px\" srcset=\"https:\/\/villaheidetuin.eu\/wp-content\/uploads\/2019\/08\/trouwlocatie-18-1024x681.jpg 1024w, https:\/\/villaheidetuin.eu\/wp-content\/uploads\/2019\/08\/trouwlocatie-18-300x200.jpg 300w, https:\/\/villaheidetuin.eu\/wp-content\/uploads\/2019\/08\/trouwlocatie-18-768x511.jpg 768w, https:\/\/villaheidetuin.eu\/wp-content\/uploads\/2019\/08\/trouwlocatie-18-600x400.jpg 600w, https:\/\/villaheidetuin.eu\/wp-content\/uploads\/2019\/08\/trouwlocatie-18-1320x878.jpg 1320w, https:\/\/villaheidetuin.eu\/wp-content\/uploads\/2019\/08\/trouwlocatie-18-770x512.jpg 770w, https:\/\/villaheidetuin.eu\/wp-content\/uploads\/2019\/08\/trouwlocatie-18-1540x1025.jpg 1540w, https:\/\/villaheidetuin.eu\/wp-content\/uploads\/2019\/08\/trouwlocatie-18-370x246.jpg 370w, https:\/\/villaheidetuin.eu\/wp-content\/uploads\/2019\/08\/trouwlocatie-18-740x492.jpg 740w, https:\/\/villaheidetuin.eu\/wp-content\/uploads\/2019\/08\/trouwlocatie-18.jpg 2000w\" alt=\"\" width=\"1024\" height=\"681\" data-id=\"5557\" \/><\/figure>\n<figure class=\"wp-block-image size-large\"><img loading=\"lazy\" decoding=\"async\" class=\"wp-image-5561\" src=\"https:\/\/villaheidetuin.eu\/wp-content\/uploads\/2019\/08\/trouwlocatie-14-1024x681.jpg\" sizes=\"auto, (max-width: 1024px) 100vw, 1024px\" srcset=\"https:\/\/villaheidetuin.eu\/wp-content\/uploads\/2019\/08\/trouwlocatie-14-1024x681.jpg 1024w, https:\/\/villaheidetuin.eu\/wp-content\/uploads\/2019\/08\/trouwlocatie-14-300x200.jpg 300w, https:\/\/villaheidetuin.eu\/wp-content\/uploads\/2019\/08\/trouwlocatie-14-768x511.jpg 768w, https:\/\/villaheidetuin.eu\/wp-content\/uploads\/2019\/08\/trouwlocatie-14-600x400.jpg 600w, https:\/\/villaheidetuin.eu\/wp-content\/uploads\/2019\/08\/trouwlocatie-14-1320x878.jpg 1320w, https:\/\/villaheidetuin.eu\/wp-content\/uploads\/2019\/08\/trouwlocatie-14-770x512.jpg 770w, https:\/\/villaheidetuin.eu\/wp-content\/uploads\/2019\/08\/trouwlocatie-14-1540x1025.jpg 1540w, https:\/\/villaheidetuin.eu\/wp-content\/uploads\/2019\/08\/trouwlocatie-14-370x246.jpg 370w, https:\/\/villaheidetuin.eu\/wp-content\/uploads\/2019\/08\/trouwlocatie-14-740x492.jpg 740w, https:\/\/villaheidetuin.eu\/wp-content\/uploads\/2019\/08\/trouwlocatie-14.jpg 2000w\" alt=\"\" width=\"1024\" height=\"681\" data-id=\"5561\" \/><\/figure>\n<figure class=\"wp-block-image size-large\"><img loading=\"lazy\" decoding=\"async\" class=\"wp-image-5559\" src=\"https:\/\/villaheidetuin.eu\/wp-content\/uploads\/2019\/08\/trouwlocatie-16-1024x681.jpg\" sizes=\"auto, (max-width: 1024px) 100vw, 1024px\" srcset=\"https:\/\/villaheidetuin.eu\/wp-content\/uploads\/2019\/08\/trouwlocatie-16-1024x681.jpg 1024w, https:\/\/villaheidetuin.eu\/wp-content\/uploads\/2019\/08\/trouwlocatie-16-300x200.jpg 300w, https:\/\/villaheidetuin.eu\/wp-content\/uploads\/2019\/08\/trouwlocatie-16-768x511.jpg 768w, https:\/\/villaheidetuin.eu\/wp-content\/uploads\/2019\/08\/trouwlocatie-16-600x400.jpg 600w, https:\/\/villaheidetuin.eu\/wp-content\/uploads\/2019\/08\/trouwlocatie-16-1320x878.jpg 1320w, https:\/\/villaheidetuin.eu\/wp-content\/uploads\/2019\/08\/trouwlocatie-16-770x512.jpg 770w, https:\/\/villaheidetuin.eu\/wp-content\/uploads\/2019\/08\/trouwlocatie-16-1540x1025.jpg 1540w, https:\/\/villaheidetuin.eu\/wp-content\/uploads\/2019\/08\/trouwlocatie-16-370x246.jpg 370w, https:\/\/villaheidetuin.eu\/wp-content\/uploads\/2019\/08\/trouwlocatie-16-740x492.jpg 740w, https:\/\/villaheidetuin.eu\/wp-content\/uploads\/2019\/08\/trouwlocatie-16.jpg 2000w\" alt=\"\" width=\"1024\" height=\"681\" data-id=\"5559\" \/><\/figure>\n<figure class=\"wp-block-image size-large\"><img loading=\"lazy\" decoding=\"async\" class=\"wp-image-5564\" src=\"https:\/\/villaheidetuin.eu\/wp-content\/uploads\/2019\/08\/trouwlocatie-11-1024x681.jpg\" sizes=\"auto, (max-width: 1024px) 100vw, 1024px\" srcset=\"https:\/\/villaheidetuin.eu\/wp-content\/uploads\/2019\/08\/trouwlocatie-11-1024x681.jpg 1024w, https:\/\/villaheidetuin.eu\/wp-content\/uploads\/2019\/08\/trouwlocatie-11-300x200.jpg 300w, https:\/\/villaheidetuin.eu\/wp-content\/uploads\/2019\/08\/trouwlocatie-11-768x511.jpg 768w, https:\/\/villaheidetuin.eu\/wp-content\/uploads\/2019\/08\/trouwlocatie-11-600x400.jpg 600w, https:\/\/villaheidetuin.eu\/wp-content\/uploads\/2019\/08\/trouwlocatie-11-1320x878.jpg 1320w, https:\/\/villaheidetuin.eu\/wp-content\/uploads\/2019\/08\/trouwlocatie-11-770x512.jpg 770w, https:\/\/villaheidetuin.eu\/wp-content\/uploads\/2019\/08\/trouwlocatie-11-1540x1025.jpg 1540w, https:\/\/villaheidetuin.eu\/wp-content\/uploads\/2019\/08\/trouwlocatie-11-370x246.jpg 370w, https:\/\/villaheidetuin.eu\/wp-content\/uploads\/2019\/08\/trouwlocatie-11-740x492.jpg 740w, https:\/\/villaheidetuin.eu\/wp-content\/uploads\/2019\/08\/trouwlocatie-11.jpg 2000w\" alt=\"\" width=\"1024\" height=\"681\" data-id=\"5564\" \/><\/figure>\n<figure class=\"wp-block-image size-large\"><img loading=\"lazy\" decoding=\"async\" class=\"wp-image-5562\" src=\"https:\/\/villaheidetuin.eu\/wp-content\/uploads\/2019\/08\/trouwlocatie-13-1024x681.jpg\" sizes=\"auto, (max-width: 1024px) 100vw, 1024px\" srcset=\"https:\/\/villaheidetuin.eu\/wp-content\/uploads\/2019\/08\/trouwlocatie-13-1024x681.jpg 1024w, https:\/\/villaheidetuin.eu\/wp-content\/uploads\/2019\/08\/trouwlocatie-13-300x200.jpg 300w, https:\/\/villaheidetuin.eu\/wp-content\/uploads\/2019\/08\/trouwlocatie-13-768x511.jpg 768w, https:\/\/villaheidetuin.eu\/wp-content\/uploads\/2019\/08\/trouwlocatie-13-600x400.jpg 600w, https:\/\/villaheidetuin.eu\/wp-content\/uploads\/2019\/08\/trouwlocatie-13-1320x878.jpg 1320w, https:\/\/villaheidetuin.eu\/wp-content\/uploads\/2019\/08\/trouwlocatie-13-770x512.jpg 770w, https:\/\/villaheidetuin.eu\/wp-content\/uploads\/2019\/08\/trouwlocatie-13-1540x1025.jpg 1540w, https:\/\/villaheidetuin.eu\/wp-content\/uploads\/2019\/08\/trouwlocatie-13-370x246.jpg 370w, https:\/\/villaheidetuin.eu\/wp-content\/uploads\/2019\/08\/trouwlocatie-13-740x492.jpg 740w, https:\/\/villaheidetuin.eu\/wp-content\/uploads\/2019\/08\/trouwlocatie-13.jpg 2000w\" alt=\"\" width=\"1024\" height=\"681\" data-id=\"5562\" \/><\/figure>\n<figure class=\"wp-block-image size-large\"><img loading=\"lazy\" decoding=\"async\" class=\"wp-image-5560\" src=\"https:\/\/villaheidetuin.eu\/wp-content\/uploads\/2019\/08\/trouwlocatie-15-1024x681.jpg\" sizes=\"auto, (max-width: 1024px) 100vw, 1024px\" srcset=\"https:\/\/villaheidetuin.eu\/wp-content\/uploads\/2019\/08\/trouwlocatie-15-1024x681.jpg 1024w, https:\/\/villaheidetuin.eu\/wp-content\/uploads\/2019\/08\/trouwlocatie-15-300x200.jpg 300w, https:\/\/villaheidetuin.eu\/wp-content\/uploads\/2019\/08\/trouwlocatie-15-768x511.jpg 768w, https:\/\/villaheidetuin.eu\/wp-content\/uploads\/2019\/08\/trouwlocatie-15-600x400.jpg 600w, https:\/\/villaheidetuin.eu\/wp-content\/uploads\/2019\/08\/trouwlocatie-15-1320x878.jpg 1320w, https:\/\/villaheidetuin.eu\/wp-content\/uploads\/2019\/08\/trouwlocatie-15-770x512.jpg 770w, https:\/\/villaheidetuin.eu\/wp-content\/uploads\/2019\/08\/trouwlocatie-15-1540x1025.jpg 1540w, https:\/\/villaheidetuin.eu\/wp-content\/uploads\/2019\/08\/trouwlocatie-15-370x246.jpg 370w, https:\/\/villaheidetuin.eu\/wp-content\/uploads\/2019\/08\/trouwlocatie-15-740x492.jpg 740w, https:\/\/villaheidetuin.eu\/wp-content\/uploads\/2019\/08\/trouwlocatie-15.jpg 2000w\" alt=\"\" width=\"1024\" height=\"681\" data-id=\"5560\" \/><\/figure>\n<\/figure>\n<p>Villa Heidetuin \u2013 un lieu idyllique et intime avec une touche de France, nich\u00e9e \u00e0 l'or\u00e9e des bois et un magnifique domaine avec un grand jardin paysager\u2026<\/p>\n<p>Cr\u00e9ons de nouveaux souvenirs.\u00a0<\/p>\n<p>Nous esp\u00e9rons imaginer, organiserer et prendre en charge avec vous cette journ\u00e9e extraordinaire, dont vous vous souviendrez avec amour chaque ann\u00e9e. Dans une atmosph\u00e8re d\u00e9tendue, d'un petit-d\u00e9jeuner et accueil des invit\u00e9s, \u00e0 la c\u00e9r\u00e9monie, jusqu'aux bulles et petits g\u00e2teaux ; d\u00e9jeuner ; ap\u00e9ritif ; d\u00eener dans notre jardin ; fleurs color\u00e9es ; dentelle blanche ; lanternes et bougies dans les arbres jusqu'\u00e0 la tomb\u00e9e de la nuit... ... Avec beaucoup de fiert\u00e9, de passion, de plaisir et d'amour, nous sommes \u00e0 votre disposition jusqu'\u00e0 ce que nous vous accompagnions vers 23h00.\u00a0<\/p>\n<p>Pendant tout le parcours, du premier rendez-vous jusqu'au jour J, vous serez pris en charge par une petite \u00e9quipe qui examinera en d\u00e9tail vos souhaits personnels. Ainsi, vous profiterez pleinement de cette journ\u00e9e en toute d\u00e9tente, l'un avec l'autre, de tous les beaux moments et de vos invit\u00e9s.<\/p>\n<p>Nous proposons un salon intime, un jardin d'hiver avec vue sur le parc, une grande terrasse et des h\u00e9bergements pour jusqu'\u00e0 20 personnes. La joie de vivre fran\u00e7aise r\u00e9sonne partout ici. Dans le parc, vous trouverez de nombreux endroits magnifiques pour prendre des photos.<\/p>\n<p>C\u00e9l\u00e9brez l'amour chaque jour, il est trop beau pour en sauter un, ce jour que vous voudrez bien s\u00fbr vivre comme vous l'avez imagin\u00e9.<\/p>\n<p>Saviez-vous que nous sommes \u00e9galement un lieu de mariage officiellement reconnu.<\/p>\n<p>Comme tu veux que ce soit beau ?<\/p>\n<p><strong>Venez nous rendre visite pour d\u00e9couvrir notre lieu de mariage<\/strong> <strong>Venez discuter des possibilit\u00e9s.<\/strong><\/p>\n<p>Belle\u00a0<a href=\"tel:+630014202\" target=\"_blank\" rel=\"noreferrer noopener\">06 \u2013 300 142 02<\/a> Envoyez-nous un courriel pour prendre rendez-vous : <a href=\"mailto:welkom@villaheidetuin.nl\">welkom@villaheidetuin.nl<\/a><\/p>\n<\/div><\/div>\n<\/section>","protected":false},"excerpt":{"rendered":"<p>Villa Heidetuin \u2013 een idyllische intieme plek met een vleugje Frankrijk gelegen aan de rand van de bossen en een schitterend landgoed met een grote parkachtige tuin \u2026 Zullen we nieuwe herinneringen maken?\u00a0 Wij hopen samen met jullie deze geweldige dag te mogen bedenken; organiseren en verzorgen waar jullie elk jaar weer met liefde op [&hellip;]<\/p>\n","protected":false},"author":1,"featured_media":0,"parent":0,"menu_order":0,"comment_status":"closed","ping_status":"closed","template":"","meta":{"_breakdance_hide_in_design_set":false,"_breakdance_tags":"","footnotes":""},"categories":[],"tags":[],"class_list":["post-5132","page","type-page","status-publish","hentry"],"_links":{"self":[{"href":"https:\/\/villaheidetuin.eu\/fr\/wp-json\/wp\/v2\/pages\/5132","targetHints":{"allow":["GET"]}}],"collection":[{"href":"https:\/\/villaheidetuin.eu\/fr\/wp-json\/wp\/v2\/pages"}],"about":[{"href":"https:\/\/villaheidetuin.eu\/fr\/wp-json\/wp\/v2\/types\/page"}],"author":[{"embeddable":true,"href":"https:\/\/villaheidetuin.eu\/fr\/wp-json\/wp\/v2\/users\/1"}],"replies":[{"embeddable":true,"href":"https:\/\/villaheidetuin.eu\/fr\/wp-json\/wp\/v2\/comments?post=5132"}],"version-history":[{"count":4,"href":"https:\/\/villaheidetuin.eu\/fr\/wp-json\/wp\/v2\/pages\/5132\/revisions"}],"predecessor-version":[{"id":183664,"href":"https:\/\/villaheidetuin.eu\/fr\/wp-json\/wp\/v2\/pages\/5132\/revisions\/183664"}],"wp:attachment":[{"href":"https:\/\/villaheidetuin.eu\/fr\/wp-json\/wp\/v2\/media?parent=5132"}],"wp:term":[{"taxonomy":"category","embeddable":true,"href":"https:\/\/villaheidetuin.eu\/fr\/wp-json\/wp\/v2\/categories?post=5132"},{"taxonomy":"post_tag","embeddable":true,"href":"https:\/\/villaheidetuin.eu\/fr\/wp-json\/wp\/v2\/tags?post=5132"}],"curies":[{"name":"wp","href":"https:\/\/api.w.org\/{rel}","templated":true}]}}