{"id":5120,"date":"2019-07-23T10:27:19","date_gmt":"2019-07-23T08:27:19","guid":{"rendered":"https:\/\/villaheidetuin.eu\/?page_id=5120"},"modified":"2024-10-21T12:51:22","modified_gmt":"2024-10-21T10:51:22","slug":"durabilite","status":"publish","type":"page","link":"https:\/\/villaheidetuin.eu\/fr\/duurzaamheid\/","title":{"rendered":"Durabilit\u00e9"},"content":{"rendered":"<section class=\"bde-section-5120-100 bde-section\">\n  \n  \n\t\n\n\n\n<div class=\"section-container\"><h2 class=\"bde-heading-5120-101 bde-heading\">\nDurabilit\u00e9\n<\/h2><div class=\"bde-rich-text-5120-102 bde-rich-text breakdance-rich-text-styles\">\n<p><\/p>\n<p>Nous recyclons l\u00e0 o\u00f9 c'est possible, ainsi nos propres poules re\u00e7oivent entre autres les restes de la cuisine, nous trions le verre, le vert et le plastique. Lors de la r\u00e9novation de la villa et de la remise, nous avons optimis\u00e9 l'isolation et fait refaire toute la tuyauterie selon les normes les plus r\u00e9centes. Bien entendu avec du double vitrage partout.<\/p>\n<p> <\/p>\n<p>The Good Roll : Pour notre papier toilette comme pour notre papier essuie-tout, nous utilisons les produits de the <a href=\"https:\/\/www.thegoodroll.nl\/nl-nl\/\" target=\"_blank\" rel=\"noopener\">GoodRoll<\/a>.<\/p>\n<p> <\/p>\n<p>100% : papier hygi\u00e9nique respectueux des arbres et durable.\u00a0<\/p>\n<p> <\/p>\n<p>The Good Roll reverse 50 % de ses b\u00e9n\u00e9fices nets \u00e0 la construction de toilettes au Ghana. Ce produit est fabriqu\u00e9 \u00e0 partir de bambou europ\u00e9en et de papier recycl\u00e9, sans chlore, sans colorants ni parfums.<\/p>\n<p> <\/p>\n<p>De plus, nous travaillons en \u00e9troite collaboration avec <a href=\"https:\/\/www.ecotapwater.nl\/nieuws\/\" target=\"_blank\" rel=\"noopener\">EcoTap<\/a>, Eh bien, dites-le honn\u00eatement : les bouteilles en plastique d'eau min\u00e9rale ne sont plus d'actualit\u00e9, n'est-ce pas ? Et transporter de l'eau que l'on peut aussi tirer sur place est en fait un gaspillage, n'est-ce pas ? Transport inutile, CO<sub>2<\/sub>-\u00e9missions lors de la production, et les d\u00e9chets (errants) nuisent \u00e0 l'environnement.<\/p>\n<p> <\/p>\n<p>Les robinets EcoTapwater fonctionnent gr\u00e2ce \u00e0 un syst\u00e8me de filtration unique en 3 phases, qui transforme l'eau du robinet en eau de table de qualit\u00e9 min\u00e9rale. Apr\u00e8s filtration, l'eau est refroidie et transform\u00e9e en eau de table plate ou p\u00e9tillante d\u00e9licieusement rafra\u00eechissante via une \u2018 refroidisseuse-carbonatrice \u2019 sp\u00e9ciale, qui a un go\u00fbt au moins aussi bon que l'eau min\u00e9rale en bouteille.<\/p>\n<p> <\/p>\n<h3 class=\"wp-block-heading\"><strong>Pour chaque abonnement Ecotap, 36 000 litres d'eau vont \u00e0 <\/strong>Kenia<\/h3>\n<p> <\/p>\n<p>Aux Pays-Bas, l'eau du robinet est de tr\u00e8s bonne qualit\u00e9. Mais dans de nombreux pays, c'est tr\u00e8s diff\u00e9rent. L\u00e0-bas, on tombe malade si l'on boit l'eau du robinet.<\/p>\n<p> <\/p>\n<p>EcoTapwater et Villa Heidetuin estiment que chacun dans le monde a droit \u00e0 de l'eau potable propre.<\/p>\n<p> <\/p>\n<p>C'est pourquoi nous travaillons avec le\u00a0<a href=\"https:\/\/verkaartfoundation.com\/nl\/\" target=\"_blank\" rel=\"noopener\">\u00c9quipe de d\u00e9veloppement Verkaart (projet VDT)<\/a>. Ils accueillent les orphelines et les enfants albinos au Kenya et leur fournissent nourriture, boisson, v\u00eatements, \u00e9ducation et protection.<\/p>\n<p> <\/p>\n<p>Depuis 2016, nous donnons de nombreux litres d'eau potable propre au projet VDT. Pour chaque abonnement, 36 000 litres d'eau sont envoy\u00e9s au Kenya.<\/p>\n<p><\/p>\n<\/div><\/div>\n<\/section>","protected":false},"excerpt":{"rendered":"<p>Duurzaamheid We recyclen daar waar mogelijk, zo krijgen onze eigen kippen o.a. restjes uit de keuken, scheiden we glas, groen en plastic. Bij de renovatie van zowel de villa als het koetshuis hebben we optimaal ge\u00efsoleerd en al het leidingwerk naar de nieuwste normen aan laten leggen. Uiteraard met dubbel glas rondom. The Good Roll: [&hellip;]<\/p>\n","protected":false},"author":1,"featured_media":0,"parent":0,"menu_order":0,"comment_status":"closed","ping_status":"closed","template":"","meta":{"_breakdance_hide_in_design_set":false,"_breakdance_tags":"","footnotes":""},"categories":[33,14],"tags":[122,135,80,487,20],"class_list":["post-5120","page","type-page","status-publish","hentry","category-eten-drinken","category-villa-heidetuin","tag-bergen-op-zoom","tag-brabantse-wal","tag-eerlijk-genieten","tag-genieten","tag-villa-heidetuin-2"],"_links":{"self":[{"href":"https:\/\/villaheidetuin.eu\/fr\/wp-json\/wp\/v2\/pages\/5120","targetHints":{"allow":["GET"]}}],"collection":[{"href":"https:\/\/villaheidetuin.eu\/fr\/wp-json\/wp\/v2\/pages"}],"about":[{"href":"https:\/\/villaheidetuin.eu\/fr\/wp-json\/wp\/v2\/types\/page"}],"author":[{"embeddable":true,"href":"https:\/\/villaheidetuin.eu\/fr\/wp-json\/wp\/v2\/users\/1"}],"replies":[{"embeddable":true,"href":"https:\/\/villaheidetuin.eu\/fr\/wp-json\/wp\/v2\/comments?post=5120"}],"version-history":[{"count":4,"href":"https:\/\/villaheidetuin.eu\/fr\/wp-json\/wp\/v2\/pages\/5120\/revisions"}],"predecessor-version":[{"id":182858,"href":"https:\/\/villaheidetuin.eu\/fr\/wp-json\/wp\/v2\/pages\/5120\/revisions\/182858"}],"wp:attachment":[{"href":"https:\/\/villaheidetuin.eu\/fr\/wp-json\/wp\/v2\/media?parent=5120"}],"wp:term":[{"taxonomy":"category","embeddable":true,"href":"https:\/\/villaheidetuin.eu\/fr\/wp-json\/wp\/v2\/categories?post=5120"},{"taxonomy":"post_tag","embeddable":true,"href":"https:\/\/villaheidetuin.eu\/fr\/wp-json\/wp\/v2\/tags?post=5120"}],"curies":[{"name":"wp","href":"https:\/\/api.w.org\/{rel}","templated":true}]}}