{"id":466,"date":"2014-05-08T13:41:56","date_gmt":"2014-05-08T12:41:56","guid":{"rendered":"https:\/\/villaheidetuin.eu\/?page_id=466"},"modified":"2024-06-19T13:23:22","modified_gmt":"2024-06-19T11:23:22","slug":"politique-de-confidentialite-des-cookies","status":"publish","type":"page","link":"https:\/\/villaheidetuin.eu\/fr\/welkom\/cookie-privacy-beleid\/","title":{"rendered":"Politique de confidentialit\u00e9"},"content":{"rendered":"<section class=\"bde-section-466-100 bde-section\">\n  \n  \n\t\n\n\n\n<div class=\"section-container\"><h2 class=\"bde-heading-466-101 bde-heading\">\nPolitique de confidentialit\u00e9\n<\/h2><div class=\"bde-rich-text-466-102 bde-rich-text breakdance-rich-text-styles\">\n<p><\/p>\n<p>La politique de confidentialit\u00e9 et de cookies d\u00e9crite ici indique comment nous traitons toutes les informations potentiellement fournies et comment nous les s\u00e9curisons, le cas \u00e9ch\u00e9ant, lorsque vous visitez ce site web.<\/p>\n<p> <\/p>\n<p>Villa Heidetuin s'engage \u00e0 prot\u00e9ger votre vie priv\u00e9e. Dans la mesure o\u00f9 nous vous demandons des informations qui peuvent \u00eatre utilis\u00e9es pour vous identifier lors de l'utilisation de ce site web, vous pouvez \u00eatre assur\u00e9 que celles-ci ne seront utilis\u00e9es qu'en accord avec la politique de confidentialit\u00e9 d\u00e9crite ici.<\/p>\n<p> <\/p>\n<p>Villa Heidetuin peut modifier cette politique de temps \u00e0 autre. Par cons\u00e9quent, consultez cette page de temps \u00e0 autre pour la version la plus r\u00e9cente.<\/p>\n<p> <\/p>\n<h2 class=\"wp-block-heading\">D\u00e9claration de confidentialit\u00e9<\/h2>\n<p> <\/p>\n<p>Valable \u00e0 partir de janvier 2024<\/p>\n<p> <\/p>\n<p>Cette politique de confidentialit\u00e9 s'applique \u00e0 www.villaheidetuin.eu, d\u00e9tenue et exploit\u00e9e par Villa Heidetuin Bed and Breakfast. Cette politique de confidentialit\u00e9 d\u00e9crit comment nous collectons et utilisons les informations que vous fournissez sur notre site Web (www.villaheidetuin.eu). Elle d\u00e9crit \u00e9galement les options que vous avez concernant notre utilisation de vos informations personnelles et comment vous pouvez acc\u00e9der et mettre \u00e0 jour ces informations.<\/p>\n<p> <\/p>\n<h3 class=\"wp-block-heading\">Collecte de donn\u00e9es<\/h3>\n<p> <\/p>\n<p>Les cat\u00e9gories de donn\u00e9es personnelles que nous collectons incluent :<\/p>\n<p> <\/p>\n<ul class=\"wp-block-list\">\n<li>Votre pr\u00e9nom, nom, adresse \u00e9lectronique, num\u00e9ro de t\u00e9l\u00e9phone et adresse personnelle ;<\/li>\n \n<li>Informations de carte de cr\u00e9dit (type de carte, num\u00e9ro de carte de cr\u00e9dit, nom du titulaire de la carte, date d'expiration et code de s\u00e9curit\u00e9);<\/li>\n \n<li>Informations sur le s\u00e9jour du client, y compris la date d'arriv\u00e9e et de d\u00e9part, les demandes sp\u00e9ciales, les commentaires sur vos pr\u00e9f\u00e9rences de service (y compris les pr\u00e9f\u00e9rences de chambre, les installations ou les autres services utilis\u00e9s);<\/li>\n \n<li>Informations que vous fournissez concernant vos pr\u00e9f\u00e9rences marketing ou dans le cadre de votre participation \u00e0 des enqu\u00eates, concours ou promotions ;<\/li>\n<\/ul>\n<p> <\/p>\n<p>Vous pouvez toujours d\u00e9cider vous-m\u00eame quelles donn\u00e9es personnelles (le cas \u00e9ch\u00e9ant) vous souhaitez partager avec nous. Si vous choisissez de ne pas fournir certaines donn\u00e9es, cela peut avoir une incidence sur vos transactions avec nous.<\/p>\n<p> <\/p>\n<h3 class=\"wp-block-heading\">Donn\u00e9es que nous collectons automatiquement<\/h3>\n<p> <\/p>\n<p>Lors de l'utilisation de notre site web, nous collectons \u00e9galement automatiquement des donn\u00e9es, y compris des donn\u00e9es personnelles. Cela inclut des donn\u00e9es telles que les param\u00e8tres de langue, l'adresse IP, la localisation, les param\u00e8tres de l'appareil, le syst\u00e8me d'exploitation de l'appareil, les donn\u00e9es de journal, la dur\u00e9e d'utilisation, l'URL consult\u00e9e, le rapport d'\u00e9tat, l'agent utilisateur (informations sur la version du navigateur), le syst\u00e8me d'exploitation, le r\u00e9sultat (spectateur ou r\u00e9servataire), l'historique de recherche, l'ID de r\u00e9servation du r\u00e9servataire et le type de donn\u00e9es consult\u00e9es. Nous pouvons \u00e9galement collecter des donn\u00e9es automatiquement par le biais de cookies. Pour plus d'informations sur la mani\u00e8re dont nous utilisons les cookies, veuillez lire ci-dessous.<\/p>\n<p> <\/p>\n<h3 class=\"wp-block-heading\">Finalit\u00e9s de traitement<\/h3>\n<p> <\/p>\n<p>Nous utilisons vos donn\u00e9es personnelles aux fins suivantes :<\/p>\n<p> <\/p>\n<ul class=\"wp-block-list\">\n<li>R\u00e9servations : nous utilisons vos donn\u00e9es personnelles pour finaliser et traiter votre r\u00e9servation en ligne.<\/li>\n \n<li>Service client : nous utilisons vos donn\u00e9es personnelles pour fournir un service client.<\/li>\n \n<li>Avis clients : nous pouvons utiliser vos coordonn\u00e9es pour vous inviter par e-mail \u00e0 laisser un avis apr\u00e8s votre s\u00e9jour. Cela peut aider d'autres voyageurs \u00e0 choisir l'h\u00e9bergement qui leur convient le mieux. Si vous soumettez un avis client, il peut \u00eatre publi\u00e9 sur notre site Web.<\/li>\n \n<li>\u00c0 des fins de marketing : dans la mesure permise par la loi, nous utilisons \u00e9galement vos donn\u00e9es \u00e0 des fins de marketing. Lorsque nous utilisons vos donn\u00e9es personnelles \u00e0 des fins de marketing direct, telles que des bulletins d'information et des communications marketing concernant de nouveaux produits et services ou d'autres offres susceptibles de vous int\u00e9resser, vous trouverez \u00e9galement un lien de d\u00e9sinscription si vous ne souhaitez plus recevoir ces messages.<\/li>\n \n<li>Autres communications : il se peut que nous vous contactions par e-mail, courrier, t\u00e9l\u00e9phone ou SMS, en fonction des coordonn\u00e9es que vous nous communiquez. Cela peut se produire pour diff\u00e9rentes raisons :\n<ul class=\"wp-block-list\">\n<li>a. Il se peut que nous devions r\u00e9pondre \u00e0 et traiter les demandes que vous avez soumises.<br \/>b. Si vous n'avez pas encore finalis\u00e9 une r\u00e9servation en ligne, nous pouvons vous envoyer un rappel pour que vous puissiez terminer votre r\u00e9servation. Nous pensons que ce service suppl\u00e9mentaire vous est utile, car il vous permet de poursuivre une r\u00e9servation sans avoir \u00e0 rechercher \u00e0 nouveau le logement ou \u00e0 ressaisir toutes les informations de r\u00e9servation.<br \/>c. Lorsque vous utilisez nos services, nous pouvons vous envoyer un sondage ou vous inviter \u00e0 laisser un avis sur votre exp\u00e9rience avec notre site web. Nous pensons que ce service suppl\u00e9mentaire nous est mutuellement utile, car vos commentaires nous permettent d'am\u00e9liorer continuellement notre site web.<\/li>\n<\/ul>\n<\/li>\n \n<li>Analyses, am\u00e9liorations et recherche. Nous utilisons des donn\u00e9es personnelles pour mener des recherches et des analyses. Nous pouvons faire appel \u00e0 un tiers pour le faire en notre nom. Nous pouvons partager ou divulguer les r\u00e9sultats de telles recherches \u00e0 des tiers et \u00e0 nos soci\u00e9t\u00e9s affili\u00e9es, sous une forme anonyme et agr\u00e9g\u00e9e. Nous utilisons \u00e9galement vos donn\u00e9es personnelles \u00e0 des fins d'analyse, et pour am\u00e9liorer nos services, l'exp\u00e9rience utilisateur, ainsi que la fonctionnalit\u00e9 et la qualit\u00e9 de nos services de voyage en ligne.<\/li>\n \n<li>S\u00e9curit\u00e9, d\u00e9tection et pr\u00e9vention de la fraude : nous utilisons les donn\u00e9es susceptibles de contenir des donn\u00e9es personnelles pour pr\u00e9venir la fraude et d'autres activit\u00e9s ill\u00e9gales ou illicites. Nous utilisons \u00e9galement ces donn\u00e9es pour enqu\u00eater sur la fraude et la d\u00e9tecter. Nous pouvons \u00e9galement utiliser des donn\u00e9es personnelles \u00e0 des fins d'\u00e9valuation des risques et de s\u00e9curit\u00e9, y compris pour authentifier les utilisateurs. \u00c0 ces fins, des donn\u00e9es personnelles peuvent \u00eatre partag\u00e9es avec des tiers tels que les forces de l'ordre et des conseillers externes.<\/li>\n \n<li>Paris et r\u00e9glementation : dans certains cas, nous devons utiliser les donn\u00e9es fournies, qui peuvent inclure des donn\u00e9es personnelles, pour traiter et r\u00e9soudre des litiges juridiques ou des plaintes, \u00e0 des fins de recherche et de conformit\u00e9 aux lois et r\u00e9glementations, ou pour faire respecter les accords, ou pour r\u00e9pondre aux demandes l\u00e9gitimes des forces de l'ordre dans la mesure o\u00f9 la loi l'exige.<\/li>\n \n<li>Si nous utilisons des moyens automatis\u00e9s pour traiter des donn\u00e9es personnelles qui ont des cons\u00e9quences juridiques ou des cons\u00e9quences significatives pour vous, nous mettrons en \u0153uvre les mesures appropri\u00e9es pour prot\u00e9ger vos droits et libert\u00e9s, y compris le droit \u00e0 l'intervention humaine.<\/li>\n<\/ul>\n<p> <\/p>\n<h3 class=\"wp-block-heading\">Bases juridiques<\/h3>\n<p> <\/p>\n<ul class=\"wp-block-list\">\n<li>Compte tenu de l'objectif de la r\u00e9servation et du service client, nous nous fondons sur l'ex\u00e9cution d'un contrat. L'utilisation de vos donn\u00e9es peut \u00eatre n\u00e9cessaire \u00e0 l'ex\u00e9cution de votre contrat avec nous. Par exemple, si vous utilisez nos services pour r\u00e9server en ligne, nous utilisons vos donn\u00e9es pour ex\u00e9cuter notre obligation contractuelle de compl\u00e9ter et g\u00e9rer votre r\u00e9servation avec nous.<\/li>\n \n<li>Compte tenu des autres finalit\u00e9s, nous nous basons sur les int\u00e9r\u00eats l\u00e9gitimes : nous utilisons vos donn\u00e9es pour nos int\u00e9r\u00eats l\u00e9gitimes, tels que vous fournir le contenu le plus adapt\u00e9 au site web, aux e-mails et aux newsletters, am\u00e9liorer et promouvoir nos produits et services ainsi que le contenu de notre site web, et \u00e0 des fins administratives, de d\u00e9tection de fraude et juridiques. Lorsque nous utilisons des donn\u00e9es personnelles pour nos int\u00e9r\u00eats l\u00e9gitimes, nous recherchons toujours un \u00e9quilibre entre vos droits et int\u00e9r\u00eats en vue de la protection de vos donn\u00e9es par rapport \u00e0 nos droits et int\u00e9r\u00eats.<\/li>\n \n<li>Compte tenu de l'objectif des obligations l\u00e9gales, nous nous appuyons \u00e9galement sur notre obligation de nous conformer au droit applicable, le cas \u00e9ch\u00e9ant.<\/li>\n \n<li>Lorsque la loi applicable l'exige, nous vous demanderons votre consentement avant de traiter vos donn\u00e9es personnelles \u00e0 des fins de marketing direct.<\/li>\n<\/ul>\n<p> <\/p>\n<p>Si n\u00e9cessaire, conform\u00e9ment \u00e0 la loi applicable, nous vous demanderons votre consentement. Vous pouvez retirer votre consentement \u00e0 tout moment en nous contactant \u00e0 l'une des adresses figurant \u00e0 la fin de cette politique de confidentialit\u00e9.<\/p>\n<p> <\/p>\n<p>Si vous souhaitez vous opposer au traitement \u00e0 des fins facultatives, mais qu'il n'y a pas de m\u00e9canisme de d\u00e9sinscription directement disponible pour vous (par exemple, dans les param\u00e8tres de votre compte), veuillez nous contacter \u00e0 welkom@villaheidetuin.nl.<\/p>\n<p> <\/p>\n<h3 class=\"wp-block-heading\">Parties de donn\u00e9es<\/h3>\n<p> <\/p>\n<ul class=\"wp-block-list\">\n<li>Booking.com : nous collaborons avec Booking.com B.V., dont le si\u00e8ge est situ\u00e9 Herengracht 597, 1017 CE Amsterdam, Pays-Bas (<a href=\"http:\/\/www.booking.com\/\" target=\"_blank\" rel=\"noreferrer noopener\">www.booking.com<\/a>) (ci-apr\u00e8s Booking.com) pour vous proposer nos services de r\u00e9servation en ligne. Bien que nous fournissions le contenu de ce site Web et que vous effectuiez une r\u00e9servation directement aupr\u00e8s de nous, les r\u00e9servations sont trait\u00e9es via Booking.com. Les informations que vous saisissez sur ce site Web sont par cons\u00e9quent \u00e9galement partag\u00e9es avec Booking.com et ses soci\u00e9t\u00e9s affili\u00e9es. Il peut s'agir de donn\u00e9es personnelles, telles que votre nom, vos coordonn\u00e9es, vos informations de paiement, les noms de vos compagnons de voyage et toutes pr\u00e9f\u00e9rences que vous avez indiqu\u00e9es lors de la r\u00e9servation.<br \/>Aller \u00e0 <a href=\"https:\/\/www.booking.com\/content\/about.html\" target=\"_blank\" rel=\"noopener\">Sur Booking.com<\/a> Si vous souhaitez en savoir plus sur la famille d'entreprises de Booking.com.<\/li>\n<\/ul>\n<p> <\/p>\n<p>Booking.com vous envoie un e-mail de confirmation, un e-mail avant votre arriv\u00e9e et vous fournit des informations sur les environs et le logement. Booking.com propose \u00e9galement une assistance 24h\/24 et 7j\/7 : le service client international dans les bureaux locaux parle plus de 20 langues. Si vous partagez vos donn\u00e9es avec le service client mondial de Booking.com, celui-ci pourra r\u00e9agir lorsque vous en aurez besoin. Booking.com peut utiliser vos donn\u00e9es \u00e0 des fins techniques, analytiques et marketing, comme cela est plus amplement indiqu\u00e9 dans la <a href=\"https:\/\/www.booking.com\/content\/privacy.html\" target=\"_blank\" rel=\"noreferrer noopener\">D\u00e9claration de confidentialit\u00e9 de Booking.com<\/a>. Cela signifie \u00e9galement que vos donn\u00e9es peuvent \u00eatre partag\u00e9es avec d'autres membres du groupe d'entreprises Booking Holdings Inc. \u00e0 des fins d'analyse afin de vous proposer des offres de voyage potentiellement int\u00e9ressantes, et pour des services personnalis\u00e9s. Si n\u00e9cessaire, en vertu de la loi applicable, Booking.com vous demandera d'abord votre consentement. Si vos donn\u00e9es sont partag\u00e9es avec un pays situ\u00e9 en dehors de l'Espace \u00e9conomique europ\u00e9en, Booking.com conclura des accords contractuels pour garantir que vos donn\u00e9es personnelles restent prot\u00e9g\u00e9es conform\u00e9ment aux normes europ\u00e9ennes. Si vous avez des questions sur la mani\u00e8re dont Booking.com traite les donn\u00e9es personnelles, vous pouvez contacter dataprotectionoffice@booking.com.<\/p>\n<p> <\/p>\n<ul class=\"wp-block-list\">\n<li>BookingSuite : vos informations personnelles peuvent \u00eatre partag\u00e9es avec BookingSuite B.V., dont le si\u00e8ge est Herengracht 597, 1017 CE Amsterdam, Pays-Bas, la soci\u00e9t\u00e9 qui g\u00e8re ce site Web et suite.booking.com.<\/li>\n \n<li>Services tiers : nous utilisons des prestataires de services pour traiter vos donn\u00e9es personnelles strictement en notre nom. Cela sert \u00e0 des fins sp\u00e9cifiques d\u00e9crites dans la pr\u00e9sente D\u00e9claration de confidentialit\u00e9, telles que faciliter le paiement des r\u00e9servations, l'envoi de mat\u00e9riel marketing ou les services de support analytique. Ces prestataires sont tenus au secret professionnel et ne sont pas autoris\u00e9s \u00e0 utiliser vos donn\u00e9es personnelles \u00e0 d'autres fins.<\/li>\n \n<li>Autorit\u00e9s comp\u00e9tentes : nous transmettons des donn\u00e9es personnelles aux services de police et autres autorit\u00e9s gouvernementales dans la mesure o\u00f9 la loi l'exige ou si cela est strictement n\u00e9cessaire \u00e0 la pr\u00e9vention, \u00e0 la d\u00e9tection et \u00e0 la poursuite d'infractions p\u00e9nales et de fraudes.<\/li>\n<\/ul>\n<p> <\/p>\n<h3 class=\"wp-block-heading\">Transferts internationaux de donn\u00e9es<\/h3>\n<p> <\/p>\n<p>Le transfert de donn\u00e9es personnelles tel que d\u00e9crit dans cette d\u00e9claration de confidentialit\u00e9 peut comprendre des transferts transfrontaliers de donn\u00e9es personnelles vers des pays dont les lois sur la protection des donn\u00e9es ne sont pas aussi compl\u00e8tes que celles des pays de l'Union europ\u00e9enne. Si la loi europ\u00e9enne l'exige, nous ne transf\u00e9rerons des donn\u00e9es personnelles qu'\u00e0 des destinataires qui offrent un niveau de protection ad\u00e9quat des donn\u00e9es. Dans de telles situations, nous conclurons des accords contractuels pour garantir que vos donn\u00e9es personnelles continuent d'\u00eatre prot\u00e9g\u00e9es conform\u00e9ment aux normes europ\u00e9ennes. Vous pouvez nous demander de consulter une copie de ces clauses en utilisant les coordonn\u00e9es ci-dessous.<\/p>\n<p> <\/p>\n<h3 class=\"wp-block-heading\">S\u00e9curit\u00e9<\/h3>\n<p> <\/p>\n<p>BookingSuite prend des mesures raisonnables pour emp\u00eacher tout acc\u00e8s non autoris\u00e9 ou toute utilisation abusive de vos donn\u00e9es, y compris les donn\u00e9es personnelles. Nous utilisons des syst\u00e8mes et des proc\u00e9dures d'entreprise appropri\u00e9s pour prot\u00e9ger vos informations, y compris vos donn\u00e9es personnelles. Nous utilisons \u00e9galement des proc\u00e9dures de s\u00e9curit\u00e9 ainsi que des restrictions techniques et physiques \u00e0 l'acc\u00e8s et \u00e0 l'utilisation des donn\u00e9es personnelles sur nos serveurs. Seul le personnel autoris\u00e9 a acc\u00e8s aux donn\u00e9es personnelles dans le cadre de ses fonctions.<\/p>\n<p> <\/p>\n<h3 class=\"wp-block-heading\">Conservation des donn\u00e9es<\/h3>\n<p> <\/p>\n<p>Nous conserverons vos donn\u00e9es, y compris les donn\u00e9es personnelles, aussi longtemps que nous estimerons n\u00e9cessaire pour vous fournir des services, pour nous conformer \u00e0 la loi applicable, pour r\u00e9soudre des litiges avec les parties et autrement si n\u00e9cessaire pour nous permettre de mener \u00e0 bien nos activit\u00e9s, y compris la d\u00e9tection et la pr\u00e9vention de la fraude ou d'autres activit\u00e9s ill\u00e9gales. Toutes les donn\u00e9es personnelles conserv\u00e9es sont soumises \u00e0 la pr\u00e9sente politique de confidentialit\u00e9. Si vous avez une question concernant une p\u00e9riode de conservation sp\u00e9cifique pour certains types de donn\u00e9es personnelles que nous traitons vous concernant, veuillez nous contacter en utilisant les coordonn\u00e9es ci-dessous.<\/p>\n<p> <\/p>\n<h3 class=\"wp-block-heading\">Vos options et droits<\/h3>\n<p> <\/p>\n<p>Nous voulons que vous ayez le contr\u00f4le de la mani\u00e8re dont vos donn\u00e9es personnelles sont utilis\u00e9es par nous. Vous pouvez le faire de la mani\u00e8re suivante :<\/p>\n<p> <\/p>\n<ul class=\"wp-block-list\">\n<li>vous pouvez nous demander une copie des donn\u00e9es personnelles que nous d\u00e9tenons \u00e0 votre sujet;<\/li>\n \n<li>vous pouvez nous informer de tout changement dans vos donn\u00e9es personnelles, ou nous demander de corriger les donn\u00e9es personnelles que nous d\u00e9tenons \u00e0 votre sujet ;<\/li>\n \n<li>dans certains cas, vous pouvez nous demander de supprimer, bloquer ou limiter le traitement des donn\u00e9es personnelles que nous d\u00e9tenons \u00e0 votre sujet, ou vous opposer \u00e0 la mani\u00e8re dont nous utilisons vos donn\u00e9es personnelles ; et<\/li>\n \n<li>Dans certains cas, vous pouvez \u00e9galement nous demander de transmettre les donn\u00e9es personnelles que vous nous avez fournies \u00e0 un tiers.<\/li>\n<\/ul>\n<p> <\/p>\n<p>Lorsque nous utilisons vos donn\u00e9es personnelles avec votre consentement, vous avez le droit de retirer ce consentement \u00e0 tout moment, sous r\u00e9serve de la l\u00e9gislation applicable. De plus, lorsque nous traitons vos donn\u00e9es personnelles sur la base d'un int\u00e9r\u00eat l\u00e9gitime ou d'un int\u00e9r\u00eat public, vous avez le droit de vous opposer \u00e0 une telle utilisation de vos donn\u00e9es personnelles \u00e0 tout moment, sous r\u00e9serve de la l\u00e9gislation applicable.<\/p>\n<p> <\/p>\n<p>Nous comptons sur vous pour vous assurer que vos donn\u00e9es personnelles sont compl\u00e8tes, correctes et \u00e0 jour. Informez-nous imm\u00e9diatement de tout changement ou inexactitude concernant vos donn\u00e9es personnelles en contactant welkom@villaheidetuin.nl. Nous traiterons votre demande conform\u00e9ment \u00e0 la l\u00e9gislation applicable.<\/p>\n<p> <\/p>\n<h3 class=\"wp-block-heading\">Questions ou plaintes<\/h3>\n<p> <\/p>\n<p>Si vous avez des questions ou des commentaires concernant notre traitement de vos donn\u00e9es personnelles, ou si vous souhaitez exercer les droits qui vous sont conf\u00e9r\u00e9s en vertu de cette notification, veuillez nous contacter \u00e0 l'adresse welkom@villaheidetuin.nl. Vous pouvez \u00e9galement contacter l'Autoriteit Persoonsgegevens (Autorit\u00e9 de protection des donn\u00e9es) ou l'autorit\u00e9 de protection des donn\u00e9es comp\u00e9tente pour toute question ou plainte.<\/p>\n<p> <\/p>\n<h3 class=\"wp-block-heading\">Modifications de la notification<\/h3>\n<p> <\/p>\n<p>Tout comme notre entreprise \u00e9volue en permanence, cette D\u00e9claration de confidentialit\u00e9 est susceptible de changer de temps \u00e0 autre. Si vous souhaitez \u00eatre tenu inform\u00e9 des modifications apport\u00e9es \u00e0 cette D\u00e9claration de confidentialit\u00e9, nous vous encourageons \u00e0 consulter cette page r\u00e9guli\u00e8rement. Si nous apportons des modifications importantes ou des modifications qui vous concernent (par exemple, lorsque nous commencerons \u00e0 traiter vos donn\u00e9es personnelles \u00e0 des fins autres que celles expos\u00e9es ci-dessus), nous vous en informerons avant de commencer ce traitement.<\/p>\n<p> <\/p>\n<p>Cette politique est applicable \u00e0 partir de : janvier 2024<\/p>\n<p> <\/p>\n<h3 class=\"wp-block-heading\">Liens vers d'autres sites web<\/h3>\n<p> <\/p>\n<p>Notre site web peut contenir des liens vers d'autres sites web int\u00e9ressants. Cependant, une fois que vous quittez notre site via un tel lien, vous devez savoir que nous n'avons \u00e9videmment aucun contr\u00f4le sur ce site. Par cons\u00e9quent, nous ne pouvons \u00eatre responsables de votre vie priv\u00e9e ou de la mani\u00e8re dont les informations que vous fournissez sont trait\u00e9es lorsque vous visitez ce site, et notre politique de confidentialit\u00e9 et de cookies d\u00e9crite ici ne s'appliquera pas. Vous devez alors aborder ce site web ou ces sites avec la prudence n\u00e9cessaire.<\/p>\n<p><\/p>\n<\/div><\/div>\n<\/section>","protected":false},"excerpt":{"rendered":"<p>Privacy beleid Het hier omschreven privacy en cookie beleid geeft aan hoe wij omgaan met alle eventueel verstrekte informatie en hoe deze indien van toepassing beveiligen als u deze website bezoekt. Villa Heidetuin stelt alles in het werk om je privacy te beschermen. Voorzover we informatie van je vragen die gebruikt kan worden om je [&hellip;]<\/p>\n","protected":false},"author":1,"featured_media":0,"parent":24,"menu_order":0,"comment_status":"open","ping_status":"closed","template":"","meta":{"_breakdance_hide_in_design_set":false,"_breakdance_tags":"","footnotes":""},"categories":[31],"tags":[],"class_list":["post-466","page","type-page","status-publish","hentry","category-welkom"],"_links":{"self":[{"href":"https:\/\/villaheidetuin.eu\/fr\/wp-json\/wp\/v2\/pages\/466","targetHints":{"allow":["GET"]}}],"collection":[{"href":"https:\/\/villaheidetuin.eu\/fr\/wp-json\/wp\/v2\/pages"}],"about":[{"href":"https:\/\/villaheidetuin.eu\/fr\/wp-json\/wp\/v2\/types\/page"}],"author":[{"embeddable":true,"href":"https:\/\/villaheidetuin.eu\/fr\/wp-json\/wp\/v2\/users\/1"}],"replies":[{"embeddable":true,"href":"https:\/\/villaheidetuin.eu\/fr\/wp-json\/wp\/v2\/comments?post=466"}],"version-history":[{"count":2,"href":"https:\/\/villaheidetuin.eu\/fr\/wp-json\/wp\/v2\/pages\/466\/revisions"}],"predecessor-version":[{"id":182511,"href":"https:\/\/villaheidetuin.eu\/fr\/wp-json\/wp\/v2\/pages\/466\/revisions\/182511"}],"up":[{"embeddable":true,"href":"https:\/\/villaheidetuin.eu\/fr\/wp-json\/wp\/v2\/pages\/24"}],"wp:attachment":[{"href":"https:\/\/villaheidetuin.eu\/fr\/wp-json\/wp\/v2\/media?parent=466"}],"wp:term":[{"taxonomy":"category","embeddable":true,"href":"https:\/\/villaheidetuin.eu\/fr\/wp-json\/wp\/v2\/categories?post=466"},{"taxonomy":"post_tag","embeddable":true,"href":"https:\/\/villaheidetuin.eu\/fr\/wp-json\/wp\/v2\/tags?post=466"}],"curies":[{"name":"wp","href":"https:\/\/api.w.org\/{rel}","templated":true}]}}