{"id":3940,"date":"2016-09-05T23:48:45","date_gmt":"2016-09-05T21:48:45","guid":{"rendered":"https:\/\/villaheidetuin.eu\/?page_id=3940"},"modified":"2025-01-17T23:37:26","modified_gmt":"2025-01-17T21:37:26","slug":"offres-demploi","status":"publish","type":"page","link":"https:\/\/villaheidetuin.eu\/fr\/vacatures\/","title":{"rendered":"Offres d'emploi"},"content":{"rendered":"<section class=\"bde-section-3940-100 bde-section\">\n  \n  \n\t\n\n\n\n<div class=\"section-container\"><h1 class=\"bde-heading-3940-101 bde-heading\">\nOffres d'emploi\n<\/h1><div class=\"bde-rich-text-3940-102 bde-rich-text breakdance-rich-text-styles\">\n<p>Villa Heidetuin est l'endroit id\u00e9al sur la Brabantse Wal pour profiter honn\u00eatement du calme, de la d\u00e9licieuse nourriture et des boissons. Outre notre restaurant ouvert \u00e0 tous, nous disposons de 5 chambres d'h\u00f4tes, d'une suite et de 2 appartements de charme.<\/p>\n<p>Nous nous agrandissons. \u00cates-vous aimable, joyeux, coop\u00e9ratif et avez-vous envie de travailler dans une \u00e9quipe tr\u00e8s sympa ?<\/p>\n<div class=\"wp-block-group is-nowrap is-layout-flex wp-container-core-group-is-layout-1 wp-block-group-is-layout-flex\">\n<p>Nous recherchons encore du personnel pour le service en salle, la cuisine, la plonge et l'entretien m\u00e9nager.<\/p>\n<\/div>\n<p>Les travaux se d\u00e9roulent principalement de jour, y compris le week-end.<\/p>\n<p>Nous recherchons \u00e9galement une main droite pour le service et un homme\/une femme pour la cuisine. Les deux postes sont des heures garanties.<\/p>\n<p>envoyez votre cv \u00e0 welkom@villaheidetuin.eu avec la r\u00e9f\u00e9rence sollicitatie.<\/p>\n<p>Si vous ne trouvez aucune offre d'emploi qui vous convienne, vous pouvez toujours nous envoyer une candidature spontan\u00e9e \u00e0 notre adresse e-mail. <a href=\"mailto:welkom@villaheidetuin.eu\">welkom@villaheidetuin.eu<\/a><\/p>\n<\/div><div class=\"bde-video-3940-104 bde-video\">\n<div class=\"ee-video-container\">\n            <video class=\"ee-video\" src=\"https:\/\/villaheidetuin.eu\/wp-content\/uploads\/2024\/04\/Vacature-Lonneke.mp4\"\n                               controls='true'                                                                controlslist=\"nodownload\"                playsinline\n>\n        <\/video>\n    \n    <\/div>\n\n<\/div><\/div>\n<\/section>","protected":false},"excerpt":{"rendered":"<p>Vacatures Villa Heidetuin is d\u00e9 plek op de Brabantse Wal om eerlijk te genieten van rust, heerlijk eten en drinken. Wij hebben naast de daghoreca, 5 Bed and Breakfast kamers, een suite en 2 Boutique appartementen. Wij breiden uit. Ben je vriendelijk, vrolijk, collegiaal en heb je zin om te werken in een heel leuk [&hellip;]<\/p>\n","protected":false},"author":2,"featured_media":0,"parent":0,"menu_order":0,"comment_status":"closed","ping_status":"closed","template":"","meta":{"_breakdance_hide_in_design_set":false,"_breakdance_tags":"","footnotes":""},"categories":[],"tags":[],"class_list":["post-3940","page","type-page","status-publish","hentry"],"_links":{"self":[{"href":"https:\/\/villaheidetuin.eu\/fr\/wp-json\/wp\/v2\/pages\/3940","targetHints":{"allow":["GET"]}}],"collection":[{"href":"https:\/\/villaheidetuin.eu\/fr\/wp-json\/wp\/v2\/pages"}],"about":[{"href":"https:\/\/villaheidetuin.eu\/fr\/wp-json\/wp\/v2\/types\/page"}],"author":[{"embeddable":true,"href":"https:\/\/villaheidetuin.eu\/fr\/wp-json\/wp\/v2\/users\/2"}],"replies":[{"embeddable":true,"href":"https:\/\/villaheidetuin.eu\/fr\/wp-json\/wp\/v2\/comments?post=3940"}],"version-history":[{"count":8,"href":"https:\/\/villaheidetuin.eu\/fr\/wp-json\/wp\/v2\/pages\/3940\/revisions"}],"predecessor-version":[{"id":183110,"href":"https:\/\/villaheidetuin.eu\/fr\/wp-json\/wp\/v2\/pages\/3940\/revisions\/183110"}],"wp:attachment":[{"href":"https:\/\/villaheidetuin.eu\/fr\/wp-json\/wp\/v2\/media?parent=3940"}],"wp:term":[{"taxonomy":"category","embeddable":true,"href":"https:\/\/villaheidetuin.eu\/fr\/wp-json\/wp\/v2\/categories?post=3940"},{"taxonomy":"post_tag","embeddable":true,"href":"https:\/\/villaheidetuin.eu\/fr\/wp-json\/wp\/v2\/tags?post=3940"}],"curies":[{"name":"wp","href":"https:\/\/api.w.org\/{rel}","templated":true}]}}