{"id":3808,"date":"2016-04-06T21:59:08","date_gmt":"2016-04-06T19:59:08","guid":{"rendered":"https:\/\/villaheidetuin.eu\/?page_id=3808"},"modified":"2024-10-16T14:28:36","modified_gmt":"2024-10-16T12:28:36","slug":"logement-la-region","status":"publish","type":"page","link":"https:\/\/villaheidetuin.eu\/fr\/logeer-omgeving\/","title":{"rendered":"Logement environnement"},"content":{"rendered":"<section class=\"bde-section-3808-100 bde-section\">\n  \n  \n\t\n\n\n\n<div class=\"section-container\"><div class=\"bde-text-3808-102 bde-text\">\nCette courte vid\u00e9o vous donnera une bonne id\u00e9e de la r\u00e9gion o\u00f9 vous pourrez s\u00e9journer.<br><br>\n<\/div><div class=\"bde-video-3808-101 bde-video\">\n<div class=\"ee-video-container\">\n            <video class=\"ee-video\" src=\"https:\/\/villaheidetuin.eu\/wp-content\/uploads\/2024\/10\/villaheidetuin_lucht2.mov\"\n               autoplay='true'                controls='true'                                                                controlslist=\"nodownload\"                playsinline\n>\n        <\/video>\n    \n    <\/div>\n\n<\/div><\/div>\n<\/section>","protected":false},"excerpt":{"rendered":"<p>Cette courte vid\u00e9o vous donnera une bonne id\u00e9e de la r\u00e9gion o\u00f9 vous pourrez s\u00e9journer.<\/p>","protected":false},"author":2,"featured_media":0,"parent":0,"menu_order":0,"comment_status":"closed","ping_status":"closed","template":"","meta":{"_breakdance_hide_in_design_set":false,"_breakdance_tags":"","footnotes":""},"categories":[],"tags":[],"class_list":["post-3808","page","type-page","status-publish","hentry"],"_links":{"self":[{"href":"https:\/\/villaheidetuin.eu\/fr\/wp-json\/wp\/v2\/pages\/3808","targetHints":{"allow":["GET"]}}],"collection":[{"href":"https:\/\/villaheidetuin.eu\/fr\/wp-json\/wp\/v2\/pages"}],"about":[{"href":"https:\/\/villaheidetuin.eu\/fr\/wp-json\/wp\/v2\/types\/page"}],"author":[{"embeddable":true,"href":"https:\/\/villaheidetuin.eu\/fr\/wp-json\/wp\/v2\/users\/2"}],"replies":[{"embeddable":true,"href":"https:\/\/villaheidetuin.eu\/fr\/wp-json\/wp\/v2\/comments?post=3808"}],"version-history":[{"count":8,"href":"https:\/\/villaheidetuin.eu\/fr\/wp-json\/wp\/v2\/pages\/3808\/revisions"}],"predecessor-version":[{"id":182849,"href":"https:\/\/villaheidetuin.eu\/fr\/wp-json\/wp\/v2\/pages\/3808\/revisions\/182849"}],"wp:attachment":[{"href":"https:\/\/villaheidetuin.eu\/fr\/wp-json\/wp\/v2\/media?parent=3808"}],"wp:term":[{"taxonomy":"category","embeddable":true,"href":"https:\/\/villaheidetuin.eu\/fr\/wp-json\/wp\/v2\/categories?post=3808"},{"taxonomy":"post_tag","embeddable":true,"href":"https:\/\/villaheidetuin.eu\/fr\/wp-json\/wp\/v2\/tags?post=3808"}],"curies":[{"name":"wp","href":"https:\/\/api.w.org\/{rel}","templated":true}]}}