{"id":3783,"date":"2016-03-31T10:30:30","date_gmt":"2016-03-31T09:30:30","guid":{"rendered":"https:\/\/villaheidetuin.eu\/?page_id=3783"},"modified":"2025-09-10T10:25:26","modified_gmt":"2025-09-10T08:25:26","slug":"domaine-lievensberg","status":"publish","type":"page","link":"https:\/\/villaheidetuin.eu\/fr\/landgoed-lievensberg\/","title":{"rendered":"Landgoed Lievensberg en de Heidetuin"},"content":{"rendered":"<section class=\"bde-section-3783-100 bde-section\">\n  \n  \n\t\n\n\n\n<div class=\"section-container\"><h1 class=\"bde-heading-3783-101 bde-heading\">\nLe Domaine Lievensberg et le Jardin de Bruy\u00e8re, un joyau dans la r\u00e9gion du Brabantse Wal.\n<\/h1><div class=\"bde-rich-text-3783-102 bde-rich-text breakdance-rich-text-styles\">\n<p>Venez vous ressourcer \u00e0 Lievensberg, un domaine aux dunes ensorcelantes, aux jardins de bruy\u00e8re sereins et aux majestueuses for\u00eats de pins. Ces derni\u00e8res ann\u00e9es, ce paradis naturel a \u00e9t\u00e9 r\u00e9nov\u00e9 et modernis\u00e9 avec amour et soin, tout en conservant la vision d'origine de sa conception pass\u00e9e. Le r\u00e9sultat ? Un parc magnifique et polyvalent qui associe harmonieusement art et nature, offrant une impressionnante vari\u00e9t\u00e9 d'arbres et d'arbustes qui s'animent \u00e0 chaque saison. Dans la charmante villa, vous trouverez d\u00e9sormais notre H\u00f4tel Boutique et un espace de restauration invitant, id\u00e9al pour un apr\u00e8s-midi inoubliable. Et saviez-vous que vous pouvez r\u00e9server cet espace plein de charme le soir pour un d\u00eener intime ou une f\u00eate conviviale ? Le parc, la for\u00eat et la lande sont accessibles tous les jours du lever au coucher du soleil, vous permettant de profiter \u00e0 tout moment de l'ann\u00e9e de la tranquillit\u00e9 et de la beaut\u00e9 de ce lieu unique. Une petite partie de Lievensberg sert de zone de captage d'eau. Venez d\u00e9couvrir par vous-m\u00eame la magie de Lievensberg \u2013 un lieu o\u00f9 la nature, l'art et l'histoire s'entrem\u00ealent dans une harmonie enchanteresse.<\/p>\n<\/div><div class=\"bde-columns-3783-104 bde-columns\"><div class=\"bde-column-3783-105 bde-column\">\n  \n  \n\t\n\n\n\n<div class=\"bde-image-3783-103 bde-image\">\n<figure class=\"breakdance-image breakdance-image--182712\">\n\t<div class=\"breakdance-image-container\">\n\t\t<div class=\"breakdance-image-clip\"><img loading=\"lazy\" decoding=\"async\" class=\"breakdance-image-object\" src=\"https:\/\/villaheidetuin.eu\/wp-content\/uploads\/2024\/09\/Huize-LIEVENSBERG-Balse-Baan-BergenopZoom-gigapixel-lines-scale-4_00x.jpg\" width=\"2000\" height=\"1456\" srcset=\"https:\/\/villaheidetuin.eu\/wp-content\/uploads\/2024\/09\/Huize-LIEVENSBERG-Balse-Baan-BergenopZoom-gigapixel-lines-scale-4_00x.jpg 2000w, https:\/\/villaheidetuin.eu\/wp-content\/uploads\/2024\/09\/Huize-LIEVENSBERG-Balse-Baan-BergenopZoom-gigapixel-lines-scale-4_00x-400x291.jpg 400w, https:\/\/villaheidetuin.eu\/wp-content\/uploads\/2024\/09\/Huize-LIEVENSBERG-Balse-Baan-BergenopZoom-gigapixel-lines-scale-4_00x-1024x745.jpg 1024w, https:\/\/villaheidetuin.eu\/wp-content\/uploads\/2024\/09\/Huize-LIEVENSBERG-Balse-Baan-BergenopZoom-gigapixel-lines-scale-4_00x-768x559.jpg 768w, https:\/\/villaheidetuin.eu\/wp-content\/uploads\/2024\/09\/Huize-LIEVENSBERG-Balse-Baan-BergenopZoom-gigapixel-lines-scale-4_00x-1536x1118.jpg 1536w\" sizes=\"auto, (max-width: 2000px) 100vw, 2000px\"><\/div>\n\t<\/div><\/figure>\n\n<\/div>\n<\/div><div class=\"bde-column-3783-106 bde-column\">\n  \n  \n\t\n\n\n\n<div class=\"bde-rich-text-3783-107 bde-rich-text breakdance-rich-text-styles\">\n<p>\u2018 Huize Lievensberg \u2019, construit en 1846 par Johannes de Ram, est un domaine plein de charme \u00e0 l\u2019histoire riche. Les commanditaires \u00e9taient la famille belge de Ram, qui a habit\u00e9 la maison jusqu'au d\u00e9but des ann\u00e9es vingt. Ensuite, elle a servi de refuge aux Fr\u00e8res de l'Immacul\u00e9e Conception, suivie d'une p\u00e9riode d'accueil d'urgence pour les jeunes. Lors de la construction de notre luxueux B&amp;B, nous avons conserv\u00e9 ou soigneusement r\u00e9nov\u00e9 les \u00e9l\u00e9ments authentiques avec amour et soin. Nous offrons ainsi \u00e0 nos h\u00f4tes non seulement un confort moderne, mais aussi un voyage nostalgique dans le temps.<\/p>\n<\/div>\n<\/div><\/div><div class=\"bde-rich-text-3783-109 bde-rich-text breakdance-rich-text-styles\">\n<p>Le manoir est entour\u00e9 d'un parc avec un \u00e9tang et des bosquets, datant de 1870-1920. Diverses vieilles all\u00e9es traversent le domaine, dont une all\u00e9e de perspective de 800 m\u00e8tres orient\u00e9e vers le manoir. La Villa Heidetuin est toujours entour\u00e9e d'un magnifique jardin paysager avec des all\u00e9es de h\u00eatres, des aires de pique-nique, un jardin de bruy\u00e8res avec plus de 30 esp\u00e8ces diff\u00e9rentes de bruy\u00e8res et un \u00e9tang.<\/p>\n<\/div><div class=\"bde-image-3783-110 bde-image\">\n<figure class=\"breakdance-image breakdance-image--3253\">\n\t<div class=\"breakdance-image-container\">\n\t\t<div class=\"breakdance-image-clip\"><img loading=\"lazy\" decoding=\"async\" class=\"breakdance-image-object\" src=\"https:\/\/villaheidetuin.eu\/wp-content\/uploads\/2015\/10\/heidetuin_don-17.jpg\" width=\"1800\" height=\"1198\" srcset=\"https:\/\/villaheidetuin.eu\/wp-content\/uploads\/2015\/10\/heidetuin_don-17.jpg 1800w, https:\/\/villaheidetuin.eu\/wp-content\/uploads\/2015\/10\/heidetuin_don-17-400x266.jpg 400w, https:\/\/villaheidetuin.eu\/wp-content\/uploads\/2015\/10\/heidetuin_don-17-1024x682.jpg 1024w, https:\/\/villaheidetuin.eu\/wp-content\/uploads\/2015\/10\/heidetuin_don-17-768x511.jpg 768w, https:\/\/villaheidetuin.eu\/wp-content\/uploads\/2015\/10\/heidetuin_don-17-1536x1022.jpg 1536w, https:\/\/villaheidetuin.eu\/wp-content\/uploads\/2015\/10\/heidetuin_don-17-600x400.jpg 600w, https:\/\/villaheidetuin.eu\/wp-content\/uploads\/2015\/10\/heidetuin_don-17-1320x879.jpg 1320w\" sizes=\"auto, (max-width: 1800px) 100vw, 1800px\"><\/div>\n\t<\/div><\/figure>\n\n<\/div><div class=\"bde-rich-text-3783-108 bde-rich-text breakdance-rich-text-styles\">\n<p>Le domaine de Lievensberg est appr\u00e9ci\u00e9 des randonneurs, des cyclistes et des familles en qu\u00eate d'aventure. Les enfants y trouvent leur paradis de jeux, tandis que les parents peuvent profiter d'un moment de calme <a href=\"https:\/\/villaheidetuin.eu\/fr\/villa-picknick-en-villa-knapzak\/\" target=\"_blank\" rel=\"noreferrer noopener\">pique-nique d'\u00e9t\u00e9<\/a> ou une activit\u00e9 sportive.<\/p>\n<p>Depuis la Villa, vous pouvez vous promener sans \u00eatre d\u00e9rang\u00e9 \u00e0 travers la for\u00eat et d\u00e9couvrir tous les endroits sp\u00e9ciaux. Choisissez un itin\u00e9raire qui vous m\u00e8nera \u00e0 travers la polyvalence verte de la Brabantse Wal et du domaine Lievensberg. Apr\u00e8s une promenade vivifiante, vous pourrez vous d\u00e9tendre sur notre terrasse avec une tasse de caf\u00e9 et un g\u00e2teau, un d\u00e9licieux d\u00e9jeuner ou un verre de vin.<\/p>\n<p><strong>Villa Heidetuin de pr\u00e8s<\/strong><br \/>Ces derni\u00e8res ann\u00e9es, un travail acharn\u00e9 a \u00e9t\u00e9 men\u00e9 pour r\u00e9nover et moderniser le parc, toujours dans le respect des plans paysagers d'origine. Le r\u00e9sultat : un magnifique parc riche en art, en diversit\u00e9 d'arbres et d'arbustes, et une atmosph\u00e8re propice \u00e0 la r\u00eaverie.<\/p>\n<p>Dans le parc entourant la villa, vous trouverez non seulement des informations sur les plantes et les arbres qui y poussent, mais aussi des \u0153uvres d'art inspirantes. Pour en savoir plus sur le parc, consultez <a href=\"https:\/\/park-heidetuin.nl\" target=\"_blank\" rel=\"noopener\">site web sp\u00e9cial Parc Heidetuin.<\/a><\/p>\n<p>La villa blanche abrite d\u00e9sormais un h\u00f4tel-boutique et propose un lieu de restauration chaleureux pendant la journ\u00e9e. Bien que le restaurant soit ouvert pendant la journ\u00e9e, vous pouvez privatiser l'espace le soir pour un d\u00eener priv\u00e9 ou une f\u00eate intime.<\/p>\n<p>Chaque jour, du lever au coucher du soleil, le parc, la for\u00eat et la lande sont librement accessibles.<\/p>\n<p>Une partie du domaine sert de zone de captage d'eau.<\/p>\n<p>souhaitez-vous participer \u00e0 <a href=\"https:\/\/bergenopzoom.nu\/beleef-geocaching-in-en-rond-bergen-op-zoom\/\" target=\"_blank\" rel=\"noopener\">G\u00e9ocaching<\/a> Passionnant ? Dans le parc se trouve une cache qui attend d'\u00eatre d\u00e9couverte. Amuse-toi bien \u00e0 la chercher !<\/p>\n<\/div><\/div>\n<\/section><section class=\"bde-section-3783-113 bde-section\">\n  \n  \n\t\n\n\n\n<div class=\"section-container\"><h2 class=\"bde-heading-3783-114 bde-heading\">\nMeer over de Brabantse Wal\n<\/h2><h3 class=\"bde-heading-3783-115 bde-heading\">\no\u00f9 le Brabant rencontre la Z\u00e9lande.\n<\/h3><div class=\"bde-rich-text-3783-116 bde-rich-text breakdance-rich-text-styles\">\n<p><\/p>\n<p>\u00c0 la fronti\u00e8re entre le Brabant et la Z\u00e9lande se trouve le Brabantse Wal, l'un des trois Paysages d'Attrait du Brabant-Septentrional. Une r\u00e9gion o\u00f9 la beaut\u00e9 naturelle, les monuments et les \u00e9v\u00e9nements culturels sont entrelac\u00e9s.<\/p>\n<p> <\/p>\n<p><strong>Paysage unique<br \/><\/strong>La Brabantse Wal est un plateau de sable qui s'\u00e9tend dans l'extr\u00eame ouest de la province du Brabant-Septentrional, de la fronti\u00e8re belge au sud jusqu'\u00e0\u00a0<a href=\"http:\/\/www.vvvbrabantsewal.nl\/brabantse-wal\/steenbergen.aspx\" target=\"_blank\" rel=\"noopener\">Steenbergen<\/a> au nord et jusqu'\u00e0\u00a0<a href=\"http:\/\/www.vvvbrabantsewal.nl\/brabantse-wal\/wouwse-plantage.aspx\" target=\"_blank\" rel=\"noopener\">Wouwse Plantage<\/a> \u00e0 l'est. La r\u00e9gion se distingue par une grande diversit\u00e9 de paysages. Le terrain vallonn\u00e9 du Brabantse Wal culmine \u00e0 Woensdrecht jusqu'\u00e0 20 m\u00e8tres au-dessus du niveau de la mer, offrant ainsi de belles vues. Apr\u00e8s la mont\u00e9e, le paysage fait place soudainement aux vastes polders autour de Steenbergen, aux eaux du delta z\u00e9landais et aux for\u00eats de Wouwse Plantage.<\/p>\n<p> <\/p>\n<p><strong>Ville et r\u00e9gion<br \/><\/strong>Au centre de la r\u00e9gion se trouve la ville des marquis <a href=\"http:\/\/www.vvvbrabantsewal.nl\/brabantse-wal\/bergen-op-zoom.aspx\" target=\"_blank\" rel=\"noopener\">Bergen-op-Zoom<\/a>. Plus de 800 monuments de cette ville racontent l'histoire d'un pass\u00e9 riche et mouvement\u00e9. La perle de Bergen op Zoom est le Markiezenhof, ancien palais des seigneurs et marquis de Bergen op Zoom. En vous promenant dans ce vaste palais avec ses nombreuses salles, chambres, galeries, tours d'escalier, cours et jardins, vous aurez un bon aper\u00e7u de l'histoire de la ville et de la r\u00e9gion. Le mus\u00e9e de la kermesse et le mus\u00e9e de la caricature politique internationale sont \u00e9galement install\u00e9s au Markiezenhof.<br \/>Les nombreux \u00e9v\u00e9nements culturels et la large offre de boutiques et de restaurants font que la visite de cette ville vaut largement le d\u00e9tour. Pour le shopping loisir, la d\u00e9couverte culturelle et les plaisirs culinaires, Bergen op Zoom est l'endroit id\u00e9al. Vous trouverez des informations sur tous les \u00e9v\u00e9nements de la ville sur <a href=\"https:\/\/bergenopzoom.nu\" target=\"_blank\" rel=\"noopener\">bergenopzoom.nu<\/a><\/p>\n<p> <\/p>\n<p>Les vastes for\u00eats alentour\u00a0<a href=\"http:\/\/www.vvvbrabantsewal.nl\/brabantse-wal\/woensdrecht.aspx\" target=\"_blank\" rel=\"noopener\">Woensdrecht<\/a> sont un v\u00e9ritable eldorado pour cyclistes et randonneurs. Les syst\u00e8mes de points de rencontre pour le v\u00e9lo et la randonn\u00e9e garantissent de nombreux kilom\u00e8tres de plaisir \u00e0 v\u00e9lo et \u00e0 pied. Une combinaison avec l'un des forfaits culinaires rend la journ\u00e9e compl\u00e8te !<\/p>\n<p> <\/p>\n<p>Les amateurs de loisirs nautiques sont \u00e9galement les bienvenus. Steenbergen poss\u00e8de des ports de plaisance bien \u00e9quip\u00e9s, facilement accessibles depuis la Z\u00e9lande et la Hollande-M\u00e9ridionale. L'acc\u00e8s du Volkerak \u00e0 la Steenbergse Vliet, via l'\u00e9cluse pittoresque de Benedensas, est unique. Le raccordement au r\u00e9seau de voies navigables offre aux amateurs de loisirs nautiques d'excellentes possibilit\u00e9s de d\u00e9couvrir le Brabantse Wal depuis l'eau.<\/p>\n<p> <\/p>\n<p>Go\u00fbter \u00e0 la culture, faire du shopping, se r\u00e9galer culinairement ou \u00eatre actif ? Alors le Brabantse Wal est la r\u00e9gion qu'il vous faut. Il existe \u00e9galement de nombreuses possibilit\u00e9s pour les enfants sur le Brabantse Wal. Venez l'exp\u00e9rimenter vous-m\u00eame !<\/p>\n<p> <\/p>\n<p>Mer <a href=\"http:\/\/www.vvvbrabantsewal.nl\/brabantse-wal?sc_lang=nl-NL#sthash.8v1Fcb5A.dpuf\" target=\"_blank\" rel=\"noopener\">Site Web Brabantse Wal<\/a> \u00a0 textes VVV Brabantse Wal<\/p>\n<p><\/p>\n<\/div><\/div>\n<\/section>","protected":false},"excerpt":{"rendered":"<p>Landgoed Lievensberg en de Heidetuin, een parel in het Brabantse Wal gebied. Kom tot rust bij Lievensberg, een landgoed vol betoverende zandverstuivingen, serene heidetuinen en majestueuze dennenbossen. In de afgelopen jaren is dit natuurlijke paradijs met liefde en zorg vernieuwd en gemoderniseerd, met behoud van de oorspronkelijke visie van het vroegere ontwerp. Het resultaat? Een [&hellip;]<\/p>\n","protected":false},"author":1,"featured_media":0,"parent":0,"menu_order":0,"comment_status":"closed","ping_status":"closed","template":"","meta":{"_breakdance_hide_in_design_set":false,"_breakdance_tags":"","footnotes":""},"categories":[27],"tags":[],"class_list":["post-3783","page","type-page","status-publish","hentry","category-omgeving"],"_links":{"self":[{"href":"https:\/\/villaheidetuin.eu\/fr\/wp-json\/wp\/v2\/pages\/3783","targetHints":{"allow":["GET"]}}],"collection":[{"href":"https:\/\/villaheidetuin.eu\/fr\/wp-json\/wp\/v2\/pages"}],"about":[{"href":"https:\/\/villaheidetuin.eu\/fr\/wp-json\/wp\/v2\/types\/page"}],"author":[{"embeddable":true,"href":"https:\/\/villaheidetuin.eu\/fr\/wp-json\/wp\/v2\/users\/1"}],"replies":[{"embeddable":true,"href":"https:\/\/villaheidetuin.eu\/fr\/wp-json\/wp\/v2\/comments?post=3783"}],"version-history":[{"count":7,"href":"https:\/\/villaheidetuin.eu\/fr\/wp-json\/wp\/v2\/pages\/3783\/revisions"}],"predecessor-version":[{"id":183539,"href":"https:\/\/villaheidetuin.eu\/fr\/wp-json\/wp\/v2\/pages\/3783\/revisions\/183539"}],"wp:attachment":[{"href":"https:\/\/villaheidetuin.eu\/fr\/wp-json\/wp\/v2\/media?parent=3783"}],"wp:term":[{"taxonomy":"category","embeddable":true,"href":"https:\/\/villaheidetuin.eu\/fr\/wp-json\/wp\/v2\/categories?post=3783"},{"taxonomy":"post_tag","embeddable":true,"href":"https:\/\/villaheidetuin.eu\/fr\/wp-json\/wp\/v2\/tags?post=3783"}],"curies":[{"name":"wp","href":"https:\/\/api.w.org\/{rel}","templated":true}]}}