{"id":3759,"date":"2016-03-30T13:12:57","date_gmt":"2016-03-30T12:12:57","guid":{"rendered":"https:\/\/villaheidetuin.eu\/?page_id=3759"},"modified":"2025-12-16T16:54:32","modified_gmt":"2025-12-16T14:54:32","slug":"reservez-votre-chambre","status":"publish","type":"page","link":"https:\/\/villaheidetuin.eu\/fr\/boek-uw-kamer\/","title":{"rendered":"R\u00e9servez votre chambre"},"content":{"rendered":"<section class=\"bde-section-3759-100 bde-section\">\n  \n  \n\t\n\n\n\n<div class=\"section-container\"><h2 class=\"bde-heading-3759-105 bde-heading\">\nR\u00e9servez ici....\n<\/h2><div class=\"bde-rich-text-3759-104 bde-rich-text breakdance-rich-text-styles\">\n<p>Si vous souhaitez r\u00e9server, veuillez v\u00e9rifier la disponibilit\u00e9 des chambres \u00e0 la date ou aux dates concern\u00e9es. Cliquez sur la date de la chambre de votre choix et\/ou remplissez les informations de d\u00e9but\/fin. Ensuite, vous pouvez saisir vos informations et la demande de r\u00e9servation sera cr\u00e9\u00e9e.<\/p>\n<p>Apr\u00e8s confirmation par email, votre r\u00e9servation sera d\u00e9finitive. Veuillez noter que les appartements sont r\u00e9servables d'avril \u00e0 octobre \u00e0 partir de deux nuits. Nous sommes impatients de vous accueillir !<\/p>\n<p>Le prix que vous voyez apr\u00e8s le premier choix s'applique aux adultes. Pour les enfants, un tarif r\u00e9duit sera calcul\u00e9 en fonction de l'\u00e2ge, apr\u00e8s s\u00e9lection de l'\u00e2ge, si disponible. Toutes les chambres ne peuvent pas accueillir une troisi\u00e8me personne ou plus.<\/p>\n<p>Si vous avez des questions, veuillez nous contacter via <a href=\"mailto:welkom@villaheidetuin.eu\" target=\"_blank\" rel=\"noopener\">Courriel<\/a> de <a href=\"tel:+31619117004\" target=\"_blank\" rel=\"noopener\">appelez-nous (+31 (0)619 117 004)<\/a>.<\/p>\n<\/div><div class=\"bde-rich-text-3759-102 bde-rich-text breakdance-rich-text-styles\">\nEn r\u00e9servant, vous acceptez <a href=\"https:\/\/villaheidetuin.eu\/fr\/bijzonder-overnachten\/prijzen-voorzieningen-en-annulering-voorwaarden\/\" rel=\"noopener\" target=\"_blank\">onze voorwaarden<\/a>.\n<\/div><div class=\"bde-shortcode-3759-103 bde-shortcode\"><div id=\"beds24target_10299_17763_0\"><iframe onload=\"window.parent.parent.scrollTo(0,0)\" src =\"https:\/\/www.beds24.com\/booking2.php?1&#038;ownerid=10299&#038;propid=17763&#038;hidefooter=0&#038;hidecalendar=0&#038;numnight=1&#038;numadult=2&#038;numchild=0&#038;layout=4&#038;referer=VilleSite&#038;https:\/\/www.beds24.com\/booking2.php?propid=17763\" width=\"800\" height=\"700\" style=\"max-width:100%;border:none;overflow:auto;\"><p><a href=\"https:\/\/www.beds24.com\/booking2.php?1&#038;ownerid=10299&#038;propid=17763&#038;hidefooter=0&#038;hidecalendar=0&#038;numnight=1&#038;numadult=2&#038;numchild=0&#038;layout=4&#038;referer=VilleSite&#038;https:\/\/www.beds24.com\/booking2.php?propid=17763\" target=\"_blank\" rel=\"noopener\">R\u00e9servez maintenant<\/a><\/p><\/iframe><\/div><\/div><\/div>\n<\/section>","protected":false},"excerpt":{"rendered":"<p>Boek hier&#8230;. Wenst u te boeken, kijk dan of op de betreffende datum\/data een kamer beschikbaar is. Klik in de datum bij de kamer van uw keuze en\/of vul de van\/tot gegevens in. Daarna kunt u uw gegevens invoeren en komt de boeking aanvraag tot stand. Na bevestiging via email is uw boeking definitief. Houd [&hellip;]<\/p>\n","protected":false},"author":2,"featured_media":0,"parent":0,"menu_order":0,"comment_status":"closed","ping_status":"closed","template":"","meta":{"_breakdance_hide_in_design_set":false,"_breakdance_tags":"","footnotes":""},"categories":[32,25],"tags":[],"class_list":["post-3759","page","type-page","status-publish","hentry","category-overnachten","category-rooms"],"_links":{"self":[{"href":"https:\/\/villaheidetuin.eu\/fr\/wp-json\/wp\/v2\/pages\/3759","targetHints":{"allow":["GET"]}}],"collection":[{"href":"https:\/\/villaheidetuin.eu\/fr\/wp-json\/wp\/v2\/pages"}],"about":[{"href":"https:\/\/villaheidetuin.eu\/fr\/wp-json\/wp\/v2\/types\/page"}],"author":[{"embeddable":true,"href":"https:\/\/villaheidetuin.eu\/fr\/wp-json\/wp\/v2\/users\/2"}],"replies":[{"embeddable":true,"href":"https:\/\/villaheidetuin.eu\/fr\/wp-json\/wp\/v2\/comments?post=3759"}],"version-history":[{"count":11,"href":"https:\/\/villaheidetuin.eu\/fr\/wp-json\/wp\/v2\/pages\/3759\/revisions"}],"predecessor-version":[{"id":183550,"href":"https:\/\/villaheidetuin.eu\/fr\/wp-json\/wp\/v2\/pages\/3759\/revisions\/183550"}],"wp:attachment":[{"href":"https:\/\/villaheidetuin.eu\/fr\/wp-json\/wp\/v2\/media?parent=3759"}],"wp:term":[{"taxonomy":"category","embeddable":true,"href":"https:\/\/villaheidetuin.eu\/fr\/wp-json\/wp\/v2\/categories?post=3759"},{"taxonomy":"post_tag","embeddable":true,"href":"https:\/\/villaheidetuin.eu\/fr\/wp-json\/wp\/v2\/tags?post=3759"}],"curies":[{"name":"wp","href":"https:\/\/api.w.org\/{rel}","templated":true}]}}