{"id":3692,"date":"2016-03-25T10:32:44","date_gmt":"2016-03-25T08:32:44","guid":{"rendered":"https:\/\/villaheidetuin.eu\/?page_id=3692"},"modified":"2025-12-15T23:01:20","modified_gmt":"2025-12-15T21:01:20","slug":"regles-de-la-maison","status":"publish","type":"page","link":"https:\/\/villaheidetuin.eu\/fr\/huisregels\/","title":{"rendered":"R\u00e8glement int\u00e9rieur"},"content":{"rendered":"<section class=\"bde-section-3692-100 bde-section\">\n  \n  \n\t\n\n\n\n<div class=\"section-container\"><h2 class=\"bde-heading-3692-101 bde-heading\">\nR\u00e8glement int\u00e9rieur\n<\/h2><div class=\"bde-rich-text-3692-102 bde-rich-text breakdance-rich-text-styles\">\n<p>Les r\u00e8gles de la maison de la Villa Heidetuin sont l\u00e0 pour cr\u00e9er une atmosph\u00e8re agr\u00e9able pour les clients et le personnel. C'est pourquoi nous vous prions de bien vouloir tenir compte de vos co-usagers et de ne pas d\u00e9ranger nos voisins.<\/p>\n<p>\u2022 Les r\u00e8gles de la maison et les instructions de notre personnel doivent toujours \u00eatre respect\u00e9es. Notre personnel est autoris\u00e9 \u00e0 expulser les clients qui se comportent de mani\u00e8re g\u00eanante et\/ou ne respectent pas les r\u00e8gles de la maison, et l'acc\u00e8s (continu) \u00e0 l'\u00e9tablissement de restauration peut \u00eatre refus\u00e9.<br \/>\u2022 Pas d'alcool avant 18 ans.<br \/>Contr\u00f4le d'acc\u00e8s avec authentification possible.<br \/>Les objets trouv\u00e9s doivent \u00eatre remis au bar.<br \/>\u2022 Vous pouvez signaler toute plainte \u00e0 votre sup\u00e9rieur.<br \/>\u2022 La direction d\u00e9cline toute responsabilit\u00e9 en cas de vol ou de vandalisme de vos biens.<br \/>\u2022 Les dommages caus\u00e9s \u00e0 l'\u00e9tablissement de restauration, au personnel et aux autres utilisateurs seront imput\u00e9s aux responsables.<br \/>\u2022 Il est interdit de poss\u00e9der ou d'utiliser des drogues, des armes ou d'autres objets pouvant \u00eatre utilis\u00e9s comme armes.<br \/>Il est interdit de fumer dans toute la villa. Sur la terrasse, nous avons am\u00e9nag\u00e9 un espace non-fumeur. <br \/>Il est interdit de commettre des vols ou des d\u00e9gradations. Nous porterons plainte et vous serez imm\u00e9diatement remis \u00e0 la police.<br \/>Il est interdit de consommer ses propres boissons et\/ou aliments.<br \/>Il est interdit d'utiliser de la vaisselle en verre en dehors des \u00e9tablissements de restauration.<br \/>\u2022 Les animaux de compagnie sont autoris\u00e9s <a href=\"https:\/\/villaheidetuin.eu\/fr\/maandag-open-bergen-op-zoom\/\" target=\"_blank\" rel=\"noreferrer noopener\">de salon<\/a> autoris\u00e9 entre 10h00-11h30 et 15h00-17h00, sur la v\u00e9randa les chiens sont les bienvenus toute la journ\u00e9e avec leurs propri\u00e9taires. Les chiens d'assistance sont autoris\u00e9s. Les animaux domestiques doivent \u00e0 tout moment \u00eatre tenus en laisse.<br \/>Il est interdit d'utiliser la violence, de discriminer et\/ou d'intimider sexuellement quelqu'un.<\/p>\n<p>\u00a0<\/p>\n<figure class=\"wp-block-gallery has-nested-images columns-default is-cropped wp-block-gallery-1 is-layout-flex wp-block-gallery-is-layout-flex\">\n<figure class=\"wp-block-image size-large\"><img loading=\"lazy\" decoding=\"async\" class=\"wp-image-4763\" src=\"https:\/\/villaheidetuin.eu\/wp-content\/uploads\/2018\/09\/img_0310-1024x1024.jpg\" sizes=\"auto, (max-width: 1024px) 100vw, 1024px\" srcset=\"https:\/\/villaheidetuin.eu\/wp-content\/uploads\/2018\/09\/img_0310-1024x1024.jpg 1024w, https:\/\/villaheidetuin.eu\/wp-content\/uploads\/2018\/09\/img_0310-150x150.jpg 150w, https:\/\/villaheidetuin.eu\/wp-content\/uploads\/2018\/09\/img_0310-300x300.jpg 300w, https:\/\/villaheidetuin.eu\/wp-content\/uploads\/2018\/09\/img_0310-768x768.jpg 768w, https:\/\/villaheidetuin.eu\/wp-content\/uploads\/2018\/09\/img_0310-930x930.jpg 930w, https:\/\/villaheidetuin.eu\/wp-content\/uploads\/2018\/09\/img_0310-1320x1320.jpg 1320w, https:\/\/villaheidetuin.eu\/wp-content\/uploads\/2018\/09\/img_0310-50x50.jpg 50w\" alt=\"Il est temps de faire une pause\" width=\"1024\" height=\"1024\" data-id=\"4763\" \/><\/figure>\n<figure class=\"wp-block-image size-large\"><img loading=\"lazy\" decoding=\"async\" class=\"wp-image-4749\" src=\"https:\/\/villaheidetuin.eu\/wp-content\/uploads\/2018\/09\/img_0304-1024x1024.jpg\" sizes=\"auto, (max-width: 1024px) 100vw, 1024px\" srcset=\"https:\/\/villaheidetuin.eu\/wp-content\/uploads\/2018\/09\/img_0304-1024x1024.jpg 1024w, https:\/\/villaheidetuin.eu\/wp-content\/uploads\/2018\/09\/img_0304-150x150.jpg 150w, https:\/\/villaheidetuin.eu\/wp-content\/uploads\/2018\/09\/img_0304-300x300.jpg 300w, https:\/\/villaheidetuin.eu\/wp-content\/uploads\/2018\/09\/img_0304-768x768.jpg 768w, https:\/\/villaheidetuin.eu\/wp-content\/uploads\/2018\/09\/img_0304-930x930.jpg 930w, https:\/\/villaheidetuin.eu\/wp-content\/uploads\/2018\/09\/img_0304-1320x1320.jpg 1320w, https:\/\/villaheidetuin.eu\/wp-content\/uploads\/2018\/09\/img_0304-50x50.jpg 50w\" alt=\"\" width=\"1024\" height=\"1024\" data-id=\"4749\" \/><\/figure>\n<\/figure>\n<\/div><\/div>\n<\/section>","protected":false},"excerpt":{"rendered":"<p>Huisregels Huisregels bij Villa Heidetuin zijn er om een prettige sfeer te cre\u00ebren voor zowel gasten en personeel.. Daarom vragen wij u om rekening te houden met uw medegebruikers en geen last te veroorzaken voor onze buren. \u2022 De huisregels en aanwijzingen van onze medewerkers dienen altijd te worden nageleefd. Onze medewerkers zijn gerechtigd, gasten [&hellip;]<\/p>\n","protected":false},"author":1,"featured_media":0,"parent":0,"menu_order":0,"comment_status":"closed","ping_status":"closed","template":"","meta":{"_breakdance_hide_in_design_set":false,"_breakdance_tags":"","footnotes":""},"categories":[],"tags":[],"class_list":["post-3692","page","type-page","status-publish","hentry"],"_links":{"self":[{"href":"https:\/\/villaheidetuin.eu\/fr\/wp-json\/wp\/v2\/pages\/3692","targetHints":{"allow":["GET"]}}],"collection":[{"href":"https:\/\/villaheidetuin.eu\/fr\/wp-json\/wp\/v2\/pages"}],"about":[{"href":"https:\/\/villaheidetuin.eu\/fr\/wp-json\/wp\/v2\/types\/page"}],"author":[{"embeddable":true,"href":"https:\/\/villaheidetuin.eu\/fr\/wp-json\/wp\/v2\/users\/1"}],"replies":[{"embeddable":true,"href":"https:\/\/villaheidetuin.eu\/fr\/wp-json\/wp\/v2\/comments?post=3692"}],"version-history":[{"count":5,"href":"https:\/\/villaheidetuin.eu\/fr\/wp-json\/wp\/v2\/pages\/3692\/revisions"}],"predecessor-version":[{"id":183614,"href":"https:\/\/villaheidetuin.eu\/fr\/wp-json\/wp\/v2\/pages\/3692\/revisions\/183614"}],"wp:attachment":[{"href":"https:\/\/villaheidetuin.eu\/fr\/wp-json\/wp\/v2\/media?parent=3692"}],"wp:term":[{"taxonomy":"category","embeddable":true,"href":"https:\/\/villaheidetuin.eu\/fr\/wp-json\/wp\/v2\/categories?post=3692"},{"taxonomy":"post_tag","embeddable":true,"href":"https:\/\/villaheidetuin.eu\/fr\/wp-json\/wp\/v2\/tags?post=3692"}],"curies":[{"name":"wp","href":"https:\/\/api.w.org\/{rel}","templated":true}]}}