{"id":3688,"date":"2016-03-25T10:31:38","date_gmt":"2016-03-25T08:31:38","guid":{"rendered":"https:\/\/villaheidetuin.eu\/?page_id=3688"},"modified":"2025-03-21T23:06:05","modified_gmt":"2025-03-21T21:06:05","slug":"qui-sommes-nous","status":"publish","type":"page","link":"https:\/\/villaheidetuin.eu\/fr\/wie-zijn-wij\/","title":{"rendered":"Qui sommes-nous"},"content":{"rendered":"<section class=\"bde-section-3688-100 bde-section\">\n  \n  \n\t\n\n\n\n<div class=\"section-container\"><h2 class=\"bde-heading-3688-101 bde-heading\">\nQui sommes-nous\n<\/h2><div class=\"bde-text-3688-102 bde-text\">\nNous, Don et Ingrid van Rooy, vous souhaitons la bienvenue sur le site web de la Villa Heidetuin.<br>Pour nous, Villa Heidetuin est un r\u00eave devenu r\u00e9alit\u00e9 : un magnifique domaine avec un grand jardin paysager o\u00f9 nous avons pu cr\u00e9er un Bed &amp; Breakfast chaleureux avec un restaurant de jour et une terrasse.\n<\/div><div class=\"bde-image-3688-103 bde-image\">\n<figure class=\"breakdance-image breakdance-image--183165\">\n\t<div class=\"breakdance-image-container\">\n\t\t<div class=\"breakdance-image-clip\"><img loading=\"lazy\" decoding=\"async\" class=\"breakdance-image-object\" src=\"https:\/\/villaheidetuin.eu\/wp-content\/uploads\/2025\/03\/3B4D769D-A799-4D07-A2A2-38D9D83DC2C2_1_102_o.jpeg\" width=\"1772\" height=\"1772\" srcset=\"https:\/\/villaheidetuin.eu\/wp-content\/uploads\/2025\/03\/3B4D769D-A799-4D07-A2A2-38D9D83DC2C2_1_102_o.jpeg 1772w, https:\/\/villaheidetuin.eu\/wp-content\/uploads\/2025\/03\/3B4D769D-A799-4D07-A2A2-38D9D83DC2C2_1_102_o-400x400.jpeg 400w, https:\/\/villaheidetuin.eu\/wp-content\/uploads\/2025\/03\/3B4D769D-A799-4D07-A2A2-38D9D83DC2C2_1_102_o-1024x1024.jpeg 1024w, https:\/\/villaheidetuin.eu\/wp-content\/uploads\/2025\/03\/3B4D769D-A799-4D07-A2A2-38D9D83DC2C2_1_102_o-600x600.jpeg 600w, https:\/\/villaheidetuin.eu\/wp-content\/uploads\/2025\/03\/3B4D769D-A799-4D07-A2A2-38D9D83DC2C2_1_102_o-768x768.jpeg 768w, https:\/\/villaheidetuin.eu\/wp-content\/uploads\/2025\/03\/3B4D769D-A799-4D07-A2A2-38D9D83DC2C2_1_102_o-1536x1536.jpeg 1536w\" sizes=\"auto, (max-width: 1772px) 100vw, 1772px\"><\/div>\n\t<\/div><\/figure>\n\n<\/div><div class=\"bde-text-3688-104 bde-text\">\nUn endroit o\u00f9 nous nous sentons chez nous, et o\u00f9 nous faisons tout pour que nos h\u00f4tes se sentent \u00e9galement chez eux. Car nous aimons partager notre r\u00eave avec vous : que vous veniez passer la nuit, d\u00e9jeuner ou simplement vous d\u00e9tendre avec un verre dans le jardin, nous sommes ravis de vous accueillir dans notre petit coin de paradis.<br><br>Ensemble avec nos trois enfants, Fae, Nyc et Tink, nous vivons au premier \u00e9tage de la propri\u00e9t\u00e9. Ensemble, nous faisons de notre mieux pour rendre votre s\u00e9jour aussi agr\u00e9able que possible. Soyez les bienvenus et profitez de l'atmosph\u00e8re chaleureuse qui caract\u00e9rise si bien notre Villa !\n<\/div><\/div>\n<\/section>","protected":false},"excerpt":{"rendered":"<p>Wie zijn wij Wij, Don en Ingrid van Rooy, heten je van harte welkom op de website van Villa Heidetuin.Voor ons is Villa Heidetuin een droom die uitkomt: een schitterend landgoed met een grote parkachtige tuin waar we een sfeervolle Bed &#038; Breakfast met daghoreca en terras van hebben kunnen maken. Een plek waar wij [&hellip;]<\/p>\n","protected":false},"author":1,"featured_media":0,"parent":0,"menu_order":0,"comment_status":"closed","ping_status":"closed","template":"","meta":{"_breakdance_hide_in_design_set":false,"_breakdance_tags":"","footnotes":""},"categories":[],"tags":[],"class_list":["post-3688","page","type-page","status-publish","hentry"],"_links":{"self":[{"href":"https:\/\/villaheidetuin.eu\/fr\/wp-json\/wp\/v2\/pages\/3688","targetHints":{"allow":["GET"]}}],"collection":[{"href":"https:\/\/villaheidetuin.eu\/fr\/wp-json\/wp\/v2\/pages"}],"about":[{"href":"https:\/\/villaheidetuin.eu\/fr\/wp-json\/wp\/v2\/types\/page"}],"author":[{"embeddable":true,"href":"https:\/\/villaheidetuin.eu\/fr\/wp-json\/wp\/v2\/users\/1"}],"replies":[{"embeddable":true,"href":"https:\/\/villaheidetuin.eu\/fr\/wp-json\/wp\/v2\/comments?post=3688"}],"version-history":[{"count":4,"href":"https:\/\/villaheidetuin.eu\/fr\/wp-json\/wp\/v2\/pages\/3688\/revisions"}],"predecessor-version":[{"id":183166,"href":"https:\/\/villaheidetuin.eu\/fr\/wp-json\/wp\/v2\/pages\/3688\/revisions\/183166"}],"wp:attachment":[{"href":"https:\/\/villaheidetuin.eu\/fr\/wp-json\/wp\/v2\/media?parent=3688"}],"wp:term":[{"taxonomy":"category","embeddable":true,"href":"https:\/\/villaheidetuin.eu\/fr\/wp-json\/wp\/v2\/categories?post=3688"},{"taxonomy":"post_tag","embeddable":true,"href":"https:\/\/villaheidetuin.eu\/fr\/wp-json\/wp\/v2\/tags?post=3688"}],"curies":[{"name":"wp","href":"https:\/\/api.w.org\/{rel}","templated":true}]}}