{"id":2726,"date":"2014-12-04T01:31:23","date_gmt":"2014-12-03T23:31:23","guid":{"rendered":"https:\/\/villaheidetuin.eu\/?page_id=2726"},"modified":"2024-06-19T16:51:15","modified_gmt":"2024-06-19T14:51:15","slug":"arrangement-de-reunion","status":"publish","type":"page","link":"https:\/\/villaheidetuin.eu\/fr\/vergaderarrangement\/","title":{"rendered":"Arrangement de r\u00e9union"},"content":{"rendered":"<section class=\"bde-section-2726-100 bde-section\">\n  \n  \n\t\n\n\n\n<div class=\"section-container\"><div class=\"bde-image-2726-101 bde-image\">\n<figure class=\"breakdance-image breakdance-image--6246\">\n\t<div class=\"breakdance-image-container\">\n\t\t<div class=\"breakdance-image-clip\"><img loading=\"lazy\" decoding=\"async\" class=\"breakdance-image-object\" src=\"https:\/\/villaheidetuin.eu\/wp-content\/uploads\/2020\/05\/bibliotheek-2.jpg\" width=\"1200\" height=\"798\" srcset=\"https:\/\/villaheidetuin.eu\/wp-content\/uploads\/2020\/05\/bibliotheek-2.jpg 1200w, https:\/\/villaheidetuin.eu\/wp-content\/uploads\/2020\/05\/bibliotheek-2-400x266.jpg 400w, https:\/\/villaheidetuin.eu\/wp-content\/uploads\/2020\/05\/bibliotheek-2-1024x681.jpg 1024w, https:\/\/villaheidetuin.eu\/wp-content\/uploads\/2020\/05\/bibliotheek-2-768x511.jpg 768w, https:\/\/villaheidetuin.eu\/wp-content\/uploads\/2020\/05\/bibliotheek-2-600x400.jpg 600w\" sizes=\"auto, (max-width: 1200px) 100vw, 1200px\"><\/div>\n\t<\/div><\/figure>\n\n<\/div><div class=\"bde-rich-text-2726-102 bde-rich-text breakdance-rich-text-styles\">\n<p class=\"has-medium-font-size\"><strong>R\u00e9union matinale<\/strong><\/p>\n<p>Utilisez la biblioth\u00e8que pendant deux heures au plus tard\u00a0<a href=\"x-apple-data-detectors:\/\/0\">11h00<\/a><\/p>\n<p>Vid\u00e9oprojecteur avec \u00e9cran et paperboard si d\u00e9sir\u00e9<br \/>Caf\u00e9, th\u00e9 et eau illimit\u00e9s de toutes sortes<br \/>Papeterie pour chaque invit\u00e9<br \/>Petit-d\u00e9jeuner pendant la r\u00e9union compos\u00e9 de divers petits pains ; croissants ; garnitures de luxe ; fruits frais ; yaourt ; muesli ; noix ; \u0153uf...<\/p>\n<p>Prix : 37,50 \u20ac par personne<\/p>\n<p class=\"has-medium-font-size\"><strong>R\u00e9union du soir<\/strong><\/p>\n<p>Utilisez la biblioth\u00e8que jusqu'\u00e0 2h30 au plus tard\u00a0<a href=\"x-apple-data-detectors:\/\/2\">23h00<\/a><\/p>\n<p>Vid\u00e9oprojecteur avec \u00e9cran et paperboard si d\u00e9sir\u00e9<br \/>Caf\u00e9, th\u00e9 et eau illimit\u00e9s de toutes sortes<br \/>Papeterie pour chaque invit\u00e9<br \/>B\u00e2tir la r\u00e9ception une part de tarte fra\u00eechement faite<br \/>Un verre de vin, une bi\u00e8re fra\u00eeche ou pression<br \/>\u00c9tag\u00e8re de finger food chaud et froid avec quelques petites gourmandises<\/p>\n<p>Prix : 42,50 \u20ac par personne<\/p>\n<p class=\"has-medium-font-size\"><strong>Forfait de r\u00e9union de villa de 4 heures sans d\u00e9jeuner\u00a0<\/strong><\/p>\n<p>Utiliser la biblioth\u00e8que matin ou apr\u00e8s-midi\u00a0<\/p>\n<p>Beamer avec \u00e9cran et paperboard<br \/>Caf\u00e9, th\u00e9 et eau illimit\u00e9s de toutes sortes<br \/>Papeterie pour chaque invit\u00e9<br \/>Pause caf\u00e9 avec une part de tarte du jour \u00e0 la carte (ou pause saine)<\/p>\n<p>Prix : 32,50 \u20ac par personne\u00a0<\/p>\n<p><em>Bien s\u00fbr, d\u00e9jeuner \u00e0 la carte est possible !<\/em><\/p>\n<p class=\"has-medium-font-size\"><strong>Arrangement de r\u00e9union Villa Deluxe 4 heures avec d\u00e9jeuner<\/strong><\/p>\n<p>Utiliser la biblioth\u00e8que matin ou apr\u00e8s-midi<\/p>\n<p>Beamer avec \u00e9cran et paperboard<br \/>Papeterie pour chaque invit\u00e9<br \/>Caf\u00e9, th\u00e9 et eau illimit\u00e9s de toutes sortes<br \/>Pause-caf\u00e9 avec une part de tarte du jour au choix (ou pause saine)<br \/>D\u00e9jeuner compos\u00e9 d'une soupe et de divers sandwiches, wraps et petits pains de luxe, verre de jus d'orange fra\u00eechement press\u00e9<\/p>\n<p>Prix : 52,50 \u20ac par personne<\/p>\n<p class=\"has-medium-font-size\"><strong>Forfait r\u00e9union de 4 heures en villa avec d\u00eener<\/strong><\/p>\n<p>Utilisez la biblioth\u00e8que de 17h \u00e0 22h\/22h30.<\/p>\n<p>Beamer avec \u00e9cran et paperboard<br \/>Papeterie pour chaque invit\u00e9<br \/>Caf\u00e9, th\u00e9 et eau illimit\u00e9s de toutes sortes<br \/>Diner \u00e0 trois plats avec choix poisson\/viande que nous aimerions recevoir 5 jours \u00e0 l'avance<br \/>Rond\u00a0<a href=\"x-apple-data-detectors:\/\/6\">21h30<\/a>\u00a0petite collation avec boisson au choix (vin, bi\u00e8re, boisson gazeuse, jus)<\/p>\n<p>Prix : 75,00 \u20ac par personne<\/p>\n<p class=\"has-medium-font-size\"><strong>S\u00e9jour de 8 heures en villa avec arrangement pour r\u00e9union<\/strong>\u00a0<\/p>\n<p>Utiliser la biblioth\u00e8que de\u00a0<a href=\"x-apple-data-detectors:\/\/8\">09.00-17.00<\/a>\u00a0peu importe (un peu plus t\u00f4t ou plus tard n'a \u00e9videmment pas d'importance pour nous !)<br \/><br \/>Beamer avec \u00e9cran et paperboard<br \/>Caf\u00e9, th\u00e9 et eau illimit\u00e9s de toutes sortes<br \/>Papeterie pour chaque invit\u00e9<br \/>Pause caf\u00e9 avec une part de tarte du jour au choix<br \/>D\u00e9jeuner compos\u00e9 d'une soupe et de divers sandwiches, wraps et petits pains de luxe, verre de jus d'orange fra\u00eechement press\u00e9<br \/>Pause d\u00e9jeuner saine<\/p>\n<p>Prix : 62,50 \u20ac par personne\u00a0<\/p>\n<p class=\"has-medium-font-size\"><strong>Forfait de r\u00e9union Villa Deluxe de 8 heures<\/strong>\u00a0<\/p>\n<p>Utiliser la biblioth\u00e8que de\u00a0<a href=\"x-apple-data-detectors:\/\/10\">09.00-17.00<\/a>\u00a0peu importe (un peu plus t\u00f4t ou plus tard n'a \u00e9videmment pas d'importance pour nous !)<\/p>\n<p>Beamer avec \u00e9cran et paperboard<br \/>Papeterie pour chaque invit\u00e9<br \/>Caf\u00e9, th\u00e9 et eau illimit\u00e9s de toutes sortes<br \/>Pause caf\u00e9 avec une part de tarte du jour au choix<br \/>D\u00e9jeuner trois services avec entr\u00e9e, plat principal au choix poisson\/viande et petit dessert<br \/>Pause d\u00e9jeuner saine<\/p>\n<p>Prix : 75,00 \u20ac par personne<\/p>\n<p>\u00a0<\/p>\n<p>\u00a0<\/p>\n<p><em>Si vous souhaitez \u00e9galement d\u00eener le soir, c'est possible en concertation et nous serons heureux de discuter d'un menu !<\/em><\/p>\n<p><em>Si le groupe compte moins de 6 personnes, nous facturons un suppl\u00e9ment de 15% par personne<\/em><\/p>\n<p><em>Pour 4 personnes, aucun forfait de r\u00e9union n'est possible, mais nous facturons la location s\u00e9par\u00e9ment ainsi que la consommation de boissons\/nourriture...<\/em><\/p>\n<p><em>La biblioth\u00e8que peut \u00e9galement \u00eatre lou\u00e9e sans forfait, le co\u00fbt est alors de 100 \u20ac par demi-journ\u00e9e \u00e0 partir de 6 personnes, hors caf\u00e9\/th\u00e9\/d\u00e9jeuner, etc. (le soir, un suppl\u00e9ment de 50 \u20ac est appliqu\u00e9 car nous restons ouverts\/ouvrons sp\u00e9cialement pour l'occasion).<\/em><\/p>\n<p><em>Entre 4 et 6 personnes, nous facturons 150,00 \u20ac par demi-journ\u00e9e (200 \u20ac de 10h \u00e0 17h).<\/em><\/p>\n<p><em>Pour 4 personnes, nous comptons 200 \u20ac par demi-journ\u00e9e (300 \u20ac de 10h \u00e0 17h).<\/em><\/p>\n<\/div><\/div>\n<\/section>","protected":false},"excerpt":{"rendered":"<p>Breakfast meeting Gebruik bibliotheek voor twee uurtjes tot uiterlijk\u00a011.00 uur Beamer met scherm en flip-over indien gewenstOnbeperkt alle soorten koffie, thee en waterSchrijfwaren voor iedere gastOntbijt gedurende de meeting bestaande uit diverse broodjes; croissants; luxe beleg; vers fruit; joghurt; cruesli; noten; eitje \u2026. Prijs: \u20ac 37,50 per persoon Evening meeting Gebruik bibliotheek voor 2,5 uur [&hellip;]<\/p>\n","protected":false},"author":1,"featured_media":0,"parent":0,"menu_order":0,"comment_status":"open","ping_status":"open","template":"","meta":{"_breakdance_hide_in_design_set":false,"_breakdance_tags":"","footnotes":""},"categories":[44,38,31],"tags":[],"class_list":["post-2726","page","type-page","status-publish","hentry","category-heidag","category-reserveringen","category-welkom"],"_links":{"self":[{"href":"https:\/\/villaheidetuin.eu\/fr\/wp-json\/wp\/v2\/pages\/2726","targetHints":{"allow":["GET"]}}],"collection":[{"href":"https:\/\/villaheidetuin.eu\/fr\/wp-json\/wp\/v2\/pages"}],"about":[{"href":"https:\/\/villaheidetuin.eu\/fr\/wp-json\/wp\/v2\/types\/page"}],"author":[{"embeddable":true,"href":"https:\/\/villaheidetuin.eu\/fr\/wp-json\/wp\/v2\/users\/1"}],"replies":[{"embeddable":true,"href":"https:\/\/villaheidetuin.eu\/fr\/wp-json\/wp\/v2\/comments?post=2726"}],"version-history":[{"count":2,"href":"https:\/\/villaheidetuin.eu\/fr\/wp-json\/wp\/v2\/pages\/2726\/revisions"}],"predecessor-version":[{"id":182543,"href":"https:\/\/villaheidetuin.eu\/fr\/wp-json\/wp\/v2\/pages\/2726\/revisions\/182543"}],"wp:attachment":[{"href":"https:\/\/villaheidetuin.eu\/fr\/wp-json\/wp\/v2\/media?parent=2726"}],"wp:term":[{"taxonomy":"category","embeddable":true,"href":"https:\/\/villaheidetuin.eu\/fr\/wp-json\/wp\/v2\/categories?post=2726"},{"taxonomy":"post_tag","embeddable":true,"href":"https:\/\/villaheidetuin.eu\/fr\/wp-json\/wp\/v2\/tags?post=2726"}],"curies":[{"name":"wp","href":"https:\/\/api.w.org\/{rel}","templated":true}]}}