{"id":183849,"date":"2026-02-05T23:01:02","date_gmt":"2026-02-05T21:01:02","guid":{"rendered":"https:\/\/villaheidetuin.eu\/?page_id=183849"},"modified":"2026-02-06T16:50:16","modified_gmt":"2026-02-06T14:50:16","slug":"le-brabantse-wal-un-site-naturel-unique","status":"publish","type":"page","link":"https:\/\/villaheidetuin.eu\/fr\/de-brabantse-wal-een-uniek-stuk-natuur\/","title":{"rendered":"La Brabantse Wal, un coin de nature unique"},"content":{"rendered":"<section class=\"bde-section-183849-100 bde-section\">\n  \n  \n\t\n\n\n\n<div class=\"section-container\"><h3 class=\"bde-heading-183849-103 bde-heading\">\n\u00c0 la fronti\u00e8re du Brabant et de la Z\u00e9lande se trouve la Brabantse Wal, l'un des trois Paysages d'Attrait du Brabant-Septentrional. Une r\u00e9gion o\u00f9 la beaut\u00e9 naturelle, les monuments et les \u00e9v\u00e9nements culturels sont intimement li\u00e9s.\n<\/h3><img decoding=\"async\" class=\"bde-image2-183849-104 bde-image2\" src=\"https:\/\/villaheidetuin.eu\/wp-content\/uploads\/2026\/02\/IMG_7665-scaled-1.jpeg\" loading=\"lazy\" srcset=\"https:\/\/villaheidetuin.eu\/wp-content\/uploads\/2026\/02\/IMG_7665-scaled-1.jpeg 2560w, https:\/\/villaheidetuin.eu\/wp-content\/uploads\/2026\/02\/IMG_7665-scaled-1-400x300.jpeg 400w, https:\/\/villaheidetuin.eu\/wp-content\/uploads\/2026\/02\/IMG_7665-scaled-1-1024x768.jpeg 1024w, https:\/\/villaheidetuin.eu\/wp-content\/uploads\/2026\/02\/IMG_7665-scaled-1-768x576.jpeg 768w, https:\/\/villaheidetuin.eu\/wp-content\/uploads\/2026\/02\/IMG_7665-scaled-1-1536x1152.jpeg 1536w, https:\/\/villaheidetuin.eu\/wp-content\/uploads\/2026\/02\/IMG_7665-scaled-1-2048x1536.jpeg 2048w\" sizes=\"(max-width: 2560px) 100vw, 2560px\"><div class=\"bde-rich-text-183849-101 bde-rich-text breakdance-rich-text-styles\">\n<h2><\/h2>\n<p>La Brabantse Wal est un plateau sablonneux qui s'\u00e9tend dans l'extr\u00eame ouest de la province du Brabant-Septentrional, de la fronti\u00e8re belge au sud jusqu'\u00e0 Steenbergen au nord et jusqu'\u00e0 la Wouwse Plantage \u00e0 l'est. La r\u00e9gion se distingue par une grande diversit\u00e9 de paysages. Le terrain vallonn\u00e9 de la Brabantse Wal atteint jusqu'\u00e0 20 m\u00e8tres au-dessus du niveau de la mer pr\u00e8s de Woensdrecht et offre de belles vues panoramiques. Apr\u00e8s la mont\u00e9e, le paysage redescend brusquement vers les vastes polders autour de Steenbergen, les eaux du delta z\u00e9landais et les for\u00eats de la Wouwse Plantage. Au centre de la r\u00e9gion se trouve Bergen op Zoom.<\/p>\n<h2> <\/h2>\n<p>La Brabantse Wal doit son nom \u00e0 la falaise qui serpente \u00e0 travers le paysage. On y trouve des d\u00e9nivellations allant jusqu'\u00e0 20 m\u00e8tres. Montez \u00e0 v\u00e9lo et d\u00e9couvrez les nombreuses pistes cyclables le long de Putte, Woensdrecht, Bergen op Zoom, Halsteren, Steenbergen et Dinteloord. Ou enfilez vos chaussures de marche et d\u00e9couvrez la beaut\u00e9 du paysage ainsi que des villages et des villes. Profitez du calme sur l'eau et naviguez en barque d'une marina \u00e0 l'autre.<\/p>\n<h2><\/h2>\n<\/div><div class=\"bde-rich-text-183849-102 bde-rich-text breakdance-rich-text-styles\">\n<p>Mais le Brabantse Wal a bien plus \u00e0 offrir qu'un paysage magnifique. Les amateurs de culture pourront se r\u00e9galer au palais urbain du Markiezenhof ou dans l'un des nombreux monuments et mus\u00e9es r\u00e9gionaux. Et que dire des innombrables \u00e9v\u00e9nements ? Des festivals de musique aux \u00e9v\u00e9nements culinaires, il y a de quoi faire. Le Brabantse Wal offre \u00e9galement de nombreuses distractions pour les enfants. Une chasse au tr\u00e9sor \u00e0 travers Bergen op Zoom ou dans la for\u00eat, la d\u00e9couverte d'animaux \u00e0 Dintelse Gorzen et l'escalade en for\u00eat. Ce n'est qu'un petit aper\u00e7u de tout ce qu'il y a \u00e0 faire dans le Brabantse Wal.<\/p>\n<\/div><div class=\"bde-image-accordion-183849-106 bde-image-accordion\">\n\n  \n    \n    <div class=\"ee-image-accordion-item ee-image-accordion-item-1\">\n\n                            \n            \n            \n\n    \n    \n    \n    \n    \n    <a class=\"breakdance-link ee-image-accordion-link\" href=\"https:\/\/www.vvvbrabantsewal.nl\/\" target=\"_self\" data-type=\"url\" aria-label=\"V\u00e9los\" rel=\"noopener\">\n    <\/a>\n\n            \n       \n\n                      <div class=\"ee-image-accordion-content-item ee-image-accordion-icon\"><svg xmlns=\"http:\/\/www.w3.org\/2000\/svg\" viewbox=\"0 0 640 512\"><!-- Font Awesome Free 5.15.1 by @fontawesome - https:\/\/fontawesome.com License - https:\/\/fontawesome.com\/license\/free (Icons: CC BY 4.0, Fonts: SIL OFL 1.1, Code: MIT License) --><path d=\"M512.509 192.001c-16.373-.064-32.03 2.955-46.436 8.495l-77.68-125.153A24 24 0 0 0 368.001 64h-64c-8.837 0-16 7.163-16 16v16c0 8.837 7.163 16 16 16h50.649l14.896 24H256.002v-16c0-8.837-7.163-16-16-16h-87.459c-13.441 0-24.777 10.999-24.536 24.437.232 13.044 10.876 23.563 23.995 23.563h48.726l-29.417 47.52c-13.433-4.83-27.904-7.483-42.992-7.52C58.094 191.83.412 249.012.002 319.236-.413 390.279 57.055 448 128.002 448c59.642 0 109.758-40.793 123.967-96h52.033a24 24 0 0 0 20.406-11.367L410.37 201.77l14.938 24.067c-25.455 23.448-41.385 57.081-41.307 94.437.145 68.833 57.899 127.051 126.729 127.719 70.606.685 128.181-55.803 129.255-125.996 1.086-70.941-56.526-129.72-127.476-129.996zM186.75 265.772c9.727 10.529 16.673 23.661 19.642 38.228h-43.306l23.664-38.228zM128.002 400c-44.112 0-80-35.888-80-80s35.888-80 80-80c5.869 0 11.586.653 17.099 1.859l-45.505 73.509C89.715 331.327 101.213 352 120.002 352h81.3c-12.37 28.225-40.562 48-73.3 48zm162.63-96h-35.624c-3.96-31.756-19.556-59.894-42.383-80.026L237.371 184h127.547l-74.286 120zm217.057 95.886c-41.036-2.165-74.049-35.692-75.627-76.755-.812-21.121 6.633-40.518 19.335-55.263l44.433 71.586c4.66 7.508 14.524 9.816 22.032 5.156l13.594-8.437c7.508-4.66 9.817-14.524 5.156-22.032l-44.468-71.643a79.901 79.901 0 0 1 19.858-2.497c44.112 0 80 35.888 80 80-.001 45.54-38.252 82.316-84.313 79.885z\"\/><\/svg><\/div>\n                    \n                      <div class=\"ee-image-accordion-content-item ee-image-accordion-title\" >V\u00e9los<\/div>\n          \n                      <div class=\"ee-image-accordion-content-item ee-image-accordion-desc\"  >Vaste netwerk van fietspaden<\/div>\n          \n      \n                    <img loading=\"lazy\" decoding=\"async\" class=\"breakdance-image-object\" src=\"https:\/\/villaheidetuin.eu\/wp-content\/uploads\/2026\/02\/VVVBrabantsewal-20-scaled-1.jpg\" width=\"1709\" height=\"2560\" srcset=\"https:\/\/villaheidetuin.eu\/wp-content\/uploads\/2026\/02\/VVVBrabantsewal-20-scaled-1.jpg 1709w, https:\/\/villaheidetuin.eu\/wp-content\/uploads\/2026\/02\/VVVBrabantsewal-20-scaled-1-267x400.jpg 267w, https:\/\/villaheidetuin.eu\/wp-content\/uploads\/2026\/02\/VVVBrabantsewal-20-scaled-1-684x1024.jpg 684w, https:\/\/villaheidetuin.eu\/wp-content\/uploads\/2026\/02\/VVVBrabantsewal-20-scaled-1-768x1150.jpg 768w, https:\/\/villaheidetuin.eu\/wp-content\/uploads\/2026\/02\/VVVBrabantsewal-20-scaled-1-1025x1536.jpg 1025w, https:\/\/villaheidetuin.eu\/wp-content\/uploads\/2026\/02\/VVVBrabantsewal-20-scaled-1-1367x2048.jpg 1367w\" sizes=\"auto, (max-width: 1709px) 100vw, 1709px\">\n        \n    <\/div>\n\n  \n    \n    <div class=\"ee-image-accordion-item ee-image-accordion-item-2\">\n\n                            \n            \n            \n\n    \n    \n    \n    \n    \n    <a class=\"breakdance-link ee-image-accordion-link\" href=\"https:\/\/www.vvvbrabantsewal.nl\/\" target=\"_self\" data-type=\"url\" aria-label=\"Promenades\" rel=\"noopener\">\n    <\/a>\n\n            \n       \n\n                      <div class=\"ee-image-accordion-content-item ee-image-accordion-icon\"><svg xmlns=\"http:\/\/www.w3.org\/2000\/svg\" viewbox=\"0 0 320 512\"><!-- Font Awesome Free 5.15.1 by @fontawesome - https:\/\/fontawesome.com License - https:\/\/fontawesome.com\/license\/free (Icons: CC BY 4.0, Fonts: SIL OFL 1.1, Code: MIT License) --><path d=\"M208 96c26.5 0 48-21.5 48-48S234.5 0 208 0s-48 21.5-48 48 21.5 48 48 48zm94.5 149.1l-23.3-11.8-9.7-29.4c-14.7-44.6-55.7-75.8-102.2-75.9-36-.1-55.9 10.1-93.3 25.2-21.6 8.7-39.3 25.2-49.7 46.2L17.6 213c-7.8 15.8-1.5 35 14.2 42.9 15.6 7.9 34.6 1.5 42.5-14.3L81 228c3.5-7 9.3-12.5 16.5-15.4l26.8-10.8-15.2 60.7c-5.2 20.8.4 42.9 14.9 58.8l59.9 65.4c7.2 7.9 12.3 17.4 14.9 27.7l18.3 73.3c4.3 17.1 21.7 27.6 38.8 23.3 17.1-4.3 27.6-21.7 23.3-38.8l-22.2-89c-2.6-10.3-7.7-19.9-14.9-27.7l-45.5-49.7 17.2-68.7 5.5 16.5c5.3 16.1 16.7 29.4 31.7 37l23.3 11.8c15.6 7.9 34.6 1.5 42.5-14.3 7.7-15.7 1.4-35.1-14.3-43zM73.6 385.8c-3.2 8.1-8 15.4-14.2 21.5l-50 50.1c-12.5 12.5-12.5 32.8 0 45.3s32.7 12.5 45.2 0l59.4-59.4c6.1-6.1 10.9-13.4 14.2-21.5l13.5-33.8c-55.3-60.3-38.7-41.8-47.4-53.7l-20.7 51.5z\"\/><\/svg><\/div>\n                    \n                      <div class=\"ee-image-accordion-content-item ee-image-accordion-title\" >Promenades<\/div>\n          \n                      <div class=\"ee-image-accordion-content-item ee-image-accordion-desc\"  >La Villa Heidetuin est situ\u00e9e juste \u00e0 c\u00f4t\u00e9 d'une vaste r\u00e9serve naturelle. Id\u00e9al pour les promenades.<\/div>\n          \n      \n                    <img loading=\"lazy\" decoding=\"async\" class=\"breakdance-image-object\" src=\"https:\/\/villaheidetuin.eu\/wp-content\/uploads\/2025\/11\/villaheidetuin_herfst-3.jpg\" width=\"1800\" height=\"1198\" srcset=\"https:\/\/villaheidetuin.eu\/wp-content\/uploads\/2025\/11\/villaheidetuin_herfst-3.jpg 1800w, https:\/\/villaheidetuin.eu\/wp-content\/uploads\/2025\/11\/villaheidetuin_herfst-3-400x266.jpg 400w, https:\/\/villaheidetuin.eu\/wp-content\/uploads\/2025\/11\/villaheidetuin_herfst-3-1024x682.jpg 1024w, https:\/\/villaheidetuin.eu\/wp-content\/uploads\/2025\/11\/villaheidetuin_herfst-3-768x511.jpg 768w, https:\/\/villaheidetuin.eu\/wp-content\/uploads\/2025\/11\/villaheidetuin_herfst-3-1536x1022.jpg 1536w, https:\/\/villaheidetuin.eu\/wp-content\/uploads\/2025\/11\/villaheidetuin_herfst-3-600x400.jpg 600w\" sizes=\"auto, (max-width: 1800px) 100vw, 1800px\">\n        \n    <\/div>\n\n  \n    \n    <div class=\"ee-image-accordion-item ee-image-accordion-item-3\">\n\n                            \n            \n            \n\n    \n    \n    \n    \n    \n    <a class=\"breakdance-link ee-image-accordion-link\" href=\"https:\/\/bergenopzoom.nu\" target=\"_blank\" data-type=\"url\" aria-label=\"Visitez Beregen sur Zoom\" rel=\"noopener\">\n    <\/a>\n\n            \n       \n\n                      <div class=\"ee-image-accordion-content-item ee-image-accordion-icon\"><svg xmlns=\"http:\/\/www.w3.org\/2000\/svg\" viewbox=\"0 0 480 512\"><!-- Font Awesome Free 5.15.1 by @fontawesome - https:\/\/fontawesome.com License - https:\/\/fontawesome.com\/license\/free (Icons: CC BY 4.0, Fonts: SIL OFL 1.1, Code: MIT License) --><path d=\"M438.66 212.33l-11.24-28.1-19.93-49.83C390.38 91.63 349.57 64 303.5 64h-127c-46.06 0-86.88 27.63-103.99 70.4l-19.93 49.83-11.24 28.1C17.22 221.5 0 244.66 0 272v48c0 16.12 6.16 30.67 16 41.93V416c0 17.67 14.33 32 32 32h32c17.67 0 32-14.33 32-32v-32h256v32c0 17.67 14.33 32 32 32h32c17.67 0 32-14.33 32-32v-54.07c9.84-11.25 16-25.8 16-41.93v-48c0-27.34-17.22-50.5-41.34-59.67zm-306.73-54.16c7.29-18.22 24.94-30.17 44.57-30.17h127c19.63 0 37.28 11.95 44.57 30.17L368 208H112l19.93-49.83zM80 319.8c-19.2 0-32-12.76-32-31.9S60.8 256 80 256s48 28.71 48 47.85-28.8 15.95-48 15.95zm320 0c-19.2 0-48 3.19-48-15.95S380.8 256 400 256s32 12.76 32 31.9-12.8 31.9-32 31.9z\"\/><\/svg><\/div>\n                    \n                      <div class=\"ee-image-accordion-content-item ee-image-accordion-title\" >Visitez Beregen sur Zoom<\/div>\n          \n                      <div class=\"ee-image-accordion-content-item ee-image-accordion-desc\"  >Une ville au caract\u00e8re historique fort et aux nombreux \u00e9v\u00e9nements<\/div>\n          \n      \n                    <img loading=\"lazy\" decoding=\"async\" class=\"breakdance-image-object\" src=\"https:\/\/villaheidetuin.eu\/wp-content\/uploads\/2026\/02\/IMG_1540-scaled-1.jpeg\" width=\"2560\" height=\"1806\" srcset=\"https:\/\/villaheidetuin.eu\/wp-content\/uploads\/2026\/02\/IMG_1540-scaled-1.jpeg 2560w, https:\/\/villaheidetuin.eu\/wp-content\/uploads\/2026\/02\/IMG_1540-scaled-1-400x282.jpeg 400w, https:\/\/villaheidetuin.eu\/wp-content\/uploads\/2026\/02\/IMG_1540-scaled-1-1024x722.jpeg 1024w, https:\/\/villaheidetuin.eu\/wp-content\/uploads\/2026\/02\/IMG_1540-scaled-1-768x542.jpeg 768w, https:\/\/villaheidetuin.eu\/wp-content\/uploads\/2026\/02\/IMG_1540-scaled-1-1536x1084.jpeg 1536w, https:\/\/villaheidetuin.eu\/wp-content\/uploads\/2026\/02\/IMG_1540-scaled-1-2048x1445.jpeg 2048w\" sizes=\"auto, (max-width: 2560px) 100vw, 2560px\">\n        \n    <\/div>\n\n  <\/div><\/div>\n<\/section>","protected":false},"excerpt":{"rendered":"<p>Op de grens van Brabant en Zeeland ligt de Brabantse Wal, een van de drie Landschappen van Allure in Noord Brabant. Een gebied waar natuurschoon, monumenten en culturele evenementen innig met elkaar verweven zijn. De Brabantse Wal is een zandplateau dat zich in het uiterste westen van de provincie Noord-Brabant, uitstrekt van de Belgische grens [&hellip;]<\/p>\n","protected":false},"author":1,"featured_media":0,"parent":0,"menu_order":0,"comment_status":"closed","ping_status":"closed","template":"","meta":{"_breakdance_hide_in_design_set":false,"_breakdance_tags":"","footnotes":""},"categories":[],"tags":[],"class_list":["post-183849","page","type-page","status-publish","hentry"],"_links":{"self":[{"href":"https:\/\/villaheidetuin.eu\/fr\/wp-json\/wp\/v2\/pages\/183849","targetHints":{"allow":["GET"]}}],"collection":[{"href":"https:\/\/villaheidetuin.eu\/fr\/wp-json\/wp\/v2\/pages"}],"about":[{"href":"https:\/\/villaheidetuin.eu\/fr\/wp-json\/wp\/v2\/types\/page"}],"author":[{"embeddable":true,"href":"https:\/\/villaheidetuin.eu\/fr\/wp-json\/wp\/v2\/users\/1"}],"replies":[{"embeddable":true,"href":"https:\/\/villaheidetuin.eu\/fr\/wp-json\/wp\/v2\/comments?post=183849"}],"version-history":[{"count":7,"href":"https:\/\/villaheidetuin.eu\/fr\/wp-json\/wp\/v2\/pages\/183849\/revisions"}],"predecessor-version":[{"id":183881,"href":"https:\/\/villaheidetuin.eu\/fr\/wp-json\/wp\/v2\/pages\/183849\/revisions\/183881"}],"wp:attachment":[{"href":"https:\/\/villaheidetuin.eu\/fr\/wp-json\/wp\/v2\/media?parent=183849"}],"wp:term":[{"taxonomy":"category","embeddable":true,"href":"https:\/\/villaheidetuin.eu\/fr\/wp-json\/wp\/v2\/categories?post=183849"},{"taxonomy":"post_tag","embeddable":true,"href":"https:\/\/villaheidetuin.eu\/fr\/wp-json\/wp\/v2\/tags?post=183849"}],"curies":[{"name":"wp","href":"https:\/\/api.w.org\/{rel}","templated":true}]}}