{"id":183652,"date":"2025-12-17T23:41:42","date_gmt":"2025-12-17T21:41:42","guid":{"rendered":"https:\/\/villaheidetuin.eu\/?page_id=183652"},"modified":"2025-12-17T23:51:35","modified_gmt":"2025-12-17T21:51:35","slug":"possibilites","status":"publish","type":"page","link":"https:\/\/villaheidetuin.eu\/fr\/mogelijkheden\/","title":{"rendered":"Possibilit\u00e9s"},"content":{"rendered":"<section class=\"bde-section-183652-100 bde-section\">\n  \n  \n\t\n\n\n\n<div class=\"section-container\"><h1 class=\"bde-heading-183652-101 bde-heading\">\nMogelijkheden\n<\/h1><div class=\"bde-rich-text-183652-102 bde-rich-text breakdance-rich-text-styles\">\n<p>Wij hebben vele mogelijkheden,<\/p>\n<p>Vul onderstaand formulier in en wij nemen contact op met u om te bekijken welke van onze mogelijkheden het beste bij u past.<\/p>\n<\/div><style>@media (max-width:767px){.breakdance .bde-form-builder-183652-103 .breakdance-form{grid-template-columns:unset}.breakdance .bde-form-builder-183652-103 .breakdance-form--horizontal{grid-auto-flow:unset}.breakdance .bde-form-builder-183652-103 .breakdance-form .breakdance-form-field,.breakdance .bde-form-builder-183652-103 .breakdance-form .breakdance-form-stepper{grid-column-start:unset}}<\/style><div class=\"bde-form-builder-183652-103 bde-form-builder\">\n\n<form id=\"contact-form103\" class=\"breakdance-form breakdance-form--vertical\" data-options=\"{&quot;slug&quot;:&quot;custom&quot;,&quot;name&quot;:&quot;Contact Form&quot;,&quot;ajaxUrl&quot;:&quot;https:\\\/\\\/villaheidetuin.eu\\\/wp-admin\\\/admin-ajax.php&quot;,&quot;clearOnSuccess&quot;:true,&quot;hideOnSuccess&quot;:false,&quot;successMessage&quot;:&quot;Uw bericht is verstuurd&quot;,&quot;errorMessage&quot;:&quot;Er ging iets mis. Probeer nogeens of zend mail rechtstreeks. &quot;,&quot;redirect&quot;:false,&quot;redirectUrl&quot;:&quot;&quot;,&quot;customJavaScript&quot;:&quot;&quot;,&quot;recaptcha&quot;:{&quot;key&quot;:&quot;&quot;,&quot;enabled&quot;:false},&quot;honeypot_enabled&quot;:false,&quot;popupsOnSuccess&quot;:[],&quot;popupsOnError&quot;:[]}\" data-steps=\"0\" >\n  \n  \n  \n<div class=\"breakdance-form-field breakdance-form-field--text\" >\n    \n    \n            <label class=\"breakdance-form-field__label\" for=\"name\">\n            Naam<span class=\"breakdance-form-field__required\">*<\/span>\n        <\/label>\n    \n    <input\n    class=\"breakdance-form-field__input\"\n    id=\"name\"\n    aria-describedby=\"name\"\n    type=\"text\"\n    name=\"fields[name]\"\n    placeholder=\"\"\n    value=\"\"\n                \n        \n        \n    required\n    \n    \n    \n    \n    \n>\n\n\n    \n    \n<\/div>\n\n\n<div class=\"breakdance-form-field breakdance-form-field--tel\" >\n    \n    \n            <label class=\"breakdance-form-field__label\" for=\"iimgoz\">\n            Telefoon<span class=\"breakdance-form-field__required\">*<\/span>\n        <\/label>\n    \n    <input\n    class=\"breakdance-form-field__input\"\n    id=\"iimgoz\"\n    aria-describedby=\"iimgoz\"\n    type=\"tel\"\n    name=\"fields[iimgoz]\"\n    placeholder=\"\"\n    value=\"\"\n                \n        \n        \n    required\n    \n    \n    \n    \n    \n>\n\n\n    \n    \n<\/div>\n\n\n<div class=\"breakdance-form-field breakdance-form-field--email\" >\n    \n    \n            <label class=\"breakdance-form-field__label\" for=\"email\">\n            Email<span class=\"breakdance-form-field__required\">*<\/span>\n        <\/label>\n    \n    <input\n    class=\"breakdance-form-field__input\"\n    id=\"email\"\n    aria-describedby=\"email\"\n    type=\"email\"\n    name=\"fields[email]\"\n    placeholder=\"\"\n    value=\"\"\n                \n        \n        \n    required\n    \n    \n    \n    \n    \n>\n\n\n    \n    \n<\/div>\n\n\n<div class=\"breakdance-form-field breakdance-form-field--date\" >\n    \n    \n            <label class=\"breakdance-form-field__label\" for=\"plnoho\">\n            Datum<span class=\"breakdance-form-field__required\">*<\/span>\n        <\/label>\n    \n    <input\n    class=\"breakdance-form-field__input\"\n    id=\"plnoho\"\n    aria-describedby=\"plnoho\"\n    type=\"date\"\n    name=\"fields[plnoho]\"\n    placeholder=\"\"\n    value=\"\"\n                min=\"mai 9, 2026\"\n        \n        \n    required\n    \n    \n    \n    \n    \n>\n\n\n    \n    \n<\/div>\n\n\n<div class=\"breakdance-form-field breakdance-form-field--number\" >\n    \n    \n            <label class=\"breakdance-form-field__label\" for=\"hqzcsn\">\n            Aantal personen<span class=\"breakdance-form-field__required\">*<\/span>\n        <\/label>\n    \n    <input\n    class=\"breakdance-form-field__input\"\n    id=\"hqzcsn\"\n    aria-describedby=\"hqzcsn\"\n    type=\"number\"\n    name=\"fields[hqzcsn]\"\n    placeholder=\"\"\n    value=\"\"\n                min=\"1\"\n        max=\"53\"\n        step=\"1\"\n    required\n    \n    \n    \n    \n    \n>\n\n\n    \n    \n<\/div>\n\n\n<div class=\"breakdance-form-field breakdance-form-field--textarea\" >\n    \n    \n            <label class=\"breakdance-form-field__label\" for=\"message\">\n            Soort evenement\n        <\/label>\n    \n    <textarea\n    class=\"breakdance-form-field__input\"\n    id=\"message\"\n    aria-describedby=\"message\"\n    type=\"textarea\"\n    name=\"fields[message]\"\n        rows=\"-1\"\n        placeholder=\"\"\n    \n    \n    \n    >\n<\/textarea>\n\n\n    \n    \n<\/div><div class=\"breakdance-form-field breakdance-form-footer\">    \n    \n    \n    \n    \n            \n            <button type=\"submit\" class=\"button-atom button-atom--primary breakdance-form-button breakdance-form-button__submit\"  >\n    \n        <span class=\"button-atom__text\">Verzenden<\/span>\n\n        \n        \n            <\/button>\n    \n    <input type=\"hidden\" name=\"form_id\" value=\"103\">\n    <input type=\"hidden\" name=\"post_id\" value=\"183652\">\n<\/div>\n\n  \n<\/form>\n\n\n<\/div><\/div>\n<\/section>","protected":false},"excerpt":{"rendered":"<p>Possibilit\u00e9s\nNous avons de nombreuses possibilit\u00e9s. Veuillez remplir le formulaire ci-dessous et nous vous contacterons pour d\u00e9terminer quelles sont nos possibilit\u00e9s qui vous correspondent le mieux.\nNom*\nT\u00e9l\u00e9phone*\nE-mail*\nDate*\nNombre de personnes*\nType d'\u00e9v\u00e9nement\nEnvoyer<\/p>","protected":false},"author":2,"featured_media":0,"parent":0,"menu_order":0,"comment_status":"closed","ping_status":"closed","template":"","meta":{"_breakdance_hide_in_design_set":false,"_breakdance_tags":"","footnotes":""},"categories":[],"tags":[],"class_list":["post-183652","page","type-page","status-publish","hentry"],"_links":{"self":[{"href":"https:\/\/villaheidetuin.eu\/fr\/wp-json\/wp\/v2\/pages\/183652","targetHints":{"allow":["GET"]}}],"collection":[{"href":"https:\/\/villaheidetuin.eu\/fr\/wp-json\/wp\/v2\/pages"}],"about":[{"href":"https:\/\/villaheidetuin.eu\/fr\/wp-json\/wp\/v2\/types\/page"}],"author":[{"embeddable":true,"href":"https:\/\/villaheidetuin.eu\/fr\/wp-json\/wp\/v2\/users\/2"}],"replies":[{"embeddable":true,"href":"https:\/\/villaheidetuin.eu\/fr\/wp-json\/wp\/v2\/comments?post=183652"}],"version-history":[{"count":3,"href":"https:\/\/villaheidetuin.eu\/fr\/wp-json\/wp\/v2\/pages\/183652\/revisions"}],"predecessor-version":[{"id":183657,"href":"https:\/\/villaheidetuin.eu\/fr\/wp-json\/wp\/v2\/pages\/183652\/revisions\/183657"}],"wp:attachment":[{"href":"https:\/\/villaheidetuin.eu\/fr\/wp-json\/wp\/v2\/media?parent=183652"}],"wp:term":[{"taxonomy":"category","embeddable":true,"href":"https:\/\/villaheidetuin.eu\/fr\/wp-json\/wp\/v2\/categories?post=183652"},{"taxonomy":"post_tag","embeddable":true,"href":"https:\/\/villaheidetuin.eu\/fr\/wp-json\/wp\/v2\/tags?post=183652"}],"curies":[{"name":"wp","href":"https:\/\/api.w.org\/{rel}","templated":true}]}}