{"id":183210,"date":"2025-04-03T18:08:38","date_gmt":"2025-04-03T16:08:38","guid":{"rendered":"https:\/\/villaheidetuin.eu\/?page_id=183210"},"modified":"2026-04-19T17:39:13","modified_gmt":"2026-04-19T15:39:13","slug":"pique-nique","status":"publish","type":"page","link":"https:\/\/villaheidetuin.eu\/fr\/lekker-eten-en-drinken-in-mooie-omgeving\/picknick\/","title":{"rendered":"Pique-nique"},"content":{"rendered":"<section class=\"bde-section-183210-114 bde-section\">\n  \n  \n\t\n\n\n\n<div class=\"section-container\"><h1 class=\"bde-heading-183210-115 bde-heading\">\nPique-nique\n<\/h1><div class=\"bde-image-183210-116 bde-image\">\n<figure class=\"breakdance-image breakdance-image--6176\">\n\t<div class=\"breakdance-image-container\">\n\t\t<div class=\"breakdance-image-clip\"><img loading=\"lazy\" decoding=\"async\" class=\"breakdance-image-object\" src=\"https:\/\/villaheidetuin.eu\/wp-content\/uploads\/2020\/04\/piccknick-6.jpg\" width=\"1200\" height=\"798\" srcset=\"https:\/\/villaheidetuin.eu\/wp-content\/uploads\/2020\/04\/piccknick-6.jpg 1200w, https:\/\/villaheidetuin.eu\/wp-content\/uploads\/2020\/04\/piccknick-6-400x266.jpg 400w, https:\/\/villaheidetuin.eu\/wp-content\/uploads\/2020\/04\/piccknick-6-1024x681.jpg 1024w, https:\/\/villaheidetuin.eu\/wp-content\/uploads\/2020\/04\/piccknick-6-768x511.jpg 768w, https:\/\/villaheidetuin.eu\/wp-content\/uploads\/2020\/04\/piccknick-6-600x400.jpg 600w\" sizes=\"auto, (max-width: 1200px) 100vw, 1200px\"><\/div>\n\t<\/div><\/figure>\n\n<\/div><div class=\"bde-gallery-183210-117 bde-gallery\">\n\n\n  \n\n\n\n\n\n\n\n\n\n\n<div class=\"ee-gallery ee-gallery--default ee-gallery--grid ee-gallery--single ee-gallery--lightbox ee-gallery-- ee-gallery--caption- ee-gallery--caption-none ee-gallery--ratio\">\n                  \n      <a class=\"ee-gallery-item ee-gallery-item--image ee-gallery-item--single\" href=\"https:\/\/villaheidetuin.eu\/wp-content\/uploads\/2025\/01\/picknick_villaheidetuin-89.jpg\"  data-sub-html=\"<span><\/span>\" data-category=\"1\"                  data-lg-size=\"2362-1476\"\n\n      >\n        <figure class=\"ee-gallery-item-figure\">\n                        <img loading=\"lazy\" decoding=\"async\" class=\"breakdance-image-object\" src=\"https:\/\/villaheidetuin.eu\/wp-content\/uploads\/2025\/01\/picknick_villaheidetuin-89-1024x640.jpg\" width=\"1024\" height=\"640\" srcset=\"https:\/\/villaheidetuin.eu\/wp-content\/uploads\/2025\/01\/picknick_villaheidetuin-89.jpg 2362w, https:\/\/villaheidetuin.eu\/wp-content\/uploads\/2025\/01\/picknick_villaheidetuin-89-400x250.jpg 400w, https:\/\/villaheidetuin.eu\/wp-content\/uploads\/2025\/01\/picknick_villaheidetuin-89-1024x640.jpg 1024w, https:\/\/villaheidetuin.eu\/wp-content\/uploads\/2025\/01\/picknick_villaheidetuin-89-768x480.jpg 768w, https:\/\/villaheidetuin.eu\/wp-content\/uploads\/2025\/01\/picknick_villaheidetuin-89-1536x960.jpg 1536w, https:\/\/villaheidetuin.eu\/wp-content\/uploads\/2025\/01\/picknick_villaheidetuin-89-2048x1280.jpg 2048w\" sizes=\"auto, (max-width: 2362px) 100vw, 2362px\">\n          \n                  <\/figure>\n      <\/a>\n\n                \n      <a class=\"ee-gallery-item ee-gallery-item--image ee-gallery-item--single\" href=\"https:\/\/villaheidetuin.eu\/wp-content\/uploads\/2025\/11\/Omgeving3.jpg\"  data-sub-html=\"<span><\/span>\" data-category=\"1\"                  data-lg-size=\"2362-1476\"\n\n      >\n        <figure class=\"ee-gallery-item-figure\">\n                        <img loading=\"lazy\" decoding=\"async\" class=\"breakdance-image-object\" src=\"https:\/\/villaheidetuin.eu\/wp-content\/uploads\/2025\/11\/Omgeving3-1024x640.jpg\" width=\"1024\" height=\"640\" srcset=\"https:\/\/villaheidetuin.eu\/wp-content\/uploads\/2025\/11\/Omgeving3.jpg 2362w, https:\/\/villaheidetuin.eu\/wp-content\/uploads\/2025\/11\/Omgeving3-400x250.jpg 400w, https:\/\/villaheidetuin.eu\/wp-content\/uploads\/2025\/11\/Omgeving3-1024x640.jpg 1024w, https:\/\/villaheidetuin.eu\/wp-content\/uploads\/2025\/11\/Omgeving3-768x480.jpg 768w, https:\/\/villaheidetuin.eu\/wp-content\/uploads\/2025\/11\/Omgeving3-1536x960.jpg 1536w, https:\/\/villaheidetuin.eu\/wp-content\/uploads\/2025\/11\/Omgeving3-2048x1280.jpg 2048w\" sizes=\"auto, (max-width: 2362px) 100vw, 2362px\">\n          \n                  <\/figure>\n      <\/a>\n\n                \n      <a class=\"ee-gallery-item ee-gallery-item--image ee-gallery-item--single\" href=\"https:\/\/villaheidetuin.eu\/wp-content\/uploads\/2025\/04\/DSC8412-scaled.jpeg\"  data-sub-html=\"<span><\/span>\" data-category=\"1\"                  data-lg-size=\"2560-1703\"\n\n      >\n        <figure class=\"ee-gallery-item-figure\">\n                        <img loading=\"lazy\" decoding=\"async\" class=\"breakdance-image-object\" src=\"https:\/\/villaheidetuin.eu\/wp-content\/uploads\/2025\/04\/DSC8412-1024x681.jpeg\" width=\"1024\" height=\"681\" srcset=\"https:\/\/villaheidetuin.eu\/wp-content\/uploads\/2025\/04\/DSC8412-scaled.jpeg 2560w, https:\/\/villaheidetuin.eu\/wp-content\/uploads\/2025\/04\/DSC8412-400x266.jpeg 400w, https:\/\/villaheidetuin.eu\/wp-content\/uploads\/2025\/04\/DSC8412-1024x681.jpeg 1024w, https:\/\/villaheidetuin.eu\/wp-content\/uploads\/2025\/04\/DSC8412-768x511.jpeg 768w, https:\/\/villaheidetuin.eu\/wp-content\/uploads\/2025\/04\/DSC8412-1536x1022.jpeg 1536w, https:\/\/villaheidetuin.eu\/wp-content\/uploads\/2025\/04\/DSC8412-2048x1363.jpeg 2048w, https:\/\/villaheidetuin.eu\/wp-content\/uploads\/2025\/04\/DSC8412-600x400.jpeg 600w\" sizes=\"auto, (max-width: 2560px) 100vw, 2560px\">\n          \n                  <\/figure>\n      <\/a>\n\n      \n  <\/div>\n\n\n\n<\/div><div class=\"bde-rich-text-183210-118 bde-rich-text breakdance-rich-text-styles\">\n<p><em>Laat <\/em>nous<em> manger dehors<\/em> <em>profiter de la nature<\/em>, pique-niquer ensemble dans un endroit agr\u00e9able.<\/p>\n<p><a href=\"https:\/\/www.vvvbrabantsewal.nl\/locaties\/1489724996\/landgoed-lievensberg-en-heidetuin\" target=\"_blank\" rel=\"noreferrer noopener\">Domaine Lievensberg \u00e0 Bergen op Zoom<\/a> est un ancien domaine compos\u00e9 de dunes de sable, de jardins de bruy\u00e8re et de for\u00eats de pins. Le parc, la for\u00eat et la lande sont ouverts gratuitement tous les jours du lever au coucher du soleil et offrent de nombreux endroits charmants sous un arbre, au bord de l'eau ou dans une prairie ouverte... profitez de la vie, cueillez le jour et prenez le temps de savourer les joies simples de la vie. Sentez l'herbe sous vos pieds et savourez un d\u00e9licieux panier de pique-nique dans l'endroit de votre choix.<\/p>\n<p>La Villa Heidetuin propose plusieurs paniers pique-nique que vous pouvez r\u00e9server jusqu'\u00e0 la veille.<\/p>\n<p>Nous pr\u00e9parons le panier ! Soyez \u00e0 l'heure car nous avons un nombre limit\u00e9 de paniers de pique-nique de luxe en stock. <br \/><br \/><strong>Avez-vous une allergie ?<\/strong><br \/>Signalez-le-nous lors de votre commande. Nous faisons tout notre possible pour en tenir compte, mais il n'est pas exclu que nos plats contiennent des traces d'allerg\u00e8nes.<\/p>\n<p><a href=\"https:\/\/villaheidetuin.eu\/fr\/thuisbezorgd\/\">Vous trouverez la clause de non-responsabilit\u00e9 et les informations importantes en cliquant ici.<\/a><\/p>\n<p>Les paniers de pique-nique peuvent \u00eatre r\u00e9cup\u00e9r\u00e9s uniquement le samedi et le dimanche, vous pouvez venir les chercher \u00e0 partir de 11h30 et nous vous demandons de nous les ramener avant 17h00 au plus tard.<br \/>Nous demandons une caution de 50,- pour le panier de pique-nique.<br \/>Nous acceptons uniquement les commandes command\u00e9es et pay\u00e9es en temps voulu.<br \/><br \/><span style=\"color: #ff0000;\">La saison des pique-niques commence le samedi 25 avril avec une ouverture festive. Avant cette date, nous ne livrons pas de paniers de pique-nique. Soyez parmi les premiers et commandez d\u00e8s maintenant un panier de pique-nique pour le 25 avril !<\/span><br \/><br \/><\/p>\n<p>Attention : vous pouvez commander jusqu'\u00e0 30 jours avant la date de votre pique-nique. Si vous souhaitez commander pour une p\u00e9riode ult\u00e9rieure, veuillez nous contacter pour conna\u00eetre les possibilit\u00e9s.<\/p>\n<\/div><div class=\"bde-shortcode-183210-119 bde-shortcode\"><header id=\"wppizza-header-picknick-768\" class=\"entry-header page-header wppizza-header wppizza-header-default  wppizza-header-picknick\"><h1 class=\"entry-title wppizza-entry-title\"> Pique-nique<\/h1><\/header><article id=\"post-6024\" class=\"wppizza-article wppizza-article-default  wppizza-article-first wppizza-article-picknick wppizza-article-picknick-768 wppizza_menu-picknick wppizza_menu-term-768 entry-content post-6024 wppizza type-wppizza status-publish hentry\"><h2 id=\"wppizza-article-1-768-6024-10-0\" class=\"wppizza-article-h2\"><span class=\"wppizza-article-title\">Villa Pique-nique locale<\/span><\/h2><div id=\"wppizza-article-sizes-6024\" class=\"wppizza-article-sizes wppizza-article-prices-10\"><ul><li id=\"wppizza-article-prices-6024\" class=\"wppizza-article-prices\" ><ul><li id=\"wppizza-1-768-6024-10-0\" class=\"wppizza-article-price wppizza-article-price-10-0 wppizza-price-6024-0 wppizza-add-to-cart\"  title=\"ajouter au panier\"  data-id=\"1.768.6024.10.0\" ><span class=\"\">50,00<\/span><div class=\"wppizza-article-size\">pour 2 personnes<\/div><\/li><\/ul><\/li><\/ul><\/div><p id=\"wppizza-article-content-6024\" class=\"wppizza-article-content\"><strong data-rich-text-format-boundary=\"true\">Le pique-nique du terroir\u00a0<\/strong>\r\n\r\n&nbsp;\r\n\r\nBoulettes de viande<br data-rich-text-line-break=\"true\" \/>Petits pains aux saucisses<br data-rich-text-line-break=\"true\" \/>D\u00e9s de fromage<br data-rich-text-line-break=\"true\" \/>Pain de campagne garni de diff\u00e9rentes garnitures<br data-rich-text-line-break=\"true\" \/>Concombre et tomates cerises<br data-rich-text-line-break=\"true\" \/>Muffins<br data-rich-text-line-break=\"true\" \/>Pot de yaourt grec\u00a0<br data-rich-text-line-break=\"true\" \/>Grande bouteille de jus frais, jus de pomme-poire de Frankenfruit (jus d'orange \u00e9galement possible, pr\u00e9cisez-le dans les commentaires)\u00a0<br data-rich-text-line-break=\"true\" \/>Fruit \u00e0 l'\u00e9corce de noix<br data-rich-text-line-break=\"true\" \/>Eau plate (avec bulles possible, \u00e0 indiquer dans les commentaires)<\/p><\/article><article id=\"post-6124\" class=\"wppizza-article wppizza-article-default  wppizza-article-last wppizza-article-picknick wppizza-article-picknick-768 wppizza_menu-picknick wppizza_menu-term-768 entry-content post-6124 wppizza type-wppizza status-publish hentry\"><h2 id=\"wppizza-article-1-768-6124-7-0\" class=\"wppizza-article-h2\"><span class=\"wppizza-article-title\">Villa Picknick du terroir (Personne suppl\u00e9mentaire)<\/span><\/h2><div id=\"wppizza-article-sizes-6124\" class=\"wppizza-article-sizes wppizza-article-prices-7\"><ul><li id=\"wppizza-article-prices-6124\" class=\"wppizza-article-prices\" ><ul><li id=\"wppizza-1-768-6124-7-0\" class=\"wppizza-article-price wppizza-article-price-7-0 wppizza-price-6124-0 wppizza-add-to-cart\"  title=\"ajouter au panier\"  data-id=\"1.768.6124.7.0\" ><span class=\"\">25,00<\/span><div class=\"wppizza-article-size\">Par personne<\/div><\/li><\/ul><\/li><\/ul><\/div><p id=\"wppizza-article-content-6124\" class=\"wppizza-article-content\"><\/p><\/article><\/div><div class=\"bde-text-183210-120 bde-text\">\nEt, \u00e0 votre retour de pique-nique, une d\u00e9licieuse tasse de caf\u00e9 ou un verre de th\u00e9 \u00e0 la Villa Heidetuin.\n<\/div><\/div>\n<\/section>","protected":false},"excerpt":{"rendered":"<p>Picknick &#8221; data-category=&#8221;1&#8243; data-lg-size=&#8221;2362-1476&#8243; > &#8221; data-category=&#8221;1&#8243; data-lg-size=&#8221;2362-1476&#8243; > &#8221; data-category=&#8221;1&#8243; data-lg-size=&#8221;2560-1703&#8243; > Laten we buiten eten en genieten van de natuur, samen picknicken in een fijne omgeving. Landgoed Lievensberg in Bergen op Zoom is een oud landgoed en bestaat uit zandverstuivingen, heidetuinen en dennenbossen.\u00a0 Het park, het bos en de heide zijn dagelijks gratis [&hellip;]<\/p>\n","protected":false},"author":1,"featured_media":0,"parent":63,"menu_order":0,"comment_status":"closed","ping_status":"closed","template":"","meta":{"_breakdance_hide_in_design_set":false,"_breakdance_tags":"","footnotes":""},"categories":[745],"tags":[122,805,808,807,809,806],"class_list":["post-183210","page","type-page","status-publish","hentry","category-picknick-en-knapzak","tag-bergen-op-zoom","tag-de-opening-van-het-picknickseizoen-2025","tag-evenementen","tag-event","tag-lente","tag-picknickevent2025"],"_links":{"self":[{"href":"https:\/\/villaheidetuin.eu\/fr\/wp-json\/wp\/v2\/pages\/183210","targetHints":{"allow":["GET"]}}],"collection":[{"href":"https:\/\/villaheidetuin.eu\/fr\/wp-json\/wp\/v2\/pages"}],"about":[{"href":"https:\/\/villaheidetuin.eu\/fr\/wp-json\/wp\/v2\/types\/page"}],"author":[{"embeddable":true,"href":"https:\/\/villaheidetuin.eu\/fr\/wp-json\/wp\/v2\/users\/1"}],"replies":[{"embeddable":true,"href":"https:\/\/villaheidetuin.eu\/fr\/wp-json\/wp\/v2\/comments?post=183210"}],"version-history":[{"count":15,"href":"https:\/\/villaheidetuin.eu\/fr\/wp-json\/wp\/v2\/pages\/183210\/revisions"}],"predecessor-version":[{"id":184233,"href":"https:\/\/villaheidetuin.eu\/fr\/wp-json\/wp\/v2\/pages\/183210\/revisions\/184233"}],"up":[{"embeddable":true,"href":"https:\/\/villaheidetuin.eu\/fr\/wp-json\/wp\/v2\/pages\/63"}],"wp:attachment":[{"href":"https:\/\/villaheidetuin.eu\/fr\/wp-json\/wp\/v2\/media?parent=183210"}],"wp:term":[{"taxonomy":"category","embeddable":true,"href":"https:\/\/villaheidetuin.eu\/fr\/wp-json\/wp\/v2\/categories?post=183210"},{"taxonomy":"post_tag","embeddable":true,"href":"https:\/\/villaheidetuin.eu\/fr\/wp-json\/wp\/v2\/tags?post=183210"}],"curies":[{"name":"wp","href":"https:\/\/api.w.org\/{rel}","templated":true}]}}