{"id":182099,"date":"2024-02-12T22:36:51","date_gmt":"2024-02-12T20:36:51","guid":{"rendered":"https:\/\/villaheidetuin.eu\/?page_id=182099"},"modified":"2025-11-22T23:39:00","modified_gmt":"2025-11-22T21:39:00","slug":"welkom-2","status":"publish","type":"page","link":"https:\/\/villaheidetuin.eu\/fr\/","title":{"rendered":"Bienvenue \u00e0 la Villa Heidetuin"},"content":{"rendered":"<section class=\"bde-section-182099-100 bde-section\">\n  \n  \n\t\n\n\n\n<div class=\"section-container\"><h2 class=\"bde-heading-182099-101 bde-heading\">\nBienvenue\n<\/h2><h3 class=\"bde-heading-182099-102 bde-heading\">\nBon repas et bonnes boissons\n<\/h3><div class=\"bde-rich-text-182099-103 bde-rich-text breakdance-rich-text-styles\">\n<h2><\/h2>\n<p>\u00c0 la Villa Heidetuin, l'atmosph\u00e8re de la campagne fran\u00e7aise et l'hospitalit\u00e9 braban\u00e7onne se fondent en une exp\u00e9rience irr\u00e9sistible. Ici, vous pouvez \u00e9chapper \u00e0 l'agitation tout en profitant d'un environnement d\u00e9tendu qui donne l'impression d'\u00eatre chez soi. La 'joie de vivre' fran\u00e7aise impr\u00e8gne tout le domaine : d'un d\u00e9licieux verre de vin sur l'une des terrasses ensoleill\u00e9es, d'une tasse de caf\u00e9 fra\u00eeche avec une tarte artisanale sur la v\u00e9randa, \u00e0 la promenade dans les jardins o\u00f9 les hortensias, la lavande et les herbes aromatiques prosp\u00e8rent.<\/p>\n<p>Nous sommes fiers de notre domaine, qui abrite d\u00e9sormais un arboretum, ainsi qu'un jardin de plantes indig\u00e8nes nouvellement am\u00e9nag\u00e9. Laissez-vous surprendre par les \u0153uvres de Charles Vergouwen qui enrichissent la nature le long de la route de l'art. La prairie ensoleill\u00e9e invite \u00e0 un pique-nique relaxant et \u00e0 une d\u00e9connexion bien m\u00e9rit\u00e9e.<\/p>\n<p>Pour les petits comme pour les grands, il y a plein de choses \u00e0 faire. Les enfants peuvent s'amuser sur la vaste pelouse.<\/p>\n<p>Outre un accueil chaleureux, nous proposons des petits-d\u00e9jeuners, d\u00e9jeuners, ap\u00e9ritifs et th\u00e9s gourmands. Des \u00e9v\u00e9nements sp\u00e9ciaux tels que des baby showers, des mariages et des f\u00eates conviviales sont \u00e9galement organis\u00e9s avec amour.<\/p>\n<p>Voulez-vous un d\u00eener exclusif ? C'est possible \u00e0 partir de 8 personnes.<\/p>\n<p>Savourez nos paniers pique-nique soigneusement compos\u00e9s et nos sacs \u00e0 dos d'aventure, promenez-vous dans le domaine et laissez-vous surprendre par des d\u00e9lices dans un cadre unique.<\/p>\n<p>Pour un s\u00e9jour des plus confortables, nous disposons de 5 chambres de luxe, 2 chalets cosy et une suite avec un d\u00e9licieux jacuzzi.<\/p>\n<p>Villa Heidetuin est \u00e9galement l'endroit id\u00e9al pour les r\u00e9unions, les s\u00e9minaires de team building cr\u00e9atifs et les formations inspirantes.<\/p>\n<p>Dans les environs imm\u00e9diats, vous trouverez une multitude d'activit\u00e9s telles qu'un parc d'accrobranche, une escape room palpitante, du golf en for\u00eat, un jardin \u00e0 cueillir et bien plus encore pour vous divertir.<\/p>\n<\/div><\/div>\n<\/section><section class=\"bde-section-182099-104 bde-section\">\n  \n  \n\t\n\n\n\n<div class=\"section-container\"><h2 class=\"bde-heading-182099-107 bde-heading\">\nLogement insolite\n<\/h2><div class=\"bde-basicslider-182099-134 bde-basicslider\">\n<div class=\"breakdance-swiper-wrapper\" data-swiper-id=\"134\">\n    <div class=\"swiper\">\n      <div class=\"swiper-wrapper\">\n      \n\t                    \n        <div class=\"swiper-slide\">\n          <div class=\"bde-basicslider__slide\" style=\"  background: #fcbc8f;\">\n              <div class=\"bde-basicslider__content\">\n                                    <div class=\"bde-basicslider__text\">\n              <p>T<\/p>\n            <\/div>\n                                    <\/div>\n\n\t\t\t\t\t\t          <img loading=\"lazy\" decoding=\"async\" class=\"breakdance-image-object bde-basicslider__image\" src=\"https:\/\/villaheidetuin.eu\/wp-content\/uploads\/2024\/10\/naamloos-25.jpg\" width=\"2362\" height=\"1476\" srcset=\"https:\/\/villaheidetuin.eu\/wp-content\/uploads\/2024\/10\/naamloos-25.jpg 2362w, https:\/\/villaheidetuin.eu\/wp-content\/uploads\/2024\/10\/naamloos-25-400x250.jpg 400w, https:\/\/villaheidetuin.eu\/wp-content\/uploads\/2024\/10\/naamloos-25-1024x640.jpg 1024w, https:\/\/villaheidetuin.eu\/wp-content\/uploads\/2024\/10\/naamloos-25-768x480.jpg 768w, https:\/\/villaheidetuin.eu\/wp-content\/uploads\/2024\/10\/naamloos-25-1536x960.jpg 1536w, https:\/\/villaheidetuin.eu\/wp-content\/uploads\/2024\/10\/naamloos-25-2048x1280.jpg 2048w\" sizes=\"auto, (max-width: 2362px) 100vw, 2362px\">\n\t\t\t\n          <\/div>\n        <\/div>\n       \n\t                    \n        <div class=\"swiper-slide\">\n          <div class=\"bde-basicslider__slide\">\n              <div class=\"bde-basicslider__content\">\n                                    <div class=\"bde-basicslider__text\">\n              <p>\u00a0<\/p>\n<p>\u00a0<\/p>\n            <\/div>\n                                    <\/div>\n\n\t\t\t\t\t\t          <img loading=\"lazy\" decoding=\"async\" class=\"breakdance-image-object bde-basicslider__image\" src=\"https:\/\/villaheidetuin.eu\/wp-content\/uploads\/2020\/05\/kamer4-e1712762858177.jpg\" width=\"1036\" height=\"690\" srcset=\"https:\/\/villaheidetuin.eu\/wp-content\/uploads\/2020\/05\/kamer4-e1712762858177.jpg 1036w, https:\/\/villaheidetuin.eu\/wp-content\/uploads\/2020\/05\/kamer4-e1712762858177-400x266.jpg 400w, https:\/\/villaheidetuin.eu\/wp-content\/uploads\/2020\/05\/kamer4-e1712762858177-1024x682.jpg 1024w, https:\/\/villaheidetuin.eu\/wp-content\/uploads\/2020\/05\/kamer4-e1712762858177-768x512.jpg 768w, https:\/\/villaheidetuin.eu\/wp-content\/uploads\/2020\/05\/kamer4-e1712762858177-600x400.jpg 600w\" sizes=\"auto, (max-width: 1036px) 100vw, 1036px\">\n\t\t\t\n          <\/div>\n        <\/div>\n       \n\t                    \n        <div class=\"swiper-slide\">\n          <div class=\"bde-basicslider__slide\" style=\"  background: #c0faf9;\">\n              <div class=\"bde-basicslider__content\">\n                                    <div class=\"bde-basicslider__text\">\n              <p>\u00a0<\/p>\n<p>\u00a0<\/p>\n            <\/div>\n                                    <\/div>\n\n\t\t\t\t\t\t          <img loading=\"lazy\" decoding=\"async\" class=\"breakdance-image-object bde-basicslider__image\" src=\"https:\/\/villaheidetuin.eu\/wp-content\/uploads\/2024\/03\/slapeninbergenopzoom_r-6-2048x1363-1-e1716825612333.jpg\" width=\"1467\" height=\"1030\" srcset=\"https:\/\/villaheidetuin.eu\/wp-content\/uploads\/2024\/03\/slapeninbergenopzoom_r-6-2048x1363-1-e1716825612333.jpg 1467w, https:\/\/villaheidetuin.eu\/wp-content\/uploads\/2024\/03\/slapeninbergenopzoom_r-6-2048x1363-1-e1716825612333-400x281.jpg 400w, https:\/\/villaheidetuin.eu\/wp-content\/uploads\/2024\/03\/slapeninbergenopzoom_r-6-2048x1363-1-e1716825612333-1024x719.jpg 1024w, https:\/\/villaheidetuin.eu\/wp-content\/uploads\/2024\/03\/slapeninbergenopzoom_r-6-2048x1363-1-e1716825612333-768x539.jpg 768w\" sizes=\"auto, (max-width: 1467px) 100vw, 1467px\">\n\t\t\t\n          <\/div>\n        <\/div>\n       \n      <\/div>\n    <\/div>\n                <div class=\"swiper-button-prev\">\n            \n        <\/div>\n        <div class=\"swiper-button-next\">\n            \n        <\/div>\n    \n    \n<\/div>\n\n<\/div><h3 class=\"bde-heading-182099-120 bde-heading\">\nAvis\n<\/h3><div class=\"bde-shortcode-182099-121 bde-shortcode\"><div data-src=\"https:\/\/cdn.trustindex.io\/loader.js?5e3609644ac2484322663566c91\"><\/div><\/div><\/div>\n<\/section>","protected":false},"excerpt":{"rendered":"<p>Welkom Lekker eten en drinken Bij Villa Heidetuin smelten de sfeer van het Franse platteland en Brabantse gastvrijheid samen tot een onweerstaanbare ervaring. Hier kun je ontsnappen aan de drukte terwijl je geniet van een ontspannen omgeving die aanvoelt als thuiskomen. De Franse &#8216;joie de vivre&#8217; ademt door het hele landgoed: van een heerlijk glas [&hellip;]<\/p>\n","protected":false},"author":2,"featured_media":0,"parent":0,"menu_order":0,"comment_status":"closed","ping_status":"closed","template":"","meta":{"_breakdance_hide_in_design_set":false,"_breakdance_tags":"","footnotes":""},"categories":[],"tags":[39,40,51,61,100,65,49,101,72,42,41,56,55,48,15,20],"class_list":["post-182099","page","type-page","status-publish","hentry","tag-bed-and-breakfast","tag-bijzonder-overnachten","tag-bijzonder-vergaderen","tag-eten","tag-heidag","tag-heidetuin","tag-heisessie","tag-lunch","tag-ontbijt","tag-overnachten-in-brabant","tag-slapen-op-de-brabantse-wal","tag-training","tag-trainingen","tag-vergaderen-2","tag-villa","tag-villa-heidetuin-2"],"_links":{"self":[{"href":"https:\/\/villaheidetuin.eu\/fr\/wp-json\/wp\/v2\/pages\/182099","targetHints":{"allow":["GET"]}}],"collection":[{"href":"https:\/\/villaheidetuin.eu\/fr\/wp-json\/wp\/v2\/pages"}],"about":[{"href":"https:\/\/villaheidetuin.eu\/fr\/wp-json\/wp\/v2\/types\/page"}],"author":[{"embeddable":true,"href":"https:\/\/villaheidetuin.eu\/fr\/wp-json\/wp\/v2\/users\/2"}],"replies":[{"embeddable":true,"href":"https:\/\/villaheidetuin.eu\/fr\/wp-json\/wp\/v2\/comments?post=182099"}],"version-history":[{"count":14,"href":"https:\/\/villaheidetuin.eu\/fr\/wp-json\/wp\/v2\/pages\/182099\/revisions"}],"predecessor-version":[{"id":183563,"href":"https:\/\/villaheidetuin.eu\/fr\/wp-json\/wp\/v2\/pages\/182099\/revisions\/183563"}],"wp:attachment":[{"href":"https:\/\/villaheidetuin.eu\/fr\/wp-json\/wp\/v2\/media?parent=182099"}],"wp:term":[{"taxonomy":"category","embeddable":true,"href":"https:\/\/villaheidetuin.eu\/fr\/wp-json\/wp\/v2\/categories?post=182099"},{"taxonomy":"post_tag","embeddable":true,"href":"https:\/\/villaheidetuin.eu\/fr\/wp-json\/wp\/v2\/tags?post=182099"}],"curies":[{"name":"wp","href":"https:\/\/api.w.org\/{rel}","templated":true}]}}