{"id":466,"date":"2014-05-08T13:41:56","date_gmt":"2014-05-08T12:41:56","guid":{"rendered":"https:\/\/villaheidetuin.eu\/?page_id=466"},"modified":"2024-06-19T13:23:22","modified_gmt":"2024-06-19T11:23:22","slug":"kekse-datenschutzrichtlinie","status":"publish","type":"page","link":"https:\/\/villaheidetuin.eu\/de\/welkom\/cookie-privacy-beleid\/","title":{"rendered":"Datenschutzrichtlinie"},"content":{"rendered":"<section class=\"bde-section-466-100 bde-section\">\n  \n  \n\t\n\n\n\n<div class=\"section-container\"><h2 class=\"bde-heading-466-101 bde-heading\">\nDatenschutzrichtlinie\n<\/h2><div class=\"bde-rich-text-466-102 bde-rich-text breakdance-rich-text-styles\">\n<p><\/p>\n<p>Das hier beschriebene Datenschutz- und Cookie-Richtlinie gibt an, wie wir mit allen m\u00f6glicherweise bereitgestellten Informationen umgehen und wie diese gegebenenfalls gesichert werden, wenn Sie diese Website besuchen.<\/p>\n<p> <\/p>\n<p>Villa Heidetuin setzt alles daran, Ihre Privatsph\u00e4re zu sch\u00fctzen. Soweit wir Informationen von Ihnen erheben, die zur Identifizierung Ihrer Person bei der Nutzung dieser Website verwendet werden k\u00f6nnen, k\u00f6nnen Sie sicher sein, dass diese nur in \u00dcbereinstimmung mit der hier beschriebenen Datenschutzrichtlinie verwendet werden.<\/p>\n<p> <\/p>\n<p>Villa Heidetuin kann dieses     Richtlinie von Zeit zu Zeit anpassen. Schau deshalb ab und zu auf dieser Seite f\u00fcr die letzte Version.<\/p>\n<p> <\/p>\n<h2 class=\"wp-block-heading\">Datenschutzerkl\u00e4rung<\/h2>\n<p> <\/p>\n<p>G\u00fcltig ab Januar 2024<\/p>\n<p> <\/p>\n<p>Diese Datenschutzerkl\u00e4rung gilt f\u00fcr www.villaheidetuin.eu, Eigentum von und verwaltet von Villa Heidetuin Bed and Breakfast. Diese Datenschutzerkl\u00e4rung beschreibt, wie wir Daten sammeln und verwenden, die Sie auf unserer Website (www.villaheidetuin.eu) bereitstellen. Sie beschreibt auch, welche Wahlm\u00f6glichkeiten Sie hinsichtlich unserer Nutzung Ihrer pers\u00f6nlichen Daten haben und wie Sie auf diese Informationen zugreifen und sie aktualisieren k\u00f6nnen.<\/p>\n<p> <\/p>\n<h3 class=\"wp-block-heading\">Datensammlung<\/h3>\n<p> <\/p>\n<p>Die Kategorien personenbezogener Daten, die wir sammeln, umfassen:<\/p>\n<p> <\/p>\n<ul class=\"wp-block-list\">\n<li>Ihr Vorname, Nachname, E-Mail-Adresse, Telefonnummer und Wohnadresse;<\/li>\n \n<li>Kreditkartendaten (Kartentyp, Kreditkartennummer, Name des Karteninhabers, Ablaufdatum und Sicherheitscode);<\/li>\n \n<li>Informationen \u00fcber den Aufenthalt des Gastes, einschlie\u00dflich Ankunfts- und Abreisedatum, Sonderw\u00fcnsche, Bemerkungen zu Ihren Servicepr\u00e4ferenzen (einschlie\u00dflich Zimmerpr\u00e4ferenzen, Einrichtungen oder andere in Anspruch genommene Dienstleistungen);<\/li>\n \n<li>Informationen, die Sie uns bez\u00fcglich Ihrer Marketingpr\u00e4ferenzen oder im Rahmen Ihrer Teilnahme an Umfragen, Wettbewerben oder Werbeaktionen zur Verf\u00fcgung stellen;<\/li>\n<\/ul>\n<p> <\/p>\n<p>Sie k\u00f6nnen jederzeit selbst entscheiden, welche personenbezogenen Daten (falls zutreffend) Sie uns mitteilen m\u00f6chten. Wenn Sie sich entscheiden, bestimmte Daten nicht anzugeben, kann dies Ihre Transaktionen mit uns beeinflussen.<\/p>\n<p> <\/p>\n<h3 class=\"wp-block-heading\">Daten, die wir automatisch sammeln<\/h3>\n<p> <\/p>\n<p>Beim Benutzen von unserer Webseite sammeln wir auch automatisch Daten, darin inbegriffen pers\u00f6nliche Daten. Dies schlie\u00dft Daten ein wie Spracheinstellungen, IP-Adresse, Standort, Ger\u00e4teeinstellungen, Betriebssystem des Ger\u00e4tes, Protokolldaten, Nutzungsdauer, angefragte URL, Statusbericht, User-Agent (Information \u00fcber Browserversion), Betriebssystem, Ergebnis (Zuschauer oder Bucher), Suchhistorie, Buchungs-ID des Buchers und die Art von angesehenen Daten. Wir k\u00f6nnen auch automatisch Daten sammeln durch Cookies. F\u00fcr mehr Information \u00fcber wie wir Cookies benutzen, lesen Sie weiter unten.<\/p>\n<p> <\/p>\n<h3 class=\"wp-block-heading\">Verarbeitungszwecke<\/h3>\n<p> <\/p>\n<p>Wir verwenden Ihre pers\u00f6nlichen Daten f\u00fcr die folgenden Zwecke:<\/p>\n<p> <\/p>\n<ul class=\"wp-block-list\">\n<li>Reservierungen: Wir verwenden Ihre pers\u00f6nlichen Daten, um Ihre Online-Reservierung abzuschlie\u00dfen und zu bearbeiten.<\/li>\n \n<li>Kundenservice: Wir verwenden Ihre pers\u00f6nlichen Daten, um Kundenservice zu leisten.<\/li>\n \n<li>G\u00e4stebewertungen: Wir k\u00f6nnen Ihre Kontaktdaten verwenden, um Sie per E-Mail zur Abgabe einer G\u00e4stebewertung nach Ihrem Aufenthalt einzuladen. Dies kann anderen Reisenden helfen, die f\u00fcr sie am besten geeignete Unterkunft auszuw\u00e4hlen. Wenn Sie eine G\u00e4stebewertung einreichen, kann diese auf unserer Website ver\u00f6ffentlicht werden.<\/li>\n \n<li>Marketingzwecke: Soweit gesetzlich zul\u00e4ssig, verwenden wir Ihre Daten auch f\u00fcr Marketingzwecke. Wo wir Ihre personenbezogenen Daten f\u00fcr Direktmarketingzwecke, wie z. B. Newsletter und Marketingkommunikation \u00fcber neue Produkte und Dienstleistungen oder andere Angebote, die wir f\u00fcr Sie interessant finden, verwenden, finden Sie auch einen Link zum Abbestellen, falls Sie diese Nachrichten nicht mehr erhalten m\u00f6chten.<\/li>\n \n<li>Sonstige Kommunikation: Es kann vorkommen, dass wir Sie per E-Mail, Post, Telefon oder SMS kontaktieren, je nachdem, welche Kontaktdaten Sie uns mitteilen. Dies kann aus verschiedenen Gr\u00fcnden erfolgen:\n<ul class=\"wp-block-list\">\n<li>Es kann sein, dass wir Anfragen, die Sie gestellt haben, beantworten und bearbeiten m\u00fcssen.<br \/>b. Wenn Sie eine Online-Reservierung noch nicht abgeschlossen haben, k\u00f6nnen wir Ihnen eine Erinnerung senden, um mit der Buchung fortzufahren. Dieser zus\u00e4tzliche Service ist unserer Meinung nach n\u00fctzlich f\u00fcr Sie, da er es Ihnen erm\u00f6glicht, mit einer Buchung fortzufahren, ohne die Unterkunft erneut suchen oder alle Buchungsdetails erneut eingeben zu m\u00fcssen.<br \/>c. Wenn Sie unsere Dienste nutzen, k\u00f6nnen wir Ihnen eine Umfrage zusenden oder Sie bitten, eine Bewertung Ihrer Erfahrungen mit unserer Website zu hinterlassen. Dieser zus\u00e4tzliche Service ist unserer Meinung nach sowohl f\u00fcr Sie als auch f\u00fcr uns n\u00fctzlich, da wir unsere Website anhand Ihres Feedbacks weiter verbessern k\u00f6nnen.<\/li>\n<\/ul>\n<\/li>\n \n<li>Analysen, Verbesserungen und Forschung. Wir verwenden personenbezogene Daten f\u00fcr Forschung und Analysen. Wir k\u00f6nnen Dritte damit beauftragen, dies in unserem Namen zu tun. Wir k\u00f6nnen die Ergebnisse solcher Forschungsergebnisse weitergeben oder Dritten und unseren verbundenen Unternehmen in anonymer, aggregierter Form offenlegen. Wir verwenden Ihre personenbezogenen Daten auch zu analytischen Zwecken und zur Verbesserung unserer Dienste, der Benutzererfahrung sowie der Funktionalit\u00e4t und Qualit\u00e4t unserer Online-Reisedienste.<\/li>\n \n<li>Sicherheit, Betrugserkennung und -pr\u00e4vention: Wir nutzen Daten, die personenbezogene Daten enthalten k\u00f6nnen, um Betrug und andere illegale oder unrechtm\u00e4\u00dfige Aktivit\u00e4ten zu verhindern. Wir nutzen diese Daten auch zur Untersuchung und Aufdeckung von Betrug. Wir k\u00f6nnen personenbezogene Daten auch zur Risikobewertung und zu Sicherheitszwecken, einschlie\u00dflich der Benutzerauthentifizierung, verwenden. Zu diesen Zwecken k\u00f6nnen personenbezogene Daten an Dritte, wie Strafverfolgungsbeh\u00f6rden und externe Berater, weitergegeben werden.<\/li>\n \n<li>Wetten und Vorschriften: In bestimmten F\u00e4llen m\u00fcssen wir die bereitgestellten Daten, die personenbezogene Daten enthalten k\u00f6nnen, verwenden, um Rechtsstreitigkeiten oder Beschwerden zu bearbeiten und zu l\u00f6sen, f\u00fcr Untersuchungs- und Compliance-Zwecke von Gesetzen und Vorschriften oder zur Durchsetzung von Vereinbarungen, oder um rechtm\u00e4\u00dfigen Anfragen von Strafverfolgungsbeh\u00f6rden nachzukommen, soweit gesetzlich vorgeschrieben.<\/li>\n \n<li>Wenn wir automatisierte Mittel zur Verarbeitung personenbezogener Daten verwenden, die rechtliche oder \u00e4hnliche erhebliche Auswirkungen auf Sie haben, werden wir geeignete Ma\u00dfnahmen ergreifen, um Ihre Rechte und Freiheiten zu sch\u00fctzen, einschlie\u00dflich des Rechts auf menschliches Eingreifen.<\/li>\n<\/ul>\n<p> <\/p>\n<h3 class=\"wp-block-heading\">Rechtliche Grundlagen<\/h3>\n<p> <\/p>\n<ul class=\"wp-block-list\">\n<li>Aufgrund des Zwecks Reisevorbereitung und Kundenservice st\u00fctzen wir uns auf die Erf\u00fcllung eines Vertrags. Die Nutzung Ihrer Daten kann zur Erf\u00fcllung Ihres Vertrags mit uns erforderlich sein. Wenn Sie beispielsweise unsere Dienste zur Online-Buchung nutzen, verwenden wir Ihre Daten zur Erf\u00fcllung unserer vertraglichen Verpflichtung zur Fertigstellung und Verwaltung Ihrer Buchung bei uns.<\/li>\n \n<li>In Anbetracht der anderen Zwecke st\u00fctzen wir uns auf die berechtigten Interessen: Wir verwenden Ihre Daten f\u00fcr unsere berechtigten Interessen, wie z.B. Ihnen die am besten passende Inhalte f\u00fcr die Webseite, E-Mails und Newsletter anzubieten, zur Verbesserung und F\u00f6rderung unserer Produkte und Dienstleistungen sowie unserer Webinhalte und f\u00fcr administrative, Betrugserkennungs- und rechtliche Zwecke. Beim Verwenden von pers\u00f6nlichen Daten f\u00fcr unsere berechtigten Interessen suchen wir immer nach einer ausgewogenen Balance Ihrer Rechte und Interessen im Hinblick auf den Schutz Ihrer Daten gegen\u00fcber unseren Rechten und Interessen.<\/li>\n \n<li>In Anbetracht des Ziels der gesetzlichen Verpflichtungen st\u00fctzen wir uns auch, falls zutreffend, auf unsere Verpflichtung zur Einhaltung des geltenden Rechts.<\/li>\n \n<li>Wo erforderlich gem\u00e4\u00df geltendem Recht werden wir Sie um Ihre Zustimmung bitten, bevor wir Ihre personenbezogenen Daten f\u00fcr Direktmarketingzwecke verarbeiten.<\/li>\n<\/ul>\n<p> <\/p>\n<p>Falls erforderlich, gem\u00e4\u00df dem geltenden Recht, werden wir Sie um Ihre Zustimmung bitten. Sie k\u00f6nnen Ihre Zustimmung jederzeit widerrufen, indem Sie uns an einer der Adressen am Ende dieser Datenschutzerkl\u00e4rung kontaktieren.<\/p>\n<p> <\/p>\n<p>Wenn Sie Widerspruch gegen die Verarbeitung zu fakultativen Zwecken einlegen m\u00f6chten, aber kein direkter Opt-out-Mechanismus f\u00fcr Sie verf\u00fcgbar ist (z. B. in Ihren Konto-Einstellungen), kontaktieren Sie uns bitte unter welkom@villaheidetuin.nl.<\/p>\n<p> <\/p>\n<h3 class=\"wp-block-heading\">Teile von Daten<\/h3>\n<p> <\/p>\n<ul class=\"wp-block-list\">\n<li>Booking.com: wir arbeiten mit Booking.com B.V. zusammen, ans\u00e4ssig in Herengracht 597, 1017 CE Amsterdam, Niederlande (<a href=\"http:\/\/www.booking.com\/\" target=\"_blank\" rel=\"noreferrer noopener\">www.buchungen.de<\/a>) (im Folgenden Booking.com), um Ihnen unsere Online-Reservierungsdienste anzubieten. Obwohl wir den Inhalt dieser Website bereitstellen und Sie direkt bei uns eine Buchung vornehmen, werden die Buchungen \u00fcber Booking.com abgewickelt. Die Informationen, die Sie auf dieser Website eingeben, werden daher auch mit Booking.com und seinen Partnern geteilt. Dies k\u00f6nnen personenbezogene Daten sein, wie Ihr Name, Kontaktdaten, Zahlungsinformationen, Namen Ihrer Mitreisenden und alle Pr\u00e4ferenzen, die Sie bei der Buchung angegeben haben.<br \/>Gehe zu <a href=\"https:\/\/www.booking.com\/content\/about.html\" target=\"_blank\" rel=\"noopener\">\u00dcber Booking.com<\/a> wenn Sie mehr \u00fcber die Gesch\u00e4ftsfamilie von Booking.com erfahren m\u00f6chten.<\/li>\n<\/ul>\n<p> <\/p>\n<p>Booking.com sendet Ihnen eine Best\u00e4tigungs-E-Mail und eine E-Mail vor Ihrer Ankunft, und stellt Ihnen Informationen \u00fcber die Umgebung und die Unterkunft zur Verf\u00fcgung. Booking.com bietet auch rund um die Uhr Hilfe: der internationale Kundenservice in den \u00f6rtlichen B\u00fcros spricht mehr als 20 Sprachen. Wenn Sie Ihre Daten mit dem globalen Kundenservice von Booking.com teilen, k\u00f6nnen diese reagieren, wenn Sie sie brauchen. Booking.com kann Ihre Daten f\u00fcr technische, analytische und Marketingzwecke verwenden, wie in den nachstehenden Abschnitten n\u00e4her erl\u00e4utert. <a href=\"https:\/\/www.booking.com\/content\/privacy.html\" target=\"_blank\" rel=\"noreferrer noopener\">Datenschutzrichtlinie von Booking.com<\/a>. Dies beinhaltet auch, dass Ihre Daten zu Analysezwecken m\u00f6glicherweise mit anderen Mitgliedern der Booking Holdings Inc. Unternehmensgruppen geteilt werden, um Ihnen reisebezogene Angebote zu unterbreiten, die f\u00fcr Sie von Interesse sein k\u00f6nnten, sowie f\u00fcr ma\u00dfgeschneiderte Dienstleistungen. Falls nach geltendem Recht erforderlich, wird Booking.com Sie zun\u00e4chst um Ihre Zustimmung bitten. Wenn Ihre Daten in ein Land au\u00dferhalb des Europ\u00e4ischen Wirtschaftsraums \u00fcbermittelt werden, wird Booking.com vertragliche Vereinbarungen treffen, um sicherzustellen, dass Ihre pers\u00f6nlichen Daten weiterhin nach europ\u00e4ischen Standards gesch\u00fctzt werden. Wenn Sie Fragen zur Verarbeitung personenbezogener Daten durch Booking.com haben, k\u00f6nnen Sie sich an dataprotectionoffice@booking.com wenden.<\/p>\n<p> <\/p>\n<ul class=\"wp-block-list\">\n<li>BookingSuite: Ihre pers\u00f6nlichen Daten k\u00f6nnen mit BookingSuite B.V. mit Sitz in der Herengracht 597, 1017 CE Amsterdam, Niederlande, dem Unternehmen, das diese Website und suite.booking.com betreibt, geteilt werden.<\/li>\n \n<li>Drittanbieterdienste: Wir nutzen Dienstleister zur Verarbeitung Ihrer personenbezogenen Daten ausschlie\u00dflich in unserem Auftrag gem\u00e4\u00df den in dieser Datenschutzerkl\u00e4rung beschriebenen Zwecken, einschlie\u00dflich der Abwicklung von Buchungszahlungen, dem Versand von Marketingmaterialien oder f\u00fcr analytische Supportdienste. Diese Dienstleister sind zur Vertraulichkeit verpflichtet und d\u00fcrfen Ihre personenbezogenen Daten nicht f\u00fcr andere Zwecke verwenden.<\/li>\n \n<li>Bevoegde autoriteiten: Wir geben personenbezogene Daten an Strafverfolgungsbeh\u00f6rden und andere Beh\u00f6rden weiter, soweit dies gesetzlich vorgeschrieben oder f\u00fcr die Verh\u00fctung, Ermittlung und Strafverfolgung von Straftaten und Betrug unbedingt erforderlich ist.<\/li>\n<\/ul>\n<p> <\/p>\n<h3 class=\"wp-block-heading\">Internationale Daten\u00fcbertragungen<\/h3>\n<p> <\/p>\n<p>Die \u00dcbertragung personenbezogener Daten wie in dieser Datenschutzerkl\u00e4rung beschrieben kann grenz\u00fcberschreitende \u00dcbertragungen personenbezogener Daten in L\u00e4nder umfassen, deren Datenschutzgesetze nicht so umfassend sind wie die der L\u00e4nder innerhalb der Europ\u00e4ischen Union. Sofern von den europ\u00e4ischen Rechtsvorschriften gefordert, werden wir personenbezogene Daten nur an Empf\u00e4nger \u00fcbertragen, die ein angemessenes Datenschutzniveau bieten. In solchen Situationen treffen wir vertragliche Vereinbarungen, um sicherzustellen, dass Ihre personenbezogenen Daten weiterhin nach europ\u00e4ischen Standards gesch\u00fctzt werden. Sie k\u00f6nnen uns bitten, eine Kopie dieser Klauseln \u00fcber die unten aufgef\u00fchrten Kontaktdaten einzusehen.<\/p>\n<p> <\/p>\n<h3 class=\"wp-block-heading\">Sicherheit<\/h3>\n<p> <\/p>\n<p>BookingSuite ergreift angemessene Vorkehrungen, um den unbefugten Zugriff auf und Missbrauch von Daten, einschlie\u00dflich personenbezogener Daten, zu verhindern. Wir verwenden geeignete Gesch\u00e4ftsverfahren und -systeme zum Schutz von Informationen, einschlie\u00dflich personenbezogener Daten. Wir verwenden auch Sicherheitsverfahren und technische sowie physische Beschr\u00e4nkungen f\u00fcr den Zugriff auf und die Nutzung von personenbezogenen Daten auf unseren Servern. Nur autorisiertes Personal hat w\u00e4hrend seiner T\u00e4tigkeit Zugriff auf personenbezogene Daten.<\/p>\n<p> <\/p>\n<h3 class=\"wp-block-heading\">Datenspeicherung<\/h3>\n<p> <\/p>\n<p>Wir werden Ihre Daten, einschlie\u00dflich personenbezogener Daten, so lange speichern, wie wir es f\u00fcr notwendig halten, um Ihnen Dienstleistungen zu erbringen, geltende Gesetze einzuhalten, Streitigkeiten mit Parteien beizulegen und anderweitig, falls erforderlich, um uns die Durchf\u00fchrung unserer Gesch\u00e4fte zu erm\u00f6glichen, einschlie\u00dflich der Erkennung und Verhinderung von Betrug oder anderen illegalen Aktivit\u00e4ten. Alle gespeicherten personenbezogenen Daten unterliegen dieser Datenschutzerkl\u00e4rung. Wenn Sie Fragen zu einer bestimmten Aufbewahrungsfrist f\u00fcr bestimmte Arten von personenbezogenen Daten haben, die wir \u00fcber Sie verarbeiten, kontaktieren Sie uns bitte \u00fcber die unten angegebenen Kontaktdaten.<\/p>\n<p> <\/p>\n<h3 class=\"wp-block-heading\">Ihre Optionen und Rechte<\/h3>\n<p> <\/p>\n<p>Wir m\u00f6chten, dass Sie die Kontrolle dar\u00fcber haben, wie Ihre personenbezogenen Daten von uns verwendet werden. Sie k\u00f6nnen dies auf folgende Weise tun:<\/p>\n<p> <\/p>\n<ul class=\"wp-block-list\">\n<li>Sie k\u00f6nnen uns um eine Kopie der personenbezogenen Daten bitten, die wir \u00fcber Sie gespeichert haben;<\/li>\n \n<li>Sie k\u00f6nnen uns \u00fcber \u00c4nderungen Ihrer personenbezogenen Daten informieren oder uns bitten, die personenbezogenen Daten, die wir \u00fcber Sie speichern, zu korrigieren;<\/li>\n \n<li>in bestimmten F\u00e4llen k\u00f6nnen Sie uns auffordern, die Verarbeitung der wir \u00fcber Sie haben zu l\u00f6schen, zu sperren oder einzuschr\u00e4nken und der Art und Weise, wie wir Sie verwenden, zu widersprechen; und<\/li>\n \n<li>In bestimmten F\u00e4llen k\u00f6nnen Sie uns auch bitten, die von Ihnen bereitgestellten personenbezogenen Daten an einen Dritten zu senden.<\/li>\n<\/ul>\n<p> <\/p>\n<p>Wenn wir Ihre personenbezogenen Daten mit Ihrer Einwilligung verarbeiten, haben Sie das Recht, diese Einwilligung jederzeit zu widerrufen, vorbehaltlich der geltenden Rechtsvorschriften. Dar\u00fcber hinaus haben Sie, wenn wir Ihre personenbezogenen Daten auf der Grundlage eines berechtigten Interesses oder des \u00f6ffentlichen Interesses verarbeiten, das Recht, dieser Verarbeitung Ihrer personenbezogenen Daten jederzeit zu widersprechen, vorbehaltlich der geltenden Rechtsvorschriften.<\/p>\n<p> <\/p>\n<p>Wir vertrauen darauf, dass Ihre pers\u00f6nlichen Daten vollst\u00e4ndig, korrekt und aktuell sind. Informieren Sie uns umgehend \u00fcber \u00c4nderungen oder Ungenauigkeiten Ihrer pers\u00f6nlichen Daten, indem Sie sich an welkom@villaheidetuin.nl wenden. Wir werden Ihre Anfrage in \u00dcbereinstimmung mit den geltenden Gesetzen bearbeiten.<\/p>\n<p> <\/p>\n<h3 class=\"wp-block-heading\">Fragen oder Beschwerden<\/h3>\n<p> <\/p>\n<p>Wenn Sie Fragen oder Anmerkungen zu unserer Verarbeitung Ihrer pers\u00f6nlichen Daten haben oder Ihre Rechte im Rahmen dieser Mitteilung aus\u00fcben m\u00f6chten, kontaktieren Sie uns bitte unter welkom@villaheidetuin.nl. Sie k\u00f6nnen sich auch mit Fragen und Beschwerden an die Datenschutzbeh\u00f6rde wenden.<\/p>\n<p> <\/p>\n<h3 class=\"wp-block-heading\">\u00c4nderungen in der Benachrichtigung<\/h3>\n<p> <\/p>\n<p>So wie sich unser Unternehmen st\u00e4ndig ver\u00e4ndert, wird sich auch diese Datenschutzerkl\u00e4rung von Zeit zu Zeit \u00e4ndern. Wenn Sie \u00fcber \u00c4nderungen dieser Datenschutzerkl\u00e4rung auf dem Laufenden bleiben m\u00f6chten, empfehlen wir Ihnen, diese Seite regelm\u00e4\u00dfig zu besuchen. Wenn wir wesentliche \u00c4nderungen vornehmen oder \u00c4nderungen vornehmen, die Sie betreffen (z. B. wenn wir beginnen, Ihre personenbezogenen Daten f\u00fcr andere Zwecke als die oben genannten zu verarbeiten), werden wir Sie kontaktieren, bevor wir mit dieser Verarbeitung beginnen.<\/p>\n<p> <\/p>\n<p>Diese Richtlinie gilt ab: Januar 2024<\/p>\n<p> <\/p>\n<h3 class=\"wp-block-heading\">Links zu anderen Webseiten<\/h3>\n<p> <\/p>\n<p>Unsere Website kann Links zu anderen interessanten Websites enthalten. Aber, sobald Sie unsere Website \u00fcber einen solchen Link verlassen haben, m\u00fcssen Sie wissen, dass wir nat\u00fcrlich keinen Einfluss auf diese Website haben. Daher k\u00f6nnen wir nicht f\u00fcr Ihre Privatsph\u00e4re oder den Umgang mit Informationen verantwortlich sein, die Sie bereitstellen, wenn Sie diese Website besuchen, und unsere hier beschriebene Datenschutz- und Cookie-Richtlinie gilt dann nicht. Sie sollten diese Website oder Webseiten mit der gebotenen Vorsicht besuchen<\/p>\n<p><\/p>\n<\/div><\/div>\n<\/section>","protected":false},"excerpt":{"rendered":"<p>Privacy beleid Het hier omschreven privacy en cookie beleid geeft aan hoe wij omgaan met alle eventueel verstrekte informatie en hoe deze indien van toepassing beveiligen als u deze website bezoekt. Villa Heidetuin stelt alles in het werk om je privacy te beschermen. Voorzover we informatie van je vragen die gebruikt kan worden om je [&hellip;]<\/p>\n","protected":false},"author":1,"featured_media":0,"parent":24,"menu_order":0,"comment_status":"open","ping_status":"closed","template":"","meta":{"_breakdance_hide_in_design_set":false,"_breakdance_tags":"","footnotes":""},"categories":[31],"tags":[],"class_list":["post-466","page","type-page","status-publish","hentry","category-welkom"],"_links":{"self":[{"href":"https:\/\/villaheidetuin.eu\/de\/wp-json\/wp\/v2\/pages\/466","targetHints":{"allow":["GET"]}}],"collection":[{"href":"https:\/\/villaheidetuin.eu\/de\/wp-json\/wp\/v2\/pages"}],"about":[{"href":"https:\/\/villaheidetuin.eu\/de\/wp-json\/wp\/v2\/types\/page"}],"author":[{"embeddable":true,"href":"https:\/\/villaheidetuin.eu\/de\/wp-json\/wp\/v2\/users\/1"}],"replies":[{"embeddable":true,"href":"https:\/\/villaheidetuin.eu\/de\/wp-json\/wp\/v2\/comments?post=466"}],"version-history":[{"count":2,"href":"https:\/\/villaheidetuin.eu\/de\/wp-json\/wp\/v2\/pages\/466\/revisions"}],"predecessor-version":[{"id":182511,"href":"https:\/\/villaheidetuin.eu\/de\/wp-json\/wp\/v2\/pages\/466\/revisions\/182511"}],"up":[{"embeddable":true,"href":"https:\/\/villaheidetuin.eu\/de\/wp-json\/wp\/v2\/pages\/24"}],"wp:attachment":[{"href":"https:\/\/villaheidetuin.eu\/de\/wp-json\/wp\/v2\/media?parent=466"}],"wp:term":[{"taxonomy":"category","embeddable":true,"href":"https:\/\/villaheidetuin.eu\/de\/wp-json\/wp\/v2\/categories?post=466"},{"taxonomy":"post_tag","embeddable":true,"href":"https:\/\/villaheidetuin.eu\/de\/wp-json\/wp\/v2\/tags?post=466"}],"curies":[{"name":"wp","href":"https:\/\/api.w.org\/{rel}","templated":true}]}}