{"id":3940,"date":"2016-09-05T23:48:45","date_gmt":"2016-09-05T21:48:45","guid":{"rendered":"https:\/\/villaheidetuin.eu\/?page_id=3940"},"modified":"2025-01-17T23:37:26","modified_gmt":"2025-01-17T21:37:26","slug":"stellenangebote","status":"publish","type":"page","link":"https:\/\/villaheidetuin.eu\/de\/vacatures\/","title":{"rendered":"Stellenangebote"},"content":{"rendered":"<section class=\"bde-section-3940-100 bde-section\">\n  \n  \n\t\n\n\n\n<div class=\"section-container\"><h1 class=\"bde-heading-3940-101 bde-heading\">\nStellenangebote\n<\/h1><div class=\"bde-rich-text-3940-102 bde-rich-text breakdance-rich-text-styles\">\n<p>Villa Heidetuin ist der Ort auf dem Brabanter Wall, um ehrlich zu Ruhe, herrlichem Essen und Trinken zu genie\u00dfen. Wir haben neben der Tagesgastronomie 5 Bed and Breakfast Zimmer, eine Suite und 2 Boutique Apartments.<\/p>\n<p>Wir expandieren. Bist du freundlich, fr\u00f6hlich, kollegial und hast Lust, in einem sehr netten Team zu arbeiten?<\/p>\n<div class=\"wp-block-group is-nowrap is-layout-flex wp-container-core-group-is-layout-1 wp-block-group-is-layout-flex\">\n<p>Wir suchen noch Leute f\u00fcr den Service, die K\u00fcche, den Abwasch und die Haushaltsf\u00fchrung.<\/p>\n<\/div>\n<p>Die Arbeiten finden gr\u00f6\u00dftenteils tags\u00fcber statt, auch am Wochenende.<\/p>\n<p>Ebenso suchen wir eine rechte Hand f\u00fcr den Service und eine zweite Person f\u00fcr die K\u00fcche. Beide Funktionen f\u00fcr garantierte Stunden.<\/p>\n<p>Senden Sie Ihren Lebenslauf an welkom@villaheidetuin.eu mit dem Betreff Bewerbung.<\/p>\n<p>Falls du keine passende Stelle findest, ist es immer m\u00f6glich, uns eine Initiativbewerbung an unsere E-Mail-Adresse zu senden. <a href=\"mailto:welkom@villaheidetuin.eu\">welkom@villaheidetuin.eu<\/a><\/p>\n<\/div><div class=\"bde-video-3940-104 bde-video\">\n<div class=\"ee-video-container\">\n            <video class=\"ee-video\" src=\"https:\/\/villaheidetuin.eu\/wp-content\/uploads\/2024\/04\/Vacature-Lonneke.mp4\"\n                               controls='true'                                                                controlslist=\"nodownload\"                playsinline\n>\n        <\/video>\n    \n    <\/div>\n\n<\/div><\/div>\n<\/section>","protected":false},"excerpt":{"rendered":"<p>Vacatures Villa Heidetuin is d\u00e9 plek op de Brabantse Wal om eerlijk te genieten van rust, heerlijk eten en drinken. Wij hebben naast de daghoreca, 5 Bed and Breakfast kamers, een suite en 2 Boutique appartementen. Wij breiden uit. Ben je vriendelijk, vrolijk, collegiaal en heb je zin om te werken in een heel leuk [&hellip;]<\/p>\n","protected":false},"author":2,"featured_media":0,"parent":0,"menu_order":0,"comment_status":"closed","ping_status":"closed","template":"","meta":{"_breakdance_hide_in_design_set":false,"_breakdance_tags":"","footnotes":""},"categories":[],"tags":[],"class_list":["post-3940","page","type-page","status-publish","hentry"],"_links":{"self":[{"href":"https:\/\/villaheidetuin.eu\/de\/wp-json\/wp\/v2\/pages\/3940","targetHints":{"allow":["GET"]}}],"collection":[{"href":"https:\/\/villaheidetuin.eu\/de\/wp-json\/wp\/v2\/pages"}],"about":[{"href":"https:\/\/villaheidetuin.eu\/de\/wp-json\/wp\/v2\/types\/page"}],"author":[{"embeddable":true,"href":"https:\/\/villaheidetuin.eu\/de\/wp-json\/wp\/v2\/users\/2"}],"replies":[{"embeddable":true,"href":"https:\/\/villaheidetuin.eu\/de\/wp-json\/wp\/v2\/comments?post=3940"}],"version-history":[{"count":8,"href":"https:\/\/villaheidetuin.eu\/de\/wp-json\/wp\/v2\/pages\/3940\/revisions"}],"predecessor-version":[{"id":183110,"href":"https:\/\/villaheidetuin.eu\/de\/wp-json\/wp\/v2\/pages\/3940\/revisions\/183110"}],"wp:attachment":[{"href":"https:\/\/villaheidetuin.eu\/de\/wp-json\/wp\/v2\/media?parent=3940"}],"wp:term":[{"taxonomy":"category","embeddable":true,"href":"https:\/\/villaheidetuin.eu\/de\/wp-json\/wp\/v2\/categories?post=3940"},{"taxonomy":"post_tag","embeddable":true,"href":"https:\/\/villaheidetuin.eu\/de\/wp-json\/wp\/v2\/tags?post=3940"}],"curies":[{"name":"wp","href":"https:\/\/api.w.org\/{rel}","templated":true}]}}