{"id":3783,"date":"2016-03-31T10:30:30","date_gmt":"2016-03-31T09:30:30","guid":{"rendered":"https:\/\/villaheidetuin.eu\/?page_id=3783"},"modified":"2025-09-10T10:25:26","modified_gmt":"2025-09-10T08:25:26","slug":"gut-lievensberg","status":"publish","type":"page","link":"https:\/\/villaheidetuin.eu\/de\/landgoed-lievensberg\/","title":{"rendered":"Landgoed Lievensberg en de Heidetuin"},"content":{"rendered":"<section class=\"bde-section-3783-100 bde-section\">\n  \n  \n\t\n\n\n\n<div class=\"section-container\"><h1 class=\"bde-heading-3783-101 bde-heading\">\nLandgoed Lievensberg und der Heidegarten, eine Perle im Brabantse Wal Gebiet.\n<\/h1><div class=\"bde-rich-text-3783-102 bde-rich-text breakdance-rich-text-styles\">\n<p>Kommen Sie im Lievensberg zur Ruhe, ein Anwesen voller bezaubernder Sandverwehungen, stiller Heideg\u00e4rten und majest\u00e4tischer Kiefernw\u00e4lder. In den vergangenen Jahren wurde dieses Naturparadies mit Liebe und Sorgfalt erneuert und modernisiert, wobei die urspr\u00fcngliche Vision des fr\u00fcheren Designs beibehalten wurde. Das Ergebnis? Ein wundersch\u00f6ner, vielseitiger Park, der Kunst und Natur harmonisch vereint, mit einer beeindruckenden Vielfalt an B\u00e4umen und Str\u00e4uchern, die jede Jahreszeit zum Leben erwecken. In der charmanten Villa finden Sie nun unser Boutique-Hotel und eine einladende Gastronomie, ideal f\u00fcr einen unvergesslichen Nachmittag. Und wussten Sie, dass Sie diesen stimmungsvollen Raum abends f\u00fcr ein intimes Abendessen oder eine gesellige Feier buchen k\u00f6nnen? Der Park, der Wald und die Heide sind t\u00e4glich von Sonnenaufgang bis Sonnenuntergang zug\u00e4nglich, sodass Sie zu jeder Jahreszeit die Ruhe und Sch\u00f6nheit dieses einzigartigen Ortes genie\u00dfen k\u00f6nnen. Ein kleiner Teil des Lievensbergs dient als Wassergewinnungsgebiet. Erleben Sie selbst die Magie des Lievensbergs \u2013 ein Ort, an dem Natur, Kunst und Geschichte in bezaubernder Harmonie miteinander verwoben sind.<\/p>\n<\/div><div class=\"bde-columns-3783-104 bde-columns\"><div class=\"bde-column-3783-105 bde-column\">\n  \n  \n\t\n\n\n\n<div class=\"bde-image-3783-103 bde-image\">\n<figure class=\"breakdance-image breakdance-image--182712\">\n\t<div class=\"breakdance-image-container\">\n\t\t<div class=\"breakdance-image-clip\"><img loading=\"lazy\" decoding=\"async\" class=\"breakdance-image-object\" src=\"https:\/\/villaheidetuin.eu\/wp-content\/uploads\/2024\/09\/Huize-LIEVENSBERG-Balse-Baan-BergenopZoom-gigapixel-lines-scale-4_00x.jpg\" width=\"2000\" height=\"1456\" srcset=\"https:\/\/villaheidetuin.eu\/wp-content\/uploads\/2024\/09\/Huize-LIEVENSBERG-Balse-Baan-BergenopZoom-gigapixel-lines-scale-4_00x.jpg 2000w, https:\/\/villaheidetuin.eu\/wp-content\/uploads\/2024\/09\/Huize-LIEVENSBERG-Balse-Baan-BergenopZoom-gigapixel-lines-scale-4_00x-400x291.jpg 400w, https:\/\/villaheidetuin.eu\/wp-content\/uploads\/2024\/09\/Huize-LIEVENSBERG-Balse-Baan-BergenopZoom-gigapixel-lines-scale-4_00x-1024x745.jpg 1024w, https:\/\/villaheidetuin.eu\/wp-content\/uploads\/2024\/09\/Huize-LIEVENSBERG-Balse-Baan-BergenopZoom-gigapixel-lines-scale-4_00x-768x559.jpg 768w, https:\/\/villaheidetuin.eu\/wp-content\/uploads\/2024\/09\/Huize-LIEVENSBERG-Balse-Baan-BergenopZoom-gigapixel-lines-scale-4_00x-1536x1118.jpg 1536w\" sizes=\"auto, (max-width: 2000px) 100vw, 2000px\"><\/div>\n\t<\/div><\/figure>\n\n<\/div>\n<\/div><div class=\"bde-column-3783-106 bde-column\">\n  \n  \n\t\n\n\n\n<div class=\"bde-rich-text-3783-107 bde-rich-text breakdance-rich-text-styles\">\n<p>\u2018Huize Lievensberg\u2019, erbaut im Jahr 1846 von Johannes de Ram, ist ein stimmungsvolles Anwesen mit einer reichen Geschichte. Auftraggeber war die belgische Familie de Ram, die das Haus bis Anfang der zwanziger Jahre bewohnte. Danach fanden die Br\u00fcder der Unbefleckten Empf\u00e4ngnis dort Unterschlupf, gefolgt von einer Zeit als Krisenunterkunft f\u00fcr Jugendliche. Beim Bau unseres luxuri\u00f6sen B&amp;B haben wir mit Liebe und Sorgfalt die authentischen Elemente bewahrt oder sorgf\u00e4ltig renoviert. So bieten wir unseren G\u00e4sten nicht nur modernen Komfort, sondern auch eine nostalgische Reise zur\u00fcck in die Zeit.<\/p>\n<\/div>\n<\/div><\/div><div class=\"bde-rich-text-3783-109 bde-rich-text breakdance-rich-text-styles\">\n<p>Das Landhaus ist von einem Park mit Teich und Baumgruppen umgeben, die aus den Jahren 1870\u20131920 stammen. Verschiedene alte Alleen durchschneiden das Anwesen, darunter eine 800 Meter lange Sichtachse, die auf das Landhaus ausgerichtet ist. Immer noch ist die Villa Heidetuin von einem pr\u00e4chtigen park\u00e4hnlichen Garten mit Buchenalleen, Picknickpl\u00e4tzen, einem Heidegarten mit \u00fcber 30 verschiedenen Heidearten und einem Teich umgeben.<\/p>\n<\/div><div class=\"bde-image-3783-110 bde-image\">\n<figure class=\"breakdance-image breakdance-image--3253\">\n\t<div class=\"breakdance-image-container\">\n\t\t<div class=\"breakdance-image-clip\"><img loading=\"lazy\" decoding=\"async\" class=\"breakdance-image-object\" src=\"https:\/\/villaheidetuin.eu\/wp-content\/uploads\/2015\/10\/heidetuin_don-17.jpg\" width=\"1800\" height=\"1198\" srcset=\"https:\/\/villaheidetuin.eu\/wp-content\/uploads\/2015\/10\/heidetuin_don-17.jpg 1800w, https:\/\/villaheidetuin.eu\/wp-content\/uploads\/2015\/10\/heidetuin_don-17-400x266.jpg 400w, https:\/\/villaheidetuin.eu\/wp-content\/uploads\/2015\/10\/heidetuin_don-17-1024x682.jpg 1024w, https:\/\/villaheidetuin.eu\/wp-content\/uploads\/2015\/10\/heidetuin_don-17-768x511.jpg 768w, https:\/\/villaheidetuin.eu\/wp-content\/uploads\/2015\/10\/heidetuin_don-17-1536x1022.jpg 1536w, https:\/\/villaheidetuin.eu\/wp-content\/uploads\/2015\/10\/heidetuin_don-17-600x400.jpg 600w, https:\/\/villaheidetuin.eu\/wp-content\/uploads\/2015\/10\/heidetuin_don-17-1320x879.jpg 1320w\" sizes=\"auto, (max-width: 1800px) 100vw, 1800px\"><\/div>\n\t<\/div><\/figure>\n\n<\/div><div class=\"bde-rich-text-3783-108 bde-rich-text breakdance-rich-text-styles\">\n<p>Landgoed Lievensberg ist beliebt bei Wanderern, Radfahrern und Familien auf der Suche nach Abenteuer. Kinder finden hier ihr Spielparadies, w\u00e4hrend Eltern eine ruhige <a href=\"https:\/\/villaheidetuin.eu\/de\/villa-picknick-en-villa-knapzak\/\" target=\"_blank\" rel=\"noreferrer noopener\">Sommer-Picknick<\/a> oder eine sportliche Aktivit\u00e4t.<\/p>\n<p>Vom Landhaus aus k\u00f6nnen Sie ungest\u00f6rt durch den Wald spazieren und alle besonderen Orte entdecken. W\u00e4hlen Sie eine Route, die Sie an der gr\u00fcnen Vielseitigkeit des Brabantse Wal und des Anwesens Lievensberg vorbeif\u00fchrt. Nach einem frischen Spaziergang k\u00f6nnen Sie sich auf unserer Terrasse bei einer Tasse Kaffee und Kuchen, einem leckeren Mittagessen oder einem Glas Wein entspannen.<\/p>\n<p><strong>Villa Heidetuin von Nahem<\/strong><br \/>In den letzten Jahren wurde hart gearbeitet, um den Park zu renovieren und zu modernisieren, immer mit Respekt f\u00fcr die urspr\u00fcnglichen Landschaftsgestaltungen. Das Ergebnis: ein wundersch\u00f6ner Park voller Kunst, einer Vielfalt an B\u00e4umen und Str\u00e4uchern und einer Atmosph\u00e4re zum Tr\u00e4umen.<\/p>\n<p>Im Park rund um die Villa finden Sie nicht nur Informationen \u00fcber die hier wachsenden Pflanzen und B\u00e4ume, sondern auch inspirierende Kunstwerke. Mehr \u00fcber den Park k\u00f6nnen Sie auf der <a href=\"https:\/\/park-heidetuin.nl\" target=\"_blank\" rel=\"noopener\">spezielle Park Heidegarten Website.<\/a><\/p>\n<p>Die wei\u00dfe Villa beherbergt nun ein Boutique-Hotel und bietet tags\u00fcber ein gem\u00fctliches Lokal. Obwohl das Lokal tags\u00fcber ge\u00f6ffnet ist, kann man die R\u00e4umlichkeiten am Abend f\u00fcr ein privates Abendessen oder eine intime Feier mieten.<\/p>\n<p>T\u00e4glich, vom Sonnenaufgang bis zum Sonnenuntergang, sind der Park, der Wald und die Heide frei zug\u00e4nglich.<\/p>\n<p>Ein Teil des Anwesens dient als Wassergewinnungsgebiet.<\/p>\n<p>Scheint dir teilnehmen <a href=\"https:\/\/bergenopzoom.nu\/beleef-geocaching-in-en-rond-bergen-op-zoom\/\" target=\"_blank\" rel=\"noopener\">Geocaching<\/a> Aufregend? Im Park findest du einen Cache, der darauf wartet, entdeckt zu werden. Viel Spa\u00df beim Suchen!<\/p>\n<\/div><\/div>\n<\/section><section class=\"bde-section-3783-113 bde-section\">\n  \n  \n\t\n\n\n\n<div class=\"section-container\"><h2 class=\"bde-heading-3783-114 bde-heading\">\nMehr \u00fcber die Brabantse Wal\n<\/h2><h3 class=\"bde-heading-3783-115 bde-heading\">\n...wo Brabant auf Zeeland trifft...\n<\/h3><div class=\"bde-rich-text-3783-116 bde-rich-text breakdance-rich-text-styles\">\n<p><\/p>\n<p>An der Grenze von Brabant und Zeeland liegt die Brabantse Wal, eine der drei Landschaften von Allure in Nordbrabant. Ein Gebiet, in dem Natursch\u00f6nheit, Denkm\u00e4ler und kulturelle Veranstaltungen miteinander verwoben sind.<\/p>\n<p> <\/p>\n<p><strong>Einzigartiger Landschaft<br \/><\/strong>Der Brabantse Wal ist ein Sandplateau, das sich im \u00e4u\u00dfersten Westen der Provinz Nordbrabant erstreckt, von der belgischen Grenze im S\u00fcden bis an\u00a0<a href=\"http:\/\/www.vvvbrabantsewal.nl\/brabantse-wal\/steenbergen.aspx\" target=\"_blank\" rel=\"noopener\">Steinberg<\/a> im Norden und bis zu\u00a0<a href=\"http:\/\/www.vvvbrabantsewal.nl\/brabantse-wal\/wouwse-plantage.aspx\" target=\"_blank\" rel=\"noopener\">Wouwse Plantage<\/a> im Osten. Das Gebiet zeichnet sich durch eine gro\u00dfe Vielfalt an Landschaften aus. Das h\u00fcgelige Gel\u00e4nde des Brabantse Wal steigt bei Woensdrecht bis zu 20 Meter \u00fcber dem Meeresspiegel an, was sch\u00f6ne Ausblicke bietet. Nach dem Aufstieg geht die Landschaft pl\u00f6tzlich wieder in die weitl\u00e4ufigen Polder rund um Steenbergen, die Gew\u00e4sser der Zeeland-Delta und die W\u00e4lder der Wouwse Plantage \u00fcber.<\/p>\n<p> <\/p>\n<p><strong>Stadt und Region<br \/><\/strong>In der Mitte des Gebietes liegt die Markgrafenstadt <a href=\"http:\/\/www.vvvbrabantsewal.nl\/brabantse-wal\/bergen-op-zoom.aspx\" target=\"_blank\" rel=\"noopener\">Bergen op Zoom<\/a>. Die mehr als 800 Monumente dieser Stadt erz\u00e4hlen die Geschichte einer reichen und bewegten Vergangenheit. Die Perle von Bergen op Zoom ist Het Markiezenhof, der ehemalige Wohnpalast der Herren und Markgrafen von Bergen op Zoom. Auf einem Abenteuer durch diesen weitl\u00e4ufigen Palast mit seinen vielen S\u00e4len, Zimmern, Galerien, Treppent\u00fcrmen, Innenh\u00f6fen und G\u00e4rten bekommen Sie ein gutes Bild von der Geschichte der Stadt und der Region. Das Kirmesmuseum und das Museum f\u00fcr internationale politische Karikaturen haben ebenfalls im Het Markiezenhof Unterschlupf gefunden.<br \/>Die vielen kulturellen Veranstaltungen und das breite Angebot an Gesch\u00e4ften und Gastronomie machen einen Besuch dieser Stadt mehr als lohnenswert. Zum Einkaufen, Kulturerlebnissen und kulinarischen Genuss sind Sie in Bergen op Zoom genau richtig. Informationen zu allen Veranstaltungen in der Stadt finden Sie auf <a href=\"https:\/\/bergenopzoom.nu\" target=\"_blank\" rel=\"noopener\">bergenopzoom.nu<\/a><\/p>\n<p> <\/p>\n<p>Die weiten W\u00e4lder ringsum\u00a0<a href=\"http:\/\/www.vvvbrabantsewal.nl\/brabantse-wal\/woensdrecht.aspx\" target=\"_blank\" rel=\"noopener\">Woensdrecht<\/a> sind ein wahres Eldorado f\u00fcr Radfahrer und Wanderer. Die Fahrrad- und Wanderknotenpunktsysteme garantieren viele Kilometer Rad- und Wandervergn\u00fcgen. Eine Kombination mit einem der kulinarischen Arrangements macht den Tag komplett!<\/p>\n<p> <\/p>\n<p>Auch der Wasserfreizeitsportler kommt reichlich zum Zuge. Steenbergen kennt gut ausgestattete Yachth\u00e4fen, die von Zeeland und Zuid-Holland aus sehr gut erreichbar sind. Der Zugang vom Volkerak zur Steenbergse Vliet \u00fcber die idyllisch anmutende Schleusenanlage Benedensas ist einzigartig. Die Anbindung an das Wasserstra\u00dfennetz bietet dem Wasserfreizeitsportler fantastische M\u00f6glichkeiten, den Brabantse Wal vom Wasser aus zu erkunden.<\/p>\n<p> <\/p>\n<p>Kultur probieren, Spa\u00df einkaufen, kulinarisch genie\u00dfen oder aktiv sein? Dann ist die Brabantse Wal die Region. Auch f\u00fcr Kinder gibt es viele M\u00f6glichkeiten auf der Brabantse Wal. Erleben Sie es selbst!<\/p>\n<p> <\/p>\n<p>Meer <a href=\"http:\/\/www.vvvbrabantsewal.nl\/brabantse-wal?sc_lang=nl-NL#sthash.8v1Fcb5A.dpuf\" target=\"_blank\" rel=\"noopener\">Website Brabantse Wal<\/a> \u00a0 Texte VVV Brabantse Wal<\/p>\n<p><\/p>\n<\/div><\/div>\n<\/section>","protected":false},"excerpt":{"rendered":"<p>Landgoed Lievensberg en de Heidetuin, een parel in het Brabantse Wal gebied. Kom tot rust bij Lievensberg, een landgoed vol betoverende zandverstuivingen, serene heidetuinen en majestueuze dennenbossen. In de afgelopen jaren is dit natuurlijke paradijs met liefde en zorg vernieuwd en gemoderniseerd, met behoud van de oorspronkelijke visie van het vroegere ontwerp. Het resultaat? Een [&hellip;]<\/p>\n","protected":false},"author":1,"featured_media":0,"parent":0,"menu_order":0,"comment_status":"closed","ping_status":"closed","template":"","meta":{"_breakdance_hide_in_design_set":false,"_breakdance_tags":"","footnotes":""},"categories":[27],"tags":[],"class_list":["post-3783","page","type-page","status-publish","hentry","category-omgeving"],"_links":{"self":[{"href":"https:\/\/villaheidetuin.eu\/de\/wp-json\/wp\/v2\/pages\/3783","targetHints":{"allow":["GET"]}}],"collection":[{"href":"https:\/\/villaheidetuin.eu\/de\/wp-json\/wp\/v2\/pages"}],"about":[{"href":"https:\/\/villaheidetuin.eu\/de\/wp-json\/wp\/v2\/types\/page"}],"author":[{"embeddable":true,"href":"https:\/\/villaheidetuin.eu\/de\/wp-json\/wp\/v2\/users\/1"}],"replies":[{"embeddable":true,"href":"https:\/\/villaheidetuin.eu\/de\/wp-json\/wp\/v2\/comments?post=3783"}],"version-history":[{"count":7,"href":"https:\/\/villaheidetuin.eu\/de\/wp-json\/wp\/v2\/pages\/3783\/revisions"}],"predecessor-version":[{"id":183539,"href":"https:\/\/villaheidetuin.eu\/de\/wp-json\/wp\/v2\/pages\/3783\/revisions\/183539"}],"wp:attachment":[{"href":"https:\/\/villaheidetuin.eu\/de\/wp-json\/wp\/v2\/media?parent=3783"}],"wp:term":[{"taxonomy":"category","embeddable":true,"href":"https:\/\/villaheidetuin.eu\/de\/wp-json\/wp\/v2\/categories?post=3783"},{"taxonomy":"post_tag","embeddable":true,"href":"https:\/\/villaheidetuin.eu\/de\/wp-json\/wp\/v2\/tags?post=3783"}],"curies":[{"name":"wp","href":"https:\/\/api.w.org\/{rel}","templated":true}]}}