{"id":3759,"date":"2016-03-30T13:12:57","date_gmt":"2016-03-30T12:12:57","guid":{"rendered":"https:\/\/villaheidetuin.eu\/?page_id=3759"},"modified":"2025-12-16T16:54:32","modified_gmt":"2025-12-16T14:54:32","slug":"buchen-sie-ihr-zimmer","status":"publish","type":"page","link":"https:\/\/villaheidetuin.eu\/de\/boek-uw-kamer\/","title":{"rendered":"Buchen Sie Ihr Zimmer"},"content":{"rendered":"<section class=\"bde-section-3759-100 bde-section\">\n  \n  \n\t\n\n\n\n<div class=\"section-container\"><h2 class=\"bde-heading-3759-105 bde-heading\">\nBuchen Sie hier....\n<\/h2><div class=\"bde-rich-text-3759-104 bde-rich-text breakdance-rich-text-styles\">\n<p>Wenn Sie buchen m\u00f6chten, pr\u00fcfen Sie bitte, ob an dem betreffenden Datum\/den betreffenden Daten ein Zimmer verf\u00fcgbar ist. Klicken Sie auf das Datum des Zimmers Ihrer Wahl und\/oder geben Sie die von\/bis Daten ein. Danach k\u00f6nnen Sie Ihre Daten eingeben und die Buchungsanfrage wird erstellt.<\/p>\n<p>Nach der Best\u00e4tigung per E-Mail ist Ihre Buchung endg\u00fcltig. Bitte beachten Sie, dass die Apartments von April bis Oktober ab zwei N\u00e4chten buchbar sind. Wir freuen uns darauf, Sie begr\u00fc\u00dfen zu d\u00fcrfen!<\/p>\n<p>Der Preis, den Sie nach der ersten Auswahl sehen, gilt f\u00fcr Erwachsene. F\u00fcr Kinder wird, basierend auf dem Alter, nach Auswahl des Alters, falls verf\u00fcgbar, ein niedrigerer Preis berechnet. Nicht jedes Zimmer bietet Platz f\u00fcr eine dritte oder vierte Person.<\/p>\n<p>Wenn Sie Fragen haben, kontaktieren Sie uns bitte \u00fcber <a href=\"mailto:welkom@villaheidetuin.eu\" target=\"_blank\" rel=\"noopener\">E-Mail<\/a> von <a href=\"tel:+31619117004\" target=\"_blank\" rel=\"noopener\">Rufen Sie uns an (+31 (0)619 117 004)<\/a>.<\/p>\n<\/div><div class=\"bde-rich-text-3759-102 bde-rich-text breakdance-rich-text-styles\">\nDurch Buchung akzeptieren Sie <a href=\"https:\/\/villaheidetuin.eu\/de\/bijzonder-overnachten\/prijzen-voorzieningen-en-annulering-voorwaarden\/\" rel=\"noopener\" target=\"_blank\">unsere Bedingungen<\/a>.\n<\/div><div class=\"bde-shortcode-3759-103 bde-shortcode\"><div id=\"beds24target_10299_17763_0\"><iframe onload=\"window.parent.parent.scrollTo(0,0)\" src =\"https:\/\/www.beds24.com\/booking2.php?1&#038;ownerid=10299&#038;propid=17763&#038;hidefooter=0&#038;hidecalendar=0&#038;numnight=1&#038;numadult=2&#038;numchild=0&#038;layout=4&#038;referer=VilleSite&#038;https:\/\/www.beds24.com\/booking2.php?propid=17763\" width=\"800\" height=\"700\" style=\"max-width:100%;border:none;overflow:auto;\"><p><a href=\"https:\/\/www.beds24.com\/booking2.php?1&#038;ownerid=10299&#038;propid=17763&#038;hidefooter=0&#038;hidecalendar=0&#038;numnight=1&#038;numadult=2&#038;numchild=0&#038;layout=4&#038;referer=VilleSite&#038;https:\/\/www.beds24.com\/booking2.php?propid=17763\" target=\"_blank\" rel=\"noopener\">Jetzt buchen<\/a><\/p><\/iframe><\/div><\/div><\/div>\n<\/section>","protected":false},"excerpt":{"rendered":"<p>Boek hier&#8230;. Wenst u te boeken, kijk dan of op de betreffende datum\/data een kamer beschikbaar is. Klik in de datum bij de kamer van uw keuze en\/of vul de van\/tot gegevens in. Daarna kunt u uw gegevens invoeren en komt de boeking aanvraag tot stand. Na bevestiging via email is uw boeking definitief. Houd [&hellip;]<\/p>\n","protected":false},"author":2,"featured_media":0,"parent":0,"menu_order":0,"comment_status":"closed","ping_status":"closed","template":"","meta":{"_breakdance_hide_in_design_set":false,"_breakdance_tags":"","footnotes":""},"categories":[32,25],"tags":[],"class_list":["post-3759","page","type-page","status-publish","hentry","category-overnachten","category-rooms"],"_links":{"self":[{"href":"https:\/\/villaheidetuin.eu\/de\/wp-json\/wp\/v2\/pages\/3759","targetHints":{"allow":["GET"]}}],"collection":[{"href":"https:\/\/villaheidetuin.eu\/de\/wp-json\/wp\/v2\/pages"}],"about":[{"href":"https:\/\/villaheidetuin.eu\/de\/wp-json\/wp\/v2\/types\/page"}],"author":[{"embeddable":true,"href":"https:\/\/villaheidetuin.eu\/de\/wp-json\/wp\/v2\/users\/2"}],"replies":[{"embeddable":true,"href":"https:\/\/villaheidetuin.eu\/de\/wp-json\/wp\/v2\/comments?post=3759"}],"version-history":[{"count":11,"href":"https:\/\/villaheidetuin.eu\/de\/wp-json\/wp\/v2\/pages\/3759\/revisions"}],"predecessor-version":[{"id":183550,"href":"https:\/\/villaheidetuin.eu\/de\/wp-json\/wp\/v2\/pages\/3759\/revisions\/183550"}],"wp:attachment":[{"href":"https:\/\/villaheidetuin.eu\/de\/wp-json\/wp\/v2\/media?parent=3759"}],"wp:term":[{"taxonomy":"category","embeddable":true,"href":"https:\/\/villaheidetuin.eu\/de\/wp-json\/wp\/v2\/categories?post=3759"},{"taxonomy":"post_tag","embeddable":true,"href":"https:\/\/villaheidetuin.eu\/de\/wp-json\/wp\/v2\/tags?post=3759"}],"curies":[{"name":"wp","href":"https:\/\/api.w.org\/{rel}","templated":true}]}}