{"id":3692,"date":"2016-03-25T10:32:44","date_gmt":"2016-03-25T08:32:44","guid":{"rendered":"https:\/\/villaheidetuin.eu\/?page_id=3692"},"modified":"2025-12-15T23:01:20","modified_gmt":"2025-12-15T21:01:20","slug":"hausregeln","status":"publish","type":"page","link":"https:\/\/villaheidetuin.eu\/de\/huisregels\/","title":{"rendered":"Hausordnung"},"content":{"rendered":"<section class=\"bde-section-3692-100 bde-section\">\n  \n  \n\t\n\n\n\n<div class=\"section-container\"><h2 class=\"bde-heading-3692-101 bde-heading\">\nHausordnung\n<\/h2><div class=\"bde-rich-text-3692-102 bde-rich-text breakdance-rich-text-styles\">\n<p>Hausregeln in der Villa Heidetuin sind dazu da, eine angenehme Atmosph\u00e4re f\u00fcr G\u00e4ste und Personal zu schaffen. Deshalb bitten wir Sie, R\u00fccksicht auf Ihre Mitnutzer zu nehmen und unseren Nachbarn keine Bel\u00e4stigung zu verursachen.<\/p>\n<p>\u2022 Die Hausordnung und die Anweisungen unserer Mitarbeiter sind stets zu befolgen. Unsere Mitarbeiter sind berechtigt, st\u00f6rende G\u00e4ste und\/oder G\u00e4ste, die die Hausordnung nicht befolgen, aus dem Gastronomiebetrieb zu verweisen und ihnen kann der (weitere) Zutritt zum Gastronomiebetrieb verweigert werden.<br \/>\u2022 Kein Alkohol unter 18 Jahren.<br \/>Zugangskontrolle mit Legitimierung m\u00f6glich.<br \/>\u2022 Gefundene Gegenst\u00e4nde m\u00fcssen an der Bar abgegeben werden.<br \/>\u2022 Eventuele klachten kunt u melden bij de leidinggevende.<br \/>\u2022 Die Direktion \u00fcbernimmt keine Haftung f\u00fcr Diebstahl oder Besch\u00e4digung Ihres Eigentums.<br \/>Schaden, der der Gastronomie, den Mitarbeitern und anderen Nutzern zugef\u00fcgt wird, wird den Verursachern in Rechnung gestellt.<br \/>\u2022 Es ist verboten, Drogen, Waffen oder andere Gegenst\u00e4nde, die als Waffen verwendet werden k\u00f6nnen, zu besitzen oder zu benutzen.<br \/>\u2022 Es ist in der gesamten Villa verboten zu rauchen. Auf der Terrasse haben wir einen Bereich als Nichtraucherbereich eingerichtet. <br \/>\u2022 Es ist verboten, Diebstahl oder Vandalismus zu begehen. Wir erstatten Anzeige oder reichen eine Beschwerde ein, und Sie werden sofort der Polizei \u00fcbergeben.<br \/>Es ist nicht gestattet, eigene mitgebrachte Getr\u00e4nke und\/oder Speisen zu verzehren.<br \/>Es ist nicht gestattet, Glaswaren au\u00dferhalb des Gastronomiebetriebs zu verwenden.<br \/>\u2022 Haustiere sind in <a href=\"https:\/\/villaheidetuin.eu\/de\/maandag-open-bergen-op-zoom\/\" target=\"_blank\" rel=\"noreferrer noopener\">der Salon<\/a> erlaubt zwischen 10:00-11:30 und 15:00-17:00, auf der Veranda sind Hunde den ganzen Tag willkommen mit ihren Besitzern. Assistenzhunde werden zugelassen. Haustiere m\u00fcssen jederzeit angeleint sein.<br \/>\u2022 Es ist verboten, Gewalt anzuwenden, zu diskriminieren und\/oder jemanden sexuell zu bel\u00e4stigen.<\/p>\n<p>\u00a0<\/p>\n<figure class=\"wp-block-gallery has-nested-images columns-default is-cropped wp-block-gallery-1 is-layout-flex wp-block-gallery-is-layout-flex\">\n<figure class=\"wp-block-image size-large\"><img loading=\"lazy\" decoding=\"async\" class=\"wp-image-4763\" src=\"https:\/\/villaheidetuin.eu\/wp-content\/uploads\/2018\/09\/img_0310-1024x1024.jpg\" sizes=\"auto, (max-width: 1024px) 100vw, 1024px\" srcset=\"https:\/\/villaheidetuin.eu\/wp-content\/uploads\/2018\/09\/img_0310-1024x1024.jpg 1024w, https:\/\/villaheidetuin.eu\/wp-content\/uploads\/2018\/09\/img_0310-150x150.jpg 150w, https:\/\/villaheidetuin.eu\/wp-content\/uploads\/2018\/09\/img_0310-300x300.jpg 300w, https:\/\/villaheidetuin.eu\/wp-content\/uploads\/2018\/09\/img_0310-768x768.jpg 768w, https:\/\/villaheidetuin.eu\/wp-content\/uploads\/2018\/09\/img_0310-930x930.jpg 930w, https:\/\/villaheidetuin.eu\/wp-content\/uploads\/2018\/09\/img_0310-1320x1320.jpg 1320w, https:\/\/villaheidetuin.eu\/wp-content\/uploads\/2018\/09\/img_0310-50x50.jpg 50w\" alt=\"Zeit zum Innehalten\" width=\"1024\" height=\"1024\" data-id=\"4763\" \/><\/figure>\n<figure class=\"wp-block-image size-large\"><img loading=\"lazy\" decoding=\"async\" class=\"wp-image-4749\" src=\"https:\/\/villaheidetuin.eu\/wp-content\/uploads\/2018\/09\/img_0304-1024x1024.jpg\" sizes=\"auto, (max-width: 1024px) 100vw, 1024px\" srcset=\"https:\/\/villaheidetuin.eu\/wp-content\/uploads\/2018\/09\/img_0304-1024x1024.jpg 1024w, https:\/\/villaheidetuin.eu\/wp-content\/uploads\/2018\/09\/img_0304-150x150.jpg 150w, https:\/\/villaheidetuin.eu\/wp-content\/uploads\/2018\/09\/img_0304-300x300.jpg 300w, https:\/\/villaheidetuin.eu\/wp-content\/uploads\/2018\/09\/img_0304-768x768.jpg 768w, https:\/\/villaheidetuin.eu\/wp-content\/uploads\/2018\/09\/img_0304-930x930.jpg 930w, https:\/\/villaheidetuin.eu\/wp-content\/uploads\/2018\/09\/img_0304-1320x1320.jpg 1320w, https:\/\/villaheidetuin.eu\/wp-content\/uploads\/2018\/09\/img_0304-50x50.jpg 50w\" alt=\"\" width=\"1024\" height=\"1024\" data-id=\"4749\" \/><\/figure>\n<\/figure>\n<\/div><\/div>\n<\/section>","protected":false},"excerpt":{"rendered":"<p>Huisregels Huisregels bij Villa Heidetuin zijn er om een prettige sfeer te cre\u00ebren voor zowel gasten en personeel.. Daarom vragen wij u om rekening te houden met uw medegebruikers en geen last te veroorzaken voor onze buren. \u2022 De huisregels en aanwijzingen van onze medewerkers dienen altijd te worden nageleefd. Onze medewerkers zijn gerechtigd, gasten [&hellip;]<\/p>\n","protected":false},"author":1,"featured_media":0,"parent":0,"menu_order":0,"comment_status":"closed","ping_status":"closed","template":"","meta":{"_breakdance_hide_in_design_set":false,"_breakdance_tags":"","footnotes":""},"categories":[],"tags":[],"class_list":["post-3692","page","type-page","status-publish","hentry"],"_links":{"self":[{"href":"https:\/\/villaheidetuin.eu\/de\/wp-json\/wp\/v2\/pages\/3692","targetHints":{"allow":["GET"]}}],"collection":[{"href":"https:\/\/villaheidetuin.eu\/de\/wp-json\/wp\/v2\/pages"}],"about":[{"href":"https:\/\/villaheidetuin.eu\/de\/wp-json\/wp\/v2\/types\/page"}],"author":[{"embeddable":true,"href":"https:\/\/villaheidetuin.eu\/de\/wp-json\/wp\/v2\/users\/1"}],"replies":[{"embeddable":true,"href":"https:\/\/villaheidetuin.eu\/de\/wp-json\/wp\/v2\/comments?post=3692"}],"version-history":[{"count":5,"href":"https:\/\/villaheidetuin.eu\/de\/wp-json\/wp\/v2\/pages\/3692\/revisions"}],"predecessor-version":[{"id":183614,"href":"https:\/\/villaheidetuin.eu\/de\/wp-json\/wp\/v2\/pages\/3692\/revisions\/183614"}],"wp:attachment":[{"href":"https:\/\/villaheidetuin.eu\/de\/wp-json\/wp\/v2\/media?parent=3692"}],"wp:term":[{"taxonomy":"category","embeddable":true,"href":"https:\/\/villaheidetuin.eu\/de\/wp-json\/wp\/v2\/categories?post=3692"},{"taxonomy":"post_tag","embeddable":true,"href":"https:\/\/villaheidetuin.eu\/de\/wp-json\/wp\/v2\/tags?post=3692"}],"curies":[{"name":"wp","href":"https:\/\/api.w.org\/{rel}","templated":true}]}}