{"id":182099,"date":"2024-02-12T22:36:51","date_gmt":"2024-02-12T20:36:51","guid":{"rendered":"https:\/\/villaheidetuin.eu\/?page_id=182099"},"modified":"2025-11-22T23:39:00","modified_gmt":"2025-11-22T21:39:00","slug":"welkom-2","status":"publish","type":"page","link":"https:\/\/villaheidetuin.eu\/de\/","title":{"rendered":"Willkommen bei Villa Heidetuin"},"content":{"rendered":"<section class=\"bde-section-182099-100 bde-section\">\n  \n  \n\t\n\n\n\n<div class=\"section-container\"><h2 class=\"bde-heading-182099-101 bde-heading\">\nWillkommen\n<\/h2><h3 class=\"bde-heading-182099-102 bde-heading\">\nLeckeres Essen und Trinken\n<\/h3><div class=\"bde-rich-text-182099-103 bde-rich-text breakdance-rich-text-styles\">\n<h2><\/h2>\n<p>In Villa Heidetuin verschmelzen die Stimmung des franz\u00f6sischen Landlebens und brabantische Gastfreundschaft zu einem unwiderstehlichen Erlebnis. Hier k\u00f6nnen Sie der Hektik entfliehen und eine entspannte Umgebung genie\u00dfen, die sich wie ein zweites Zuhause anf\u00fchlt. Die franz\u00f6sische Lebensfreude 'joie de vivre' durchdringt das gesamte Anwesen: von einem k\u00f6stlichen Glas Wein auf einer der sonnenverw\u00f6hnten Terrassen, einer frischen Tasse Kaffee mit hausgemachtem Kuchen auf der Veranda bis hin zum Flanieren durch die G\u00e4rten, wo Hortensien, Lavendel und aromatische Kr\u00e4uter \u00fcppig gedeihen.<\/p>\n<p>Wir sind stolz auf unser Anwesen, das nun auch ein Arboretum beherbergt, zusammen mit einem neu angelegten Heimatgarten. Lassen Sie sich von den Kunstwerken von Charles Vergouwen \u00fcberraschen, die die Natur entlang der Kunstroute bereichern. Die Liegewiese l\u00e4dt zu einem entspannten Picknick und herrlichem Entschleunigen ein.<\/p>\n<p>F\u00fcr Jung und Alt gibt es allerhand zu erleben. Kinder k\u00f6nnen auf der weitl\u00e4ufigen Rasenfl\u00e4che nach Herzenslust herumtollen.<\/p>\n<p>Neben einem gastfreundlichen Empfang bieten wir Fr\u00fchst\u00fcck, Mittagessen, Aperitifs und High Tea an. Auch spezielle Veranstaltungen wie Babypartys, Hochzeiten und gem\u00fctliche Feste werden mit Liebe betreut.<\/p>\n<p>M\u00f6chten Sie ein exklusives Abendessen? Das ist schon ab 8 Personen m\u00f6glich.<\/p>\n<p>Genie\u00dfen Sie unsere sorgf\u00e4ltig zusammengestellten Picknickk\u00f6rbe und abenteuerlichen Rucks\u00e4cke, spazieren Sie \u00fcber das Anwesen und lassen Sie sich mit K\u00f6stlichkeiten in einer einzigartigen Umgebung \u00fcberraschen.<\/p>\n<p>F\u00fcr einen angenehmen Aufenthalt verf\u00fcgen wir \u00fcber 5 Luxuszimmer, 2 gem\u00fctliche H\u00e4user und eine Suite mit einem herrlichen Whirlpool.<\/p>\n<p>Auch f\u00fcr Besprechungen, kreative Klausuren und inspirierende Schulungen ist die Villa Heidetuin der perfekte Ort.<\/p>\n<p>In unmittelbarer N\u00e4he gibt es zahlreiche Aktivit\u00e4ten wie einen Kletterpark, einen spannenden Escape Room, Waldegolf, einen Pick-your-own-Garten und vieles mehr, um die Zeit zu genie\u00dfen.<\/p>\n<\/div><\/div>\n<\/section><section class=\"bde-section-182099-104 bde-section\">\n  \n  \n\t\n\n\n\n<div class=\"section-container\"><h2 class=\"bde-heading-182099-107 bde-heading\">\nBesonders \u00fcbernachten\n<\/h2><div class=\"bde-basicslider-182099-134 bde-basicslider\">\n<div class=\"breakdance-swiper-wrapper\" data-swiper-id=\"134\">\n    <div class=\"swiper\">\n      <div class=\"swiper-wrapper\">\n      \n\t                    \n        <div class=\"swiper-slide\">\n          <div class=\"bde-basicslider__slide\" style=\"  background: #fcbc8f;\">\n              <div class=\"bde-basicslider__content\">\n                                    <div class=\"bde-basicslider__text\">\n              <p>T<\/p>\n            <\/div>\n                                    <\/div>\n\n\t\t\t\t\t\t          <img loading=\"lazy\" decoding=\"async\" class=\"breakdance-image-object bde-basicslider__image\" src=\"https:\/\/villaheidetuin.eu\/wp-content\/uploads\/2024\/10\/naamloos-25.jpg\" width=\"2362\" height=\"1476\" srcset=\"https:\/\/villaheidetuin.eu\/wp-content\/uploads\/2024\/10\/naamloos-25.jpg 2362w, https:\/\/villaheidetuin.eu\/wp-content\/uploads\/2024\/10\/naamloos-25-400x250.jpg 400w, https:\/\/villaheidetuin.eu\/wp-content\/uploads\/2024\/10\/naamloos-25-1024x640.jpg 1024w, https:\/\/villaheidetuin.eu\/wp-content\/uploads\/2024\/10\/naamloos-25-768x480.jpg 768w, https:\/\/villaheidetuin.eu\/wp-content\/uploads\/2024\/10\/naamloos-25-1536x960.jpg 1536w, https:\/\/villaheidetuin.eu\/wp-content\/uploads\/2024\/10\/naamloos-25-2048x1280.jpg 2048w\" sizes=\"auto, (max-width: 2362px) 100vw, 2362px\">\n\t\t\t\n          <\/div>\n        <\/div>\n       \n\t                    \n        <div class=\"swiper-slide\">\n          <div class=\"bde-basicslider__slide\">\n              <div class=\"bde-basicslider__content\">\n                                    <div class=\"bde-basicslider__text\">\n              <p>\u00a0<\/p>\n<p>\u00a0<\/p>\n            <\/div>\n                                    <\/div>\n\n\t\t\t\t\t\t          <img loading=\"lazy\" decoding=\"async\" class=\"breakdance-image-object bde-basicslider__image\" src=\"https:\/\/villaheidetuin.eu\/wp-content\/uploads\/2020\/05\/kamer4-e1712762858177.jpg\" width=\"1036\" height=\"690\" srcset=\"https:\/\/villaheidetuin.eu\/wp-content\/uploads\/2020\/05\/kamer4-e1712762858177.jpg 1036w, https:\/\/villaheidetuin.eu\/wp-content\/uploads\/2020\/05\/kamer4-e1712762858177-400x266.jpg 400w, https:\/\/villaheidetuin.eu\/wp-content\/uploads\/2020\/05\/kamer4-e1712762858177-1024x682.jpg 1024w, https:\/\/villaheidetuin.eu\/wp-content\/uploads\/2020\/05\/kamer4-e1712762858177-768x512.jpg 768w, https:\/\/villaheidetuin.eu\/wp-content\/uploads\/2020\/05\/kamer4-e1712762858177-600x400.jpg 600w\" sizes=\"auto, (max-width: 1036px) 100vw, 1036px\">\n\t\t\t\n          <\/div>\n        <\/div>\n       \n\t                    \n        <div class=\"swiper-slide\">\n          <div class=\"bde-basicslider__slide\" style=\"  background: #c0faf9;\">\n              <div class=\"bde-basicslider__content\">\n                                    <div class=\"bde-basicslider__text\">\n              <p>\u00a0<\/p>\n<p>\u00a0<\/p>\n            <\/div>\n                                    <\/div>\n\n\t\t\t\t\t\t          <img loading=\"lazy\" decoding=\"async\" class=\"breakdance-image-object bde-basicslider__image\" src=\"https:\/\/villaheidetuin.eu\/wp-content\/uploads\/2024\/03\/slapeninbergenopzoom_r-6-2048x1363-1-e1716825612333.jpg\" width=\"1467\" height=\"1030\" srcset=\"https:\/\/villaheidetuin.eu\/wp-content\/uploads\/2024\/03\/slapeninbergenopzoom_r-6-2048x1363-1-e1716825612333.jpg 1467w, https:\/\/villaheidetuin.eu\/wp-content\/uploads\/2024\/03\/slapeninbergenopzoom_r-6-2048x1363-1-e1716825612333-400x281.jpg 400w, https:\/\/villaheidetuin.eu\/wp-content\/uploads\/2024\/03\/slapeninbergenopzoom_r-6-2048x1363-1-e1716825612333-1024x719.jpg 1024w, https:\/\/villaheidetuin.eu\/wp-content\/uploads\/2024\/03\/slapeninbergenopzoom_r-6-2048x1363-1-e1716825612333-768x539.jpg 768w\" sizes=\"auto, (max-width: 1467px) 100vw, 1467px\">\n\t\t\t\n          <\/div>\n        <\/div>\n       \n      <\/div>\n    <\/div>\n                <div class=\"swiper-button-prev\">\n            \n        <\/div>\n        <div class=\"swiper-button-next\">\n            \n        <\/div>\n    \n    \n<\/div>\n\n<\/div><h3 class=\"bde-heading-182099-120 bde-heading\">\nBewertungen\n<\/h3><div class=\"bde-shortcode-182099-121 bde-shortcode\"><div data-src=\"https:\/\/cdn.trustindex.io\/loader.js?5e3609644ac2484322663566c91\"><\/div><\/div><\/div>\n<\/section>","protected":false},"excerpt":{"rendered":"<p>Welkom Lekker eten en drinken Bij Villa Heidetuin smelten de sfeer van het Franse platteland en Brabantse gastvrijheid samen tot een onweerstaanbare ervaring. Hier kun je ontsnappen aan de drukte terwijl je geniet van een ontspannen omgeving die aanvoelt als thuiskomen. De Franse &#8216;joie de vivre&#8217; ademt door het hele landgoed: van een heerlijk glas [&hellip;]<\/p>\n","protected":false},"author":2,"featured_media":0,"parent":0,"menu_order":0,"comment_status":"closed","ping_status":"closed","template":"","meta":{"_breakdance_hide_in_design_set":false,"_breakdance_tags":"","footnotes":""},"categories":[],"tags":[39,40,51,61,100,65,49,101,72,42,41,56,55,48,15,20],"class_list":["post-182099","page","type-page","status-publish","hentry","tag-bed-and-breakfast","tag-bijzonder-overnachten","tag-bijzonder-vergaderen","tag-eten","tag-heidag","tag-heidetuin","tag-heisessie","tag-lunch","tag-ontbijt","tag-overnachten-in-brabant","tag-slapen-op-de-brabantse-wal","tag-training","tag-trainingen","tag-vergaderen-2","tag-villa","tag-villa-heidetuin-2"],"_links":{"self":[{"href":"https:\/\/villaheidetuin.eu\/de\/wp-json\/wp\/v2\/pages\/182099","targetHints":{"allow":["GET"]}}],"collection":[{"href":"https:\/\/villaheidetuin.eu\/de\/wp-json\/wp\/v2\/pages"}],"about":[{"href":"https:\/\/villaheidetuin.eu\/de\/wp-json\/wp\/v2\/types\/page"}],"author":[{"embeddable":true,"href":"https:\/\/villaheidetuin.eu\/de\/wp-json\/wp\/v2\/users\/2"}],"replies":[{"embeddable":true,"href":"https:\/\/villaheidetuin.eu\/de\/wp-json\/wp\/v2\/comments?post=182099"}],"version-history":[{"count":14,"href":"https:\/\/villaheidetuin.eu\/de\/wp-json\/wp\/v2\/pages\/182099\/revisions"}],"predecessor-version":[{"id":183563,"href":"https:\/\/villaheidetuin.eu\/de\/wp-json\/wp\/v2\/pages\/182099\/revisions\/183563"}],"wp:attachment":[{"href":"https:\/\/villaheidetuin.eu\/de\/wp-json\/wp\/v2\/media?parent=182099"}],"wp:term":[{"taxonomy":"category","embeddable":true,"href":"https:\/\/villaheidetuin.eu\/de\/wp-json\/wp\/v2\/categories?post=182099"},{"taxonomy":"post_tag","embeddable":true,"href":"https:\/\/villaheidetuin.eu\/de\/wp-json\/wp\/v2\/tags?post=182099"}],"curies":[{"name":"wp","href":"https:\/\/api.w.org\/{rel}","templated":true}]}}